{"id":4879,"date":"2025-03-10T05:59:42","date_gmt":"2025-03-10T05:59:42","guid":{"rendered":"https:\/\/www.hedesign.com\/product\/chela\/"},"modified":"2025-03-10T05:59:42","modified_gmt":"2025-03-10T05:59:42","slug":"chela","status":"publish","type":"product","link":"https:\/\/www.hedesign.com\/de\/product\/chela\/","title":{"rendered":"CHELA"},"content":{"rendered":"<p>Der Stuhl Chela bietet mit seiner schlanken, hohen R\u00fcckenlehne und seiner pr\u00e4zisen Verarbeitung enormen Luxus und ergonomische Unterst\u00fctzung. Der weiche, strukturierte Stoff verleiht jedem Raum eine warme Atmosph\u00e4re und sorgt f\u00fcr Entspannung. Die geschwungenen Armlehnen und die geformte R\u00fcckenlehne bieten hervorragenden Halt, w\u00e4hrend die weiche Sitzfl\u00e4che f\u00fcr dauerhaften Komfort sorgt. Der Sessel ruht auf einem robusten schwarzen Metallgestell und l\u00e4sst sich problemlos um 360 Grad drehen, was f\u00fcr maximalen Komfort sorgt. Ob als Akzentstuhl im Wohnzimmer, als stilvolle Erg\u00e4nzung im B\u00fcro oder als Blickfang in der Lounge &#8211; der Chela-Stuhl ist eine harmonische Mischung aus modernem Design und hohem Komfort.<\/p>\n","protected":false},"excerpt":{"rendered":"<p>Der Chela ist ein raffinierter Loungesessel mit hoher R\u00fcckenlehne, der sowohl Komfort als auch Eleganz ausstrahlt. Er ist mit einem reichhaltigen, strukturierten Stoff in einem warmen Braunton gepolstert und verf\u00fcgt \u00fcber weiche Kissen, geformte Armlehnen und ein markantes Wingback-Design. Das robuste schwarze Metallgestell bietet Stabilit\u00e4t und eine 360-Grad-Drehfunktion, was ihn zu einer perfekten Erg\u00e4nzung f\u00fcr moderne Wohnr\u00e4ume, B\u00fcros oder gem\u00fctliche Leseecken macht.<\/p>\n","protected":false},"featured_media":4880,"comment_status":"open","ping_status":"closed","template":"","meta":[],"product_brand":[],"product_cat":[122],"product_tag":[],"class_list":{"0":"post-4879","1":"product","2":"type-product","3":"status-publish","4":"has-post-thumbnail","6":"product_cat-liegestuhle","8":"first","9":"instock","10":"shipping-taxable","11":"product-type-simple"},"yoast_head":"<!-- This site is optimized with the Yoast SEO plugin v27.0 - https:\/\/yoast.com\/product\/yoast-seo-wordpress\/ -->\n<title>CHELA - HEDES\u0130GN-HEDESIGN<\/title>\n<meta name=\"robots\" content=\"index, follow, max-snippet:-1, max-image-preview:large, max-video-preview:-1\" \/>\n<link rel=\"canonical\" href=\"https:\/\/www.hedesign.com\/de\/product\/chela\/\" \/>\n<meta property=\"og:locale\" content=\"de_DE\" \/>\n<meta property=\"og:type\" content=\"article\" \/>\n<meta property=\"og:title\" content=\"CHELA - HEDES\u0130GN-HEDESIGN\" \/>\n<meta property=\"og:description\" content=\"Der Chela ist ein raffinierter Loungesessel mit hoher R\u00fcckenlehne, der sowohl Komfort als auch Eleganz ausstrahlt. Er ist mit einem reichhaltigen, strukturierten Stoff in einem warmen Braunton gepolstert und verf\u00fcgt \u00fcber weiche Kissen, geformte Armlehnen und ein markantes Wingback-Design. Das robuste schwarze Metallgestell bietet Stabilit\u00e4t und eine 360-Grad-Drehfunktion, was ihn zu einer perfekten Erg\u00e4nzung f\u00fcr moderne Wohnr\u00e4ume, B\u00fcros oder gem\u00fctliche Leseecken macht.\" \/>\n<meta property=\"og:url\" content=\"https:\/\/www.hedesign.com\/de\/product\/chela\/\" \/>\n<meta property=\"og:site_name\" content=\"HEDES\u0130GN-HEDESIGN\" \/>\n<meta property=\"og:image\" content=\"https:\/\/www.hedesign.com\/wp-content\/uploads\/2025\/03\/CHELA-scaled.jpg\" \/>\n\t<meta property=\"og:image:width\" content=\"1706\" \/>\n\t<meta property=\"og:image:height\" content=\"2560\" \/>\n\t<meta property=\"og:image:type\" content=\"image\/jpeg\" \/>\n<meta name=\"twitter:card\" content=\"summary_large_image\" \/>\n<meta name=\"twitter:label1\" content=\"Gesch\u00e4tzte Lesezeit\" \/>\n\t<meta name=\"twitter:data1\" content=\"1\u00a0Minute\" \/>\n<script type=\"application\/ld+json\" class=\"yoast-schema-graph\">{\"@context\":\"https:\/\/schema.org\",\"@graph\":[{\"@type\":\"WebPage\",\"@id\":\"https:\/\/www.hedesign.com\/de\/product\/chela\/\",\"url\":\"https:\/\/www.hedesign.com\/de\/product\/chela\/\",\"name\":\"CHELA - HEDES\u0130GN-HEDESIGN\",\"isPartOf\":{\"@id\":\"https:\/\/www.hedesign.com\/#website\"},\"primaryImageOfPage\":{\"@id\":\"https:\/\/www.hedesign.com\/de\/product\/chela\/#primaryimage\"},\"image\":{\"@id\":\"https:\/\/www.hedesign.com\/de\/product\/chela\/#primaryimage\"},\"thumbnailUrl\":\"https:\/\/www.hedesign.com\/wp-content\/uploads\/2025\/03\/CHELA-scaled.jpg\",\"datePublished\":\"2025-03-10T05:59:42+00:00\",\"breadcrumb\":{\"@id\":\"https:\/\/www.hedesign.com\/de\/product\/chela\/#breadcrumb\"},\"inLanguage\":\"de\",\"potentialAction\":[{\"@type\":\"ReadAction\",\"target\":[\"https:\/\/www.hedesign.com\/de\/product\/chela\/\"]}]},{\"@type\":\"ImageObject\",\"inLanguage\":\"de\",\"@id\":\"https:\/\/www.hedesign.com\/de\/product\/chela\/#primaryimage\",\"url\":\"https:\/\/www.hedesign.com\/wp-content\/uploads\/2025\/03\/CHELA-scaled.jpg\",\"contentUrl\":\"https:\/\/www.hedesign.com\/wp-content\/uploads\/2025\/03\/CHELA-scaled.jpg\",\"width\":1706,\"height\":2560},{\"@type\":\"BreadcrumbList\",\"@id\":\"https:\/\/www.hedesign.com\/de\/product\/chela\/#breadcrumb\",\"itemListElement\":[{\"@type\":\"ListItem\",\"position\":1,\"name\":\"Startseite\",\"item\":\"https:\/\/www.hedesign.com\/en\/\"},{\"@type\":\"ListItem\",\"position\":2,\"name\":\"Products\",\"item\":\"https:\/\/www.hedesign.com\/shop\/\"},{\"@type\":\"ListItem\",\"position\":3,\"name\":\"CHELA\"}]},{\"@type\":\"WebSite\",\"@id\":\"https:\/\/www.hedesign.com\/#website\",\"url\":\"https:\/\/www.hedesign.com\/\",\"name\":\"HEDES\u0130GN-HEDESIGN\",\"description\":\"\",\"publisher\":{\"@id\":\"https:\/\/www.hedesign.com\/#organization\"},\"potentialAction\":[{\"@type\":\"SearchAction\",\"target\":{\"@type\":\"EntryPoint\",\"urlTemplate\":\"https:\/\/www.hedesign.com\/?s={search_term_string}\"},\"query-input\":{\"@type\":\"PropertyValueSpecification\",\"valueRequired\":true,\"valueName\":\"search_term_string\"}}],\"inLanguage\":\"de\"},{\"@type\":\"Organization\",\"@id\":\"https:\/\/www.hedesign.com\/#organization\",\"name\":\"HEDES\u0130GN-HEDESIGN\",\"url\":\"https:\/\/www.hedesign.com\/\",\"logo\":{\"@type\":\"ImageObject\",\"inLanguage\":\"de\",\"@id\":\"https:\/\/www.hedesign.com\/#\/schema\/logo\/image\/\",\"url\":\"https:\/\/www.hedesign.com\/wp-content\/uploads\/2025\/03\/site-logo.png\",\"contentUrl\":\"https:\/\/www.hedesign.com\/wp-content\/uploads\/2025\/03\/site-logo.png\",\"width\":491,\"height\":508,\"caption\":\"HEDES\u0130GN-HEDESIGN\"},\"image\":{\"@id\":\"https:\/\/www.hedesign.com\/#\/schema\/logo\/image\/\"}}]}<\/script>\n<!-- \/ Yoast SEO plugin. -->","yoast_head_json":{"title":"CHELA - HEDES\u0130GN-HEDESIGN","robots":{"index":"index","follow":"follow","max-snippet":"max-snippet:-1","max-image-preview":"max-image-preview:large","max-video-preview":"max-video-preview:-1"},"canonical":"https:\/\/www.hedesign.com\/de\/product\/chela\/","og_locale":"de_DE","og_type":"article","og_title":"CHELA - HEDES\u0130GN-HEDESIGN","og_description":"Der Chela ist ein raffinierter Loungesessel mit hoher R\u00fcckenlehne, der sowohl Komfort als auch Eleganz ausstrahlt. Er ist mit einem reichhaltigen, strukturierten Stoff in einem warmen Braunton gepolstert und verf\u00fcgt \u00fcber weiche Kissen, geformte Armlehnen und ein markantes Wingback-Design. Das robuste schwarze Metallgestell bietet Stabilit\u00e4t und eine 360-Grad-Drehfunktion, was ihn zu einer perfekten Erg\u00e4nzung f\u00fcr moderne Wohnr\u00e4ume, B\u00fcros oder gem\u00fctliche Leseecken macht.","og_url":"https:\/\/www.hedesign.com\/de\/product\/chela\/","og_site_name":"HEDES\u0130GN-HEDESIGN","og_image":[{"width":1706,"height":2560,"url":"https:\/\/www.hedesign.com\/wp-content\/uploads\/2025\/03\/CHELA-scaled.jpg","type":"image\/jpeg"}],"twitter_card":"summary_large_image","twitter_misc":{"Gesch\u00e4tzte Lesezeit":"1\u00a0Minute"},"schema":{"@context":"https:\/\/schema.org","@graph":[{"@type":"WebPage","@id":"https:\/\/www.hedesign.com\/de\/product\/chela\/","url":"https:\/\/www.hedesign.com\/de\/product\/chela\/","name":"CHELA - HEDES\u0130GN-HEDESIGN","isPartOf":{"@id":"https:\/\/www.hedesign.com\/#website"},"primaryImageOfPage":{"@id":"https:\/\/www.hedesign.com\/de\/product\/chela\/#primaryimage"},"image":{"@id":"https:\/\/www.hedesign.com\/de\/product\/chela\/#primaryimage"},"thumbnailUrl":"https:\/\/www.hedesign.com\/wp-content\/uploads\/2025\/03\/CHELA-scaled.jpg","datePublished":"2025-03-10T05:59:42+00:00","breadcrumb":{"@id":"https:\/\/www.hedesign.com\/de\/product\/chela\/#breadcrumb"},"inLanguage":"de","potentialAction":[{"@type":"ReadAction","target":["https:\/\/www.hedesign.com\/de\/product\/chela\/"]}]},{"@type":"ImageObject","inLanguage":"de","@id":"https:\/\/www.hedesign.com\/de\/product\/chela\/#primaryimage","url":"https:\/\/www.hedesign.com\/wp-content\/uploads\/2025\/03\/CHELA-scaled.jpg","contentUrl":"https:\/\/www.hedesign.com\/wp-content\/uploads\/2025\/03\/CHELA-scaled.jpg","width":1706,"height":2560},{"@type":"BreadcrumbList","@id":"https:\/\/www.hedesign.com\/de\/product\/chela\/#breadcrumb","itemListElement":[{"@type":"ListItem","position":1,"name":"Startseite","item":"https:\/\/www.hedesign.com\/en\/"},{"@type":"ListItem","position":2,"name":"Products","item":"https:\/\/www.hedesign.com\/shop\/"},{"@type":"ListItem","position":3,"name":"CHELA"}]},{"@type":"WebSite","@id":"https:\/\/www.hedesign.com\/#website","url":"https:\/\/www.hedesign.com\/","name":"HEDES\u0130GN-HEDESIGN","description":"","publisher":{"@id":"https:\/\/www.hedesign.com\/#organization"},"potentialAction":[{"@type":"SearchAction","target":{"@type":"EntryPoint","urlTemplate":"https:\/\/www.hedesign.com\/?s={search_term_string}"},"query-input":{"@type":"PropertyValueSpecification","valueRequired":true,"valueName":"search_term_string"}}],"inLanguage":"de"},{"@type":"Organization","@id":"https:\/\/www.hedesign.com\/#organization","name":"HEDES\u0130GN-HEDESIGN","url":"https:\/\/www.hedesign.com\/","logo":{"@type":"ImageObject","inLanguage":"de","@id":"https:\/\/www.hedesign.com\/#\/schema\/logo\/image\/","url":"https:\/\/www.hedesign.com\/wp-content\/uploads\/2025\/03\/site-logo.png","contentUrl":"https:\/\/www.hedesign.com\/wp-content\/uploads\/2025\/03\/site-logo.png","width":491,"height":508,"caption":"HEDES\u0130GN-HEDESIGN"},"image":{"@id":"https:\/\/www.hedesign.com\/#\/schema\/logo\/image\/"}}]}},"_links":{"self":[{"href":"https:\/\/www.hedesign.com\/de\/wp-json\/wp\/v2\/product\/4879","targetHints":{"allow":["GET"]}}],"collection":[{"href":"https:\/\/www.hedesign.com\/de\/wp-json\/wp\/v2\/product"}],"about":[{"href":"https:\/\/www.hedesign.com\/de\/wp-json\/wp\/v2\/types\/product"}],"replies":[{"embeddable":true,"href":"https:\/\/www.hedesign.com\/de\/wp-json\/wp\/v2\/comments?post=4879"}],"version-history":[{"count":0,"href":"https:\/\/www.hedesign.com\/de\/wp-json\/wp\/v2\/product\/4879\/revisions"}],"wp:featuredmedia":[{"embeddable":true,"href":"https:\/\/www.hedesign.com\/de\/wp-json\/wp\/v2\/media\/4880"}],"wp:attachment":[{"href":"https:\/\/www.hedesign.com\/de\/wp-json\/wp\/v2\/media?parent=4879"}],"wp:term":[{"taxonomy":"product_brand","embeddable":true,"href":"https:\/\/www.hedesign.com\/de\/wp-json\/wp\/v2\/product_brand?post=4879"},{"taxonomy":"product_cat","embeddable":true,"href":"https:\/\/www.hedesign.com\/de\/wp-json\/wp\/v2\/product_cat?post=4879"},{"taxonomy":"product_tag","embeddable":true,"href":"https:\/\/www.hedesign.com\/de\/wp-json\/wp\/v2\/product_tag?post=4879"}],"curies":[{"name":"wp","href":"https:\/\/api.w.org\/{rel}","templated":true}]}}