{"id":4888,"date":"2025-03-10T05:57:18","date_gmt":"2025-03-10T05:57:18","guid":{"rendered":"https:\/\/www.hedesign.com\/product\/alita\/"},"modified":"2025-03-10T05:57:18","modified_gmt":"2025-03-10T05:57:18","slug":"alita","status":"publish","type":"product","link":"https:\/\/www.hedesign.com\/de\/product\/alita\/","title":{"rendered":"ALITA"},"content":{"rendered":"<p>Der Sessel Alita ist ein luxuri\u00f6ser, drehbarer Loungesessel mit hoher R\u00fcckenlehne, der maximalen Komfort und \u00c4sthetik bietet. Mit seiner geformten R\u00fcckenlehne bietet er eine hervorragende Unterst\u00fctzung f\u00fcr R\u00fccken, Schultern und Kopf. Die weiche, strukturierte Stoffpolsterung sorgt f\u00fcr Stil und Gem\u00fctlichkeit, w\u00e4hrend die sanft geschwungenen Armlehnen f\u00fcr zus\u00e4tzliche Entspannung sorgen. Das robuste schwarze Metallgestell sorgt nicht nur f\u00fcr Langlebigkeit, sondern l\u00e4sst sich auch um 360 Grad drehen, was f\u00fcr Komfort und Funktionalit\u00e4t sorgt. Ob im Wohnzimmer, im Arbeitszimmer oder in der Leseecke &#8211; der Alita-Sessel ist eine raffinierte und komfortable Erg\u00e4nzung f\u00fcr jeden modernen Raum.<\/p>\n","protected":false},"excerpt":{"rendered":"<p>Der Alita ist ein eleganter und moderner Hochlehner-Drehstuhl mit weicher, strukturierter Polsterung in einem neutralen Farbton. Mit seinem ergonomischen Design, den geschwungenen Armlehnen und den weichen Polstern bietet er h\u00f6chsten Komfort und Stil. Das robuste schwarze Metallgestell sorgt f\u00fcr Stabilit\u00e4t und eine reibungslose 360-Grad-Drehfunktion, wodurch er sich perfekt f\u00fcr moderne Wohnr\u00e4ume oder B\u00fcroumgebungen eignet.<\/p>\n","protected":false},"featured_media":4889,"comment_status":"open","ping_status":"closed","template":"","meta":[],"product_brand":[],"product_cat":[122],"product_tag":[],"class_list":{"0":"post-4888","1":"product","2":"type-product","3":"status-publish","4":"has-post-thumbnail","6":"product_cat-liegestuhle","8":"first","9":"instock","10":"shipping-taxable","11":"product-type-simple"},"yoast_head":"<!-- This site is optimized with the Yoast SEO plugin v27.0 - https:\/\/yoast.com\/product\/yoast-seo-wordpress\/ -->\n<title>ALITA - HEDES\u0130GN-HEDESIGN<\/title>\n<meta name=\"robots\" content=\"index, follow, max-snippet:-1, max-image-preview:large, max-video-preview:-1\" \/>\n<link rel=\"canonical\" href=\"https:\/\/www.hedesign.com\/product\/alita\/\" \/>\n<meta property=\"og:locale\" content=\"de_DE\" \/>\n<meta property=\"og:type\" content=\"article\" \/>\n<meta property=\"og:title\" content=\"ALITA - HEDES\u0130GN-HEDESIGN\" \/>\n<meta property=\"og:description\" content=\"Der Alita ist ein eleganter und moderner Hochlehner-Drehstuhl mit weicher, strukturierter Polsterung in einem neutralen Farbton. Mit seinem ergonomischen Design, den geschwungenen Armlehnen und den weichen Polstern bietet er h\u00f6chsten Komfort und Stil. Das robuste schwarze Metallgestell sorgt f\u00fcr Stabilit\u00e4t und eine reibungslose 360-Grad-Drehfunktion, wodurch er sich perfekt f\u00fcr moderne Wohnr\u00e4ume oder B\u00fcroumgebungen eignet.\" \/>\n<meta property=\"og:url\" content=\"https:\/\/www.hedesign.com\/product\/alita\/\" \/>\n<meta property=\"og:site_name\" content=\"HEDES\u0130GN-HEDESIGN\" \/>\n<meta name=\"twitter:card\" content=\"summary_large_image\" \/>\n<meta name=\"twitter:label1\" content=\"Gesch\u00e4tzte Lesezeit\" \/>\n\t<meta name=\"twitter:data1\" content=\"1\u00a0Minute\" \/>\n<script type=\"application\/ld+json\" class=\"yoast-schema-graph\">{\"@context\":\"https:\/\/schema.org\",\"@graph\":[{\"@type\":\"WebPage\",\"@id\":\"https:\/\/www.hedesign.com\/product\/alita\/\",\"url\":\"https:\/\/www.hedesign.com\/product\/alita\/\",\"name\":\"ALITA - HEDES\u0130GN-HEDESIGN\",\"isPartOf\":{\"@id\":\"https:\/\/www.hedesign.com\/#website\"},\"primaryImageOfPage\":{\"@id\":\"https:\/\/www.hedesign.com\/product\/alita\/#primaryimage\"},\"image\":{\"@id\":\"https:\/\/www.hedesign.com\/product\/alita\/#primaryimage\"},\"thumbnailUrl\":\"https:\/\/www.hedesign.com\/wp-content\/uploads\/2025\/03\/ALITA-scaled.jpg\",\"datePublished\":\"2025-03-10T05:57:18+00:00\",\"breadcrumb\":{\"@id\":\"https:\/\/www.hedesign.com\/product\/alita\/#breadcrumb\"},\"inLanguage\":\"de\",\"potentialAction\":[{\"@type\":\"ReadAction\",\"target\":[\"https:\/\/www.hedesign.com\/product\/alita\/\"]}]},{\"@type\":\"ImageObject\",\"inLanguage\":\"de\",\"@id\":\"https:\/\/www.hedesign.com\/product\/alita\/#primaryimage\",\"url\":\"https:\/\/www.hedesign.com\/wp-content\/uploads\/2025\/03\/ALITA-scaled.jpg\",\"contentUrl\":\"https:\/\/www.hedesign.com\/wp-content\/uploads\/2025\/03\/ALITA-scaled.jpg\",\"width\":1706,\"height\":2560},{\"@type\":\"BreadcrumbList\",\"@id\":\"https:\/\/www.hedesign.com\/product\/alita\/#breadcrumb\",\"itemListElement\":[{\"@type\":\"ListItem\",\"position\":1,\"name\":\"Startseite\",\"item\":\"https:\/\/www.hedesign.com\/en\/\"},{\"@type\":\"ListItem\",\"position\":2,\"name\":\"Products\",\"item\":\"https:\/\/www.hedesign.com\/shop\/\"},{\"@type\":\"ListItem\",\"position\":3,\"name\":\"ALITA\"}]},{\"@type\":\"WebSite\",\"@id\":\"https:\/\/www.hedesign.com\/#website\",\"url\":\"https:\/\/www.hedesign.com\/\",\"name\":\"HEDES\u0130GN-HEDESIGN\",\"description\":\"\",\"publisher\":{\"@id\":\"https:\/\/www.hedesign.com\/#organization\"},\"potentialAction\":[{\"@type\":\"SearchAction\",\"target\":{\"@type\":\"EntryPoint\",\"urlTemplate\":\"https:\/\/www.hedesign.com\/?s={search_term_string}\"},\"query-input\":{\"@type\":\"PropertyValueSpecification\",\"valueRequired\":true,\"valueName\":\"search_term_string\"}}],\"inLanguage\":\"de\"},{\"@type\":\"Organization\",\"@id\":\"https:\/\/www.hedesign.com\/#organization\",\"name\":\"HEDES\u0130GN-HEDESIGN\",\"url\":\"https:\/\/www.hedesign.com\/\",\"logo\":{\"@type\":\"ImageObject\",\"inLanguage\":\"de\",\"@id\":\"https:\/\/www.hedesign.com\/#\/schema\/logo\/image\/\",\"url\":\"https:\/\/www.hedesign.com\/wp-content\/uploads\/2025\/03\/site-logo.png\",\"contentUrl\":\"https:\/\/www.hedesign.com\/wp-content\/uploads\/2025\/03\/site-logo.png\",\"width\":491,\"height\":508,\"caption\":\"HEDES\u0130GN-HEDESIGN\"},\"image\":{\"@id\":\"https:\/\/www.hedesign.com\/#\/schema\/logo\/image\/\"}}]}<\/script>\n<!-- \/ Yoast SEO plugin. -->","yoast_head_json":{"title":"ALITA - HEDES\u0130GN-HEDESIGN","robots":{"index":"index","follow":"follow","max-snippet":"max-snippet:-1","max-image-preview":"max-image-preview:large","max-video-preview":"max-video-preview:-1"},"canonical":"https:\/\/www.hedesign.com\/product\/alita\/","og_locale":"de_DE","og_type":"article","og_title":"ALITA - HEDES\u0130GN-HEDESIGN","og_description":"Der Alita ist ein eleganter und moderner Hochlehner-Drehstuhl mit weicher, strukturierter Polsterung in einem neutralen Farbton. Mit seinem ergonomischen Design, den geschwungenen Armlehnen und den weichen Polstern bietet er h\u00f6chsten Komfort und Stil. Das robuste schwarze Metallgestell sorgt f\u00fcr Stabilit\u00e4t und eine reibungslose 360-Grad-Drehfunktion, wodurch er sich perfekt f\u00fcr moderne Wohnr\u00e4ume oder B\u00fcroumgebungen eignet.","og_url":"https:\/\/www.hedesign.com\/product\/alita\/","og_site_name":"HEDES\u0130GN-HEDESIGN","twitter_card":"summary_large_image","twitter_misc":{"Gesch\u00e4tzte Lesezeit":"1\u00a0Minute"},"schema":{"@context":"https:\/\/schema.org","@graph":[{"@type":"WebPage","@id":"https:\/\/www.hedesign.com\/product\/alita\/","url":"https:\/\/www.hedesign.com\/product\/alita\/","name":"ALITA - HEDES\u0130GN-HEDESIGN","isPartOf":{"@id":"https:\/\/www.hedesign.com\/#website"},"primaryImageOfPage":{"@id":"https:\/\/www.hedesign.com\/product\/alita\/#primaryimage"},"image":{"@id":"https:\/\/www.hedesign.com\/product\/alita\/#primaryimage"},"thumbnailUrl":"https:\/\/www.hedesign.com\/wp-content\/uploads\/2025\/03\/ALITA-scaled.jpg","datePublished":"2025-03-10T05:57:18+00:00","breadcrumb":{"@id":"https:\/\/www.hedesign.com\/product\/alita\/#breadcrumb"},"inLanguage":"de","potentialAction":[{"@type":"ReadAction","target":["https:\/\/www.hedesign.com\/product\/alita\/"]}]},{"@type":"ImageObject","inLanguage":"de","@id":"https:\/\/www.hedesign.com\/product\/alita\/#primaryimage","url":"https:\/\/www.hedesign.com\/wp-content\/uploads\/2025\/03\/ALITA-scaled.jpg","contentUrl":"https:\/\/www.hedesign.com\/wp-content\/uploads\/2025\/03\/ALITA-scaled.jpg","width":1706,"height":2560},{"@type":"BreadcrumbList","@id":"https:\/\/www.hedesign.com\/product\/alita\/#breadcrumb","itemListElement":[{"@type":"ListItem","position":1,"name":"Startseite","item":"https:\/\/www.hedesign.com\/en\/"},{"@type":"ListItem","position":2,"name":"Products","item":"https:\/\/www.hedesign.com\/shop\/"},{"@type":"ListItem","position":3,"name":"ALITA"}]},{"@type":"WebSite","@id":"https:\/\/www.hedesign.com\/#website","url":"https:\/\/www.hedesign.com\/","name":"HEDES\u0130GN-HEDESIGN","description":"","publisher":{"@id":"https:\/\/www.hedesign.com\/#organization"},"potentialAction":[{"@type":"SearchAction","target":{"@type":"EntryPoint","urlTemplate":"https:\/\/www.hedesign.com\/?s={search_term_string}"},"query-input":{"@type":"PropertyValueSpecification","valueRequired":true,"valueName":"search_term_string"}}],"inLanguage":"de"},{"@type":"Organization","@id":"https:\/\/www.hedesign.com\/#organization","name":"HEDES\u0130GN-HEDESIGN","url":"https:\/\/www.hedesign.com\/","logo":{"@type":"ImageObject","inLanguage":"de","@id":"https:\/\/www.hedesign.com\/#\/schema\/logo\/image\/","url":"https:\/\/www.hedesign.com\/wp-content\/uploads\/2025\/03\/site-logo.png","contentUrl":"https:\/\/www.hedesign.com\/wp-content\/uploads\/2025\/03\/site-logo.png","width":491,"height":508,"caption":"HEDES\u0130GN-HEDESIGN"},"image":{"@id":"https:\/\/www.hedesign.com\/#\/schema\/logo\/image\/"}}]}},"_links":{"self":[{"href":"https:\/\/www.hedesign.com\/de\/wp-json\/wp\/v2\/product\/4888","targetHints":{"allow":["GET"]}}],"collection":[{"href":"https:\/\/www.hedesign.com\/de\/wp-json\/wp\/v2\/product"}],"about":[{"href":"https:\/\/www.hedesign.com\/de\/wp-json\/wp\/v2\/types\/product"}],"replies":[{"embeddable":true,"href":"https:\/\/www.hedesign.com\/de\/wp-json\/wp\/v2\/comments?post=4888"}],"version-history":[{"count":0,"href":"https:\/\/www.hedesign.com\/de\/wp-json\/wp\/v2\/product\/4888\/revisions"}],"wp:featuredmedia":[{"embeddable":true,"href":"https:\/\/www.hedesign.com\/de\/wp-json\/wp\/v2\/media\/4889"}],"wp:attachment":[{"href":"https:\/\/www.hedesign.com\/de\/wp-json\/wp\/v2\/media?parent=4888"}],"wp:term":[{"taxonomy":"product_brand","embeddable":true,"href":"https:\/\/www.hedesign.com\/de\/wp-json\/wp\/v2\/product_brand?post=4888"},{"taxonomy":"product_cat","embeddable":true,"href":"https:\/\/www.hedesign.com\/de\/wp-json\/wp\/v2\/product_cat?post=4888"},{"taxonomy":"product_tag","embeddable":true,"href":"https:\/\/www.hedesign.com\/de\/wp-json\/wp\/v2\/product_tag?post=4888"}],"curies":[{"name":"wp","href":"https:\/\/api.w.org\/{rel}","templated":true}]}}