{"id":4906,"date":"2025-03-10T05:50:54","date_gmt":"2025-03-10T05:50:54","guid":{"rendered":"https:\/\/www.hedesign.com\/product\/hocker-sammy\/"},"modified":"2025-04-12T07:47:22","modified_gmt":"2025-04-12T07:47:22","slug":"hocker-sammy","status":"publish","type":"product","link":"https:\/\/www.hedesign.com\/de\/product\/hocker-sammy\/","title":{"rendered":"HOCKER SAMMY"},"content":{"rendered":"<p>Der Hocker Sammy ist ein vielseitiger und eleganter Hocker, der sich nahtlos in moderne Interieurs einf\u00fcgt. Er hat eine rechteckige, gepolsterte Sitzfl\u00e4che, die mit einem weichen, ged\u00e4mpften gr\u00fcnen Stoff bezogen ist, der einen Hauch von Raffinesse und W\u00e4rme verleiht. Das Kissen ist fest, aber bequem und eignet sich daher ideal als Ottomane, zus\u00e4tzlicher Sitzplatz oder sogar als stilvolles Akzentm\u00f6bel. Die robusten schwarzen Metallbeine haben ein schlankes, offenes Rahmendesign und bieten sowohl Haltbarkeit als auch eine moderne \u00c4sthetik. Der Hocker Sammy passt perfekt zu minimalistischen, industriellen oder skandinavischen Interieurs und ist eine schicke und praktische Erg\u00e4nzung f\u00fcr jedes Zuhause oder B\u00fcro.<\/p>\n","protected":false},"excerpt":{"rendered":"<p>Hocker Sammy ist ein moderner und minimalistischer Hocker mit einer rechteckigen, gepolsterten Sitzfl\u00e4che in einem weichen gr\u00fcnen Stoff. Der schlanke, schwarze Metallrahmen bietet Stabilit\u00e4t und einen zeitgen\u00f6ssischen Touch und macht ihn zu einer stilvollen und funktionalen Erg\u00e4nzung f\u00fcr jeden Wohnraum.<\/p>\n","protected":false},"featured_media":4907,"comment_status":"open","ping_status":"closed","template":"","meta":[],"product_brand":[],"product_cat":[123],"product_tag":[],"class_list":{"0":"post-4906","1":"product","2":"type-product","3":"status-publish","4":"has-post-thumbnail","6":"product_cat-hockers-de","8":"first","9":"instock","10":"shipping-taxable","11":"product-type-simple"},"yoast_head":"<!-- This site is optimized with the Yoast SEO plugin v27.0 - https:\/\/yoast.com\/product\/yoast-seo-wordpress\/ -->\n<title>HOCKER SAMMY - HEDES\u0130GN-HEDESIGN<\/title>\n<meta name=\"robots\" content=\"index, follow, max-snippet:-1, max-image-preview:large, max-video-preview:-1\" \/>\n<link rel=\"canonical\" href=\"https:\/\/www.hedesign.com\/de\/product\/hocker-sammy\/\" \/>\n<meta property=\"og:locale\" content=\"de_DE\" \/>\n<meta property=\"og:type\" content=\"article\" \/>\n<meta property=\"og:title\" content=\"HOCKER SAMMY - HEDES\u0130GN-HEDESIGN\" \/>\n<meta property=\"og:description\" content=\"Hocker Sammy ist ein moderner und minimalistischer Hocker mit einer rechteckigen, gepolsterten Sitzfl\u00e4che in einem weichen gr\u00fcnen Stoff. Der schlanke, schwarze Metallrahmen bietet Stabilit\u00e4t und einen zeitgen\u00f6ssischen Touch und macht ihn zu einer stilvollen und funktionalen Erg\u00e4nzung f\u00fcr jeden Wohnraum.\" \/>\n<meta property=\"og:url\" content=\"https:\/\/www.hedesign.com\/de\/product\/hocker-sammy\/\" \/>\n<meta property=\"og:site_name\" content=\"HEDES\u0130GN-HEDESIGN\" \/>\n<meta property=\"article:modified_time\" content=\"2025-04-12T07:47:22+00:00\" \/>\n<meta property=\"og:image\" content=\"https:\/\/www.hedesign.com\/wp-content\/uploads\/2025\/03\/HOCKER-SAMMY-2-scaled.jpg\" \/>\n\t<meta property=\"og:image:width\" content=\"2560\" \/>\n\t<meta property=\"og:image:height\" content=\"2560\" \/>\n\t<meta property=\"og:image:type\" content=\"image\/jpeg\" \/>\n<meta name=\"twitter:card\" content=\"summary_large_image\" \/>\n<meta name=\"twitter:label1\" content=\"Gesch\u00e4tzte Lesezeit\" \/>\n\t<meta name=\"twitter:data1\" content=\"1\u00a0Minute\" \/>\n<script type=\"application\/ld+json\" class=\"yoast-schema-graph\">{\"@context\":\"https:\/\/schema.org\",\"@graph\":[{\"@type\":\"WebPage\",\"@id\":\"https:\/\/www.hedesign.com\/de\/product\/hocker-sammy\/\",\"url\":\"https:\/\/www.hedesign.com\/de\/product\/hocker-sammy\/\",\"name\":\"HOCKER SAMMY - HEDES\u0130GN-HEDESIGN\",\"isPartOf\":{\"@id\":\"https:\/\/www.hedesign.com\/#website\"},\"primaryImageOfPage\":{\"@id\":\"https:\/\/www.hedesign.com\/de\/product\/hocker-sammy\/#primaryimage\"},\"image\":{\"@id\":\"https:\/\/www.hedesign.com\/de\/product\/hocker-sammy\/#primaryimage\"},\"thumbnailUrl\":\"https:\/\/www.hedesign.com\/wp-content\/uploads\/2025\/03\/HOCKER-SAMMY-2-scaled.jpg\",\"datePublished\":\"2025-03-10T05:50:54+00:00\",\"dateModified\":\"2025-04-12T07:47:22+00:00\",\"breadcrumb\":{\"@id\":\"https:\/\/www.hedesign.com\/de\/product\/hocker-sammy\/#breadcrumb\"},\"inLanguage\":\"de\",\"potentialAction\":[{\"@type\":\"ReadAction\",\"target\":[\"https:\/\/www.hedesign.com\/de\/product\/hocker-sammy\/\"]}]},{\"@type\":\"ImageObject\",\"inLanguage\":\"de\",\"@id\":\"https:\/\/www.hedesign.com\/de\/product\/hocker-sammy\/#primaryimage\",\"url\":\"https:\/\/www.hedesign.com\/wp-content\/uploads\/2025\/03\/HOCKER-SAMMY-2-scaled.jpg\",\"contentUrl\":\"https:\/\/www.hedesign.com\/wp-content\/uploads\/2025\/03\/HOCKER-SAMMY-2-scaled.jpg\",\"width\":2560,\"height\":2560},{\"@type\":\"BreadcrumbList\",\"@id\":\"https:\/\/www.hedesign.com\/de\/product\/hocker-sammy\/#breadcrumb\",\"itemListElement\":[{\"@type\":\"ListItem\",\"position\":1,\"name\":\"Startseite\",\"item\":\"https:\/\/www.hedesign.com\/en\/\"},{\"@type\":\"ListItem\",\"position\":2,\"name\":\"Products\",\"item\":\"https:\/\/www.hedesign.com\/shop\/\"},{\"@type\":\"ListItem\",\"position\":3,\"name\":\"HOCKER SAMMY\"}]},{\"@type\":\"WebSite\",\"@id\":\"https:\/\/www.hedesign.com\/#website\",\"url\":\"https:\/\/www.hedesign.com\/\",\"name\":\"HEDES\u0130GN-HEDESIGN\",\"description\":\"\",\"publisher\":{\"@id\":\"https:\/\/www.hedesign.com\/#organization\"},\"potentialAction\":[{\"@type\":\"SearchAction\",\"target\":{\"@type\":\"EntryPoint\",\"urlTemplate\":\"https:\/\/www.hedesign.com\/?s={search_term_string}\"},\"query-input\":{\"@type\":\"PropertyValueSpecification\",\"valueRequired\":true,\"valueName\":\"search_term_string\"}}],\"inLanguage\":\"de\"},{\"@type\":\"Organization\",\"@id\":\"https:\/\/www.hedesign.com\/#organization\",\"name\":\"HEDES\u0130GN-HEDESIGN\",\"url\":\"https:\/\/www.hedesign.com\/\",\"logo\":{\"@type\":\"ImageObject\",\"inLanguage\":\"de\",\"@id\":\"https:\/\/www.hedesign.com\/#\/schema\/logo\/image\/\",\"url\":\"https:\/\/www.hedesign.com\/wp-content\/uploads\/2025\/03\/site-logo.png\",\"contentUrl\":\"https:\/\/www.hedesign.com\/wp-content\/uploads\/2025\/03\/site-logo.png\",\"width\":491,\"height\":508,\"caption\":\"HEDES\u0130GN-HEDESIGN\"},\"image\":{\"@id\":\"https:\/\/www.hedesign.com\/#\/schema\/logo\/image\/\"}}]}<\/script>\n<!-- \/ Yoast SEO plugin. -->","yoast_head_json":{"title":"HOCKER SAMMY - HEDES\u0130GN-HEDESIGN","robots":{"index":"index","follow":"follow","max-snippet":"max-snippet:-1","max-image-preview":"max-image-preview:large","max-video-preview":"max-video-preview:-1"},"canonical":"https:\/\/www.hedesign.com\/de\/product\/hocker-sammy\/","og_locale":"de_DE","og_type":"article","og_title":"HOCKER SAMMY - HEDES\u0130GN-HEDESIGN","og_description":"Hocker Sammy ist ein moderner und minimalistischer Hocker mit einer rechteckigen, gepolsterten Sitzfl\u00e4che in einem weichen gr\u00fcnen Stoff. Der schlanke, schwarze Metallrahmen bietet Stabilit\u00e4t und einen zeitgen\u00f6ssischen Touch und macht ihn zu einer stilvollen und funktionalen Erg\u00e4nzung f\u00fcr jeden Wohnraum.","og_url":"https:\/\/www.hedesign.com\/de\/product\/hocker-sammy\/","og_site_name":"HEDES\u0130GN-HEDESIGN","article_modified_time":"2025-04-12T07:47:22+00:00","og_image":[{"width":2560,"height":2560,"url":"https:\/\/www.hedesign.com\/wp-content\/uploads\/2025\/03\/HOCKER-SAMMY-2-scaled.jpg","type":"image\/jpeg"}],"twitter_card":"summary_large_image","twitter_misc":{"Gesch\u00e4tzte Lesezeit":"1\u00a0Minute"},"schema":{"@context":"https:\/\/schema.org","@graph":[{"@type":"WebPage","@id":"https:\/\/www.hedesign.com\/de\/product\/hocker-sammy\/","url":"https:\/\/www.hedesign.com\/de\/product\/hocker-sammy\/","name":"HOCKER SAMMY - HEDES\u0130GN-HEDESIGN","isPartOf":{"@id":"https:\/\/www.hedesign.com\/#website"},"primaryImageOfPage":{"@id":"https:\/\/www.hedesign.com\/de\/product\/hocker-sammy\/#primaryimage"},"image":{"@id":"https:\/\/www.hedesign.com\/de\/product\/hocker-sammy\/#primaryimage"},"thumbnailUrl":"https:\/\/www.hedesign.com\/wp-content\/uploads\/2025\/03\/HOCKER-SAMMY-2-scaled.jpg","datePublished":"2025-03-10T05:50:54+00:00","dateModified":"2025-04-12T07:47:22+00:00","breadcrumb":{"@id":"https:\/\/www.hedesign.com\/de\/product\/hocker-sammy\/#breadcrumb"},"inLanguage":"de","potentialAction":[{"@type":"ReadAction","target":["https:\/\/www.hedesign.com\/de\/product\/hocker-sammy\/"]}]},{"@type":"ImageObject","inLanguage":"de","@id":"https:\/\/www.hedesign.com\/de\/product\/hocker-sammy\/#primaryimage","url":"https:\/\/www.hedesign.com\/wp-content\/uploads\/2025\/03\/HOCKER-SAMMY-2-scaled.jpg","contentUrl":"https:\/\/www.hedesign.com\/wp-content\/uploads\/2025\/03\/HOCKER-SAMMY-2-scaled.jpg","width":2560,"height":2560},{"@type":"BreadcrumbList","@id":"https:\/\/www.hedesign.com\/de\/product\/hocker-sammy\/#breadcrumb","itemListElement":[{"@type":"ListItem","position":1,"name":"Startseite","item":"https:\/\/www.hedesign.com\/en\/"},{"@type":"ListItem","position":2,"name":"Products","item":"https:\/\/www.hedesign.com\/shop\/"},{"@type":"ListItem","position":3,"name":"HOCKER SAMMY"}]},{"@type":"WebSite","@id":"https:\/\/www.hedesign.com\/#website","url":"https:\/\/www.hedesign.com\/","name":"HEDES\u0130GN-HEDESIGN","description":"","publisher":{"@id":"https:\/\/www.hedesign.com\/#organization"},"potentialAction":[{"@type":"SearchAction","target":{"@type":"EntryPoint","urlTemplate":"https:\/\/www.hedesign.com\/?s={search_term_string}"},"query-input":{"@type":"PropertyValueSpecification","valueRequired":true,"valueName":"search_term_string"}}],"inLanguage":"de"},{"@type":"Organization","@id":"https:\/\/www.hedesign.com\/#organization","name":"HEDES\u0130GN-HEDESIGN","url":"https:\/\/www.hedesign.com\/","logo":{"@type":"ImageObject","inLanguage":"de","@id":"https:\/\/www.hedesign.com\/#\/schema\/logo\/image\/","url":"https:\/\/www.hedesign.com\/wp-content\/uploads\/2025\/03\/site-logo.png","contentUrl":"https:\/\/www.hedesign.com\/wp-content\/uploads\/2025\/03\/site-logo.png","width":491,"height":508,"caption":"HEDES\u0130GN-HEDESIGN"},"image":{"@id":"https:\/\/www.hedesign.com\/#\/schema\/logo\/image\/"}}]}},"_links":{"self":[{"href":"https:\/\/www.hedesign.com\/de\/wp-json\/wp\/v2\/product\/4906","targetHints":{"allow":["GET"]}}],"collection":[{"href":"https:\/\/www.hedesign.com\/de\/wp-json\/wp\/v2\/product"}],"about":[{"href":"https:\/\/www.hedesign.com\/de\/wp-json\/wp\/v2\/types\/product"}],"replies":[{"embeddable":true,"href":"https:\/\/www.hedesign.com\/de\/wp-json\/wp\/v2\/comments?post=4906"}],"version-history":[{"count":2,"href":"https:\/\/www.hedesign.com\/de\/wp-json\/wp\/v2\/product\/4906\/revisions"}],"predecessor-version":[{"id":4911,"href":"https:\/\/www.hedesign.com\/de\/wp-json\/wp\/v2\/product\/4906\/revisions\/4911"}],"wp:featuredmedia":[{"embeddable":true,"href":"https:\/\/www.hedesign.com\/de\/wp-json\/wp\/v2\/media\/4907"}],"wp:attachment":[{"href":"https:\/\/www.hedesign.com\/de\/wp-json\/wp\/v2\/media?parent=4906"}],"wp:term":[{"taxonomy":"product_brand","embeddable":true,"href":"https:\/\/www.hedesign.com\/de\/wp-json\/wp\/v2\/product_brand?post=4906"},{"taxonomy":"product_cat","embeddable":true,"href":"https:\/\/www.hedesign.com\/de\/wp-json\/wp\/v2\/product_cat?post=4906"},{"taxonomy":"product_tag","embeddable":true,"href":"https:\/\/www.hedesign.com\/de\/wp-json\/wp\/v2\/product_tag?post=4906"}],"curies":[{"name":"wp","href":"https:\/\/api.w.org\/{rel}","templated":true}]}}