{"id":4912,"date":"2025-03-10T05:49:13","date_gmt":"2025-03-10T05:49:13","guid":{"rendered":"https:\/\/www.hedesign.com\/product\/hocker-rebound\/"},"modified":"2025-03-10T05:49:13","modified_gmt":"2025-03-10T05:49:13","slug":"hocker-rebound","status":"publish","type":"product","link":"https:\/\/www.hedesign.com\/de\/product\/hocker-rebound\/","title":{"rendered":"HOCKER REBOUND"},"content":{"rendered":"<p>Der Hocker Rebound ist ein luxuri\u00f6ser und ergonomischer Hocker, der sowohl auf Komfort als auch auf \u00c4sthetik ausgelegt ist. Die Sitzfl\u00e4che ist aus hochwertigem, weichem, grauem Stoff gefertigt, der Wildleder nachempfunden ist und sich weich und einladend anf\u00fchlt. Die leicht konkave Form bietet zus\u00e4tzlichen Komfort und sorgt f\u00fcr ein entspanntes Sitzerlebnis. Die robusten schwarzen Metallbeine haben ein elegantes, geschwungenes Design, das zur Eleganz des Ganzen beitr\u00e4gt und gleichzeitig Stabilit\u00e4t und Haltbarkeit gew\u00e4hrleistet. Diese vielseitige Ottomane kann als Ottomane, zus\u00e4tzliche Sitzgelegenheit oder als dekorativer Akzent in einem modernen, minimalistischen oder industriellen Wohnbereich verwendet werden.<\/p>\n","protected":false},"excerpt":{"rendered":"<p>Der Hocker Rebound ist ein stilvoller und zeitgem\u00e4\u00dfer Ottoman mit einer weichen, gro\u00dfz\u00fcgig gepolsterten Sitzfl\u00e4che aus einem weichen, grauen, wildleder\u00e4hnlichen Stoff. Der schlanke, schwarze Metallrahmen bietet Langlebigkeit und bewahrt eine moderne, luftige \u00c4sthetik, was ihn zu einer idealen Erg\u00e4nzung f\u00fcr jede moderne oder industrielle Einrichtung macht.<\/p>\n","protected":false},"featured_media":4913,"comment_status":"open","ping_status":"closed","template":"","meta":[],"product_brand":[],"product_cat":[123],"product_tag":[],"class_list":{"0":"post-4912","1":"product","2":"type-product","3":"status-publish","4":"has-post-thumbnail","6":"product_cat-hockers-de","8":"first","9":"instock","10":"shipping-taxable","11":"product-type-simple"},"yoast_head":"<!-- This site is optimized with the Yoast SEO plugin v27.0 - https:\/\/yoast.com\/product\/yoast-seo-wordpress\/ -->\n<title>HOCKER REBOUND - HEDES\u0130GN-HEDESIGN<\/title>\n<meta name=\"robots\" content=\"index, follow, max-snippet:-1, max-image-preview:large, max-video-preview:-1\" \/>\n<link rel=\"canonical\" href=\"https:\/\/www.hedesign.com\/product\/hocker-rebound\/\" \/>\n<meta property=\"og:locale\" content=\"de_DE\" \/>\n<meta property=\"og:type\" content=\"article\" \/>\n<meta property=\"og:title\" content=\"HOCKER REBOUND - HEDES\u0130GN-HEDESIGN\" \/>\n<meta property=\"og:description\" content=\"Der Hocker Rebound ist ein stilvoller und zeitgem\u00e4\u00dfer Ottoman mit einer weichen, gro\u00dfz\u00fcgig gepolsterten Sitzfl\u00e4che aus einem weichen, grauen, wildleder\u00e4hnlichen Stoff. Der schlanke, schwarze Metallrahmen bietet Langlebigkeit und bewahrt eine moderne, luftige \u00c4sthetik, was ihn zu einer idealen Erg\u00e4nzung f\u00fcr jede moderne oder industrielle Einrichtung macht.\" \/>\n<meta property=\"og:url\" content=\"https:\/\/www.hedesign.com\/product\/hocker-rebound\/\" \/>\n<meta property=\"og:site_name\" content=\"HEDES\u0130GN-HEDESIGN\" \/>\n<meta name=\"twitter:card\" content=\"summary_large_image\" \/>\n<meta name=\"twitter:label1\" content=\"Gesch\u00e4tzte Lesezeit\" \/>\n\t<meta name=\"twitter:data1\" content=\"1\u00a0Minute\" \/>\n<script type=\"application\/ld+json\" class=\"yoast-schema-graph\">{\"@context\":\"https:\/\/schema.org\",\"@graph\":[{\"@type\":\"WebPage\",\"@id\":\"https:\/\/www.hedesign.com\/product\/hocker-rebound\/\",\"url\":\"https:\/\/www.hedesign.com\/product\/hocker-rebound\/\",\"name\":\"HOCKER REBOUND - HEDES\u0130GN-HEDESIGN\",\"isPartOf\":{\"@id\":\"https:\/\/www.hedesign.com\/#website\"},\"primaryImageOfPage\":{\"@id\":\"https:\/\/www.hedesign.com\/product\/hocker-rebound\/#primaryimage\"},\"image\":{\"@id\":\"https:\/\/www.hedesign.com\/product\/hocker-rebound\/#primaryimage\"},\"thumbnailUrl\":\"https:\/\/www.hedesign.com\/wp-content\/uploads\/2025\/03\/HOCKER-REBOUND-3-scaled.jpg\",\"datePublished\":\"2025-03-10T05:49:13+00:00\",\"breadcrumb\":{\"@id\":\"https:\/\/www.hedesign.com\/product\/hocker-rebound\/#breadcrumb\"},\"inLanguage\":\"de\",\"potentialAction\":[{\"@type\":\"ReadAction\",\"target\":[\"https:\/\/www.hedesign.com\/product\/hocker-rebound\/\"]}]},{\"@type\":\"ImageObject\",\"inLanguage\":\"de\",\"@id\":\"https:\/\/www.hedesign.com\/product\/hocker-rebound\/#primaryimage\",\"url\":\"https:\/\/www.hedesign.com\/wp-content\/uploads\/2025\/03\/HOCKER-REBOUND-3-scaled.jpg\",\"contentUrl\":\"https:\/\/www.hedesign.com\/wp-content\/uploads\/2025\/03\/HOCKER-REBOUND-3-scaled.jpg\",\"width\":2560,\"height\":2560},{\"@type\":\"BreadcrumbList\",\"@id\":\"https:\/\/www.hedesign.com\/product\/hocker-rebound\/#breadcrumb\",\"itemListElement\":[{\"@type\":\"ListItem\",\"position\":1,\"name\":\"Startseite\",\"item\":\"https:\/\/www.hedesign.com\/en\/\"},{\"@type\":\"ListItem\",\"position\":2,\"name\":\"Products\",\"item\":\"https:\/\/www.hedesign.com\/shop\/\"},{\"@type\":\"ListItem\",\"position\":3,\"name\":\"HOCKER REBOUND\"}]},{\"@type\":\"WebSite\",\"@id\":\"https:\/\/www.hedesign.com\/#website\",\"url\":\"https:\/\/www.hedesign.com\/\",\"name\":\"HEDES\u0130GN-HEDESIGN\",\"description\":\"\",\"publisher\":{\"@id\":\"https:\/\/www.hedesign.com\/#organization\"},\"potentialAction\":[{\"@type\":\"SearchAction\",\"target\":{\"@type\":\"EntryPoint\",\"urlTemplate\":\"https:\/\/www.hedesign.com\/?s={search_term_string}\"},\"query-input\":{\"@type\":\"PropertyValueSpecification\",\"valueRequired\":true,\"valueName\":\"search_term_string\"}}],\"inLanguage\":\"de\"},{\"@type\":\"Organization\",\"@id\":\"https:\/\/www.hedesign.com\/#organization\",\"name\":\"HEDES\u0130GN-HEDESIGN\",\"url\":\"https:\/\/www.hedesign.com\/\",\"logo\":{\"@type\":\"ImageObject\",\"inLanguage\":\"de\",\"@id\":\"https:\/\/www.hedesign.com\/#\/schema\/logo\/image\/\",\"url\":\"https:\/\/www.hedesign.com\/wp-content\/uploads\/2025\/03\/site-logo.png\",\"contentUrl\":\"https:\/\/www.hedesign.com\/wp-content\/uploads\/2025\/03\/site-logo.png\",\"width\":491,\"height\":508,\"caption\":\"HEDES\u0130GN-HEDESIGN\"},\"image\":{\"@id\":\"https:\/\/www.hedesign.com\/#\/schema\/logo\/image\/\"}}]}<\/script>\n<!-- \/ Yoast SEO plugin. -->","yoast_head_json":{"title":"HOCKER REBOUND - HEDES\u0130GN-HEDESIGN","robots":{"index":"index","follow":"follow","max-snippet":"max-snippet:-1","max-image-preview":"max-image-preview:large","max-video-preview":"max-video-preview:-1"},"canonical":"https:\/\/www.hedesign.com\/product\/hocker-rebound\/","og_locale":"de_DE","og_type":"article","og_title":"HOCKER REBOUND - HEDES\u0130GN-HEDESIGN","og_description":"Der Hocker Rebound ist ein stilvoller und zeitgem\u00e4\u00dfer Ottoman mit einer weichen, gro\u00dfz\u00fcgig gepolsterten Sitzfl\u00e4che aus einem weichen, grauen, wildleder\u00e4hnlichen Stoff. Der schlanke, schwarze Metallrahmen bietet Langlebigkeit und bewahrt eine moderne, luftige \u00c4sthetik, was ihn zu einer idealen Erg\u00e4nzung f\u00fcr jede moderne oder industrielle Einrichtung macht.","og_url":"https:\/\/www.hedesign.com\/product\/hocker-rebound\/","og_site_name":"HEDES\u0130GN-HEDESIGN","twitter_card":"summary_large_image","twitter_misc":{"Gesch\u00e4tzte Lesezeit":"1\u00a0Minute"},"schema":{"@context":"https:\/\/schema.org","@graph":[{"@type":"WebPage","@id":"https:\/\/www.hedesign.com\/product\/hocker-rebound\/","url":"https:\/\/www.hedesign.com\/product\/hocker-rebound\/","name":"HOCKER REBOUND - HEDES\u0130GN-HEDESIGN","isPartOf":{"@id":"https:\/\/www.hedesign.com\/#website"},"primaryImageOfPage":{"@id":"https:\/\/www.hedesign.com\/product\/hocker-rebound\/#primaryimage"},"image":{"@id":"https:\/\/www.hedesign.com\/product\/hocker-rebound\/#primaryimage"},"thumbnailUrl":"https:\/\/www.hedesign.com\/wp-content\/uploads\/2025\/03\/HOCKER-REBOUND-3-scaled.jpg","datePublished":"2025-03-10T05:49:13+00:00","breadcrumb":{"@id":"https:\/\/www.hedesign.com\/product\/hocker-rebound\/#breadcrumb"},"inLanguage":"de","potentialAction":[{"@type":"ReadAction","target":["https:\/\/www.hedesign.com\/product\/hocker-rebound\/"]}]},{"@type":"ImageObject","inLanguage":"de","@id":"https:\/\/www.hedesign.com\/product\/hocker-rebound\/#primaryimage","url":"https:\/\/www.hedesign.com\/wp-content\/uploads\/2025\/03\/HOCKER-REBOUND-3-scaled.jpg","contentUrl":"https:\/\/www.hedesign.com\/wp-content\/uploads\/2025\/03\/HOCKER-REBOUND-3-scaled.jpg","width":2560,"height":2560},{"@type":"BreadcrumbList","@id":"https:\/\/www.hedesign.com\/product\/hocker-rebound\/#breadcrumb","itemListElement":[{"@type":"ListItem","position":1,"name":"Startseite","item":"https:\/\/www.hedesign.com\/en\/"},{"@type":"ListItem","position":2,"name":"Products","item":"https:\/\/www.hedesign.com\/shop\/"},{"@type":"ListItem","position":3,"name":"HOCKER REBOUND"}]},{"@type":"WebSite","@id":"https:\/\/www.hedesign.com\/#website","url":"https:\/\/www.hedesign.com\/","name":"HEDES\u0130GN-HEDESIGN","description":"","publisher":{"@id":"https:\/\/www.hedesign.com\/#organization"},"potentialAction":[{"@type":"SearchAction","target":{"@type":"EntryPoint","urlTemplate":"https:\/\/www.hedesign.com\/?s={search_term_string}"},"query-input":{"@type":"PropertyValueSpecification","valueRequired":true,"valueName":"search_term_string"}}],"inLanguage":"de"},{"@type":"Organization","@id":"https:\/\/www.hedesign.com\/#organization","name":"HEDES\u0130GN-HEDESIGN","url":"https:\/\/www.hedesign.com\/","logo":{"@type":"ImageObject","inLanguage":"de","@id":"https:\/\/www.hedesign.com\/#\/schema\/logo\/image\/","url":"https:\/\/www.hedesign.com\/wp-content\/uploads\/2025\/03\/site-logo.png","contentUrl":"https:\/\/www.hedesign.com\/wp-content\/uploads\/2025\/03\/site-logo.png","width":491,"height":508,"caption":"HEDES\u0130GN-HEDESIGN"},"image":{"@id":"https:\/\/www.hedesign.com\/#\/schema\/logo\/image\/"}}]}},"_links":{"self":[{"href":"https:\/\/www.hedesign.com\/de\/wp-json\/wp\/v2\/product\/4912","targetHints":{"allow":["GET"]}}],"collection":[{"href":"https:\/\/www.hedesign.com\/de\/wp-json\/wp\/v2\/product"}],"about":[{"href":"https:\/\/www.hedesign.com\/de\/wp-json\/wp\/v2\/types\/product"}],"replies":[{"embeddable":true,"href":"https:\/\/www.hedesign.com\/de\/wp-json\/wp\/v2\/comments?post=4912"}],"version-history":[{"count":0,"href":"https:\/\/www.hedesign.com\/de\/wp-json\/wp\/v2\/product\/4912\/revisions"}],"wp:featuredmedia":[{"embeddable":true,"href":"https:\/\/www.hedesign.com\/de\/wp-json\/wp\/v2\/media\/4913"}],"wp:attachment":[{"href":"https:\/\/www.hedesign.com\/de\/wp-json\/wp\/v2\/media?parent=4912"}],"wp:term":[{"taxonomy":"product_brand","embeddable":true,"href":"https:\/\/www.hedesign.com\/de\/wp-json\/wp\/v2\/product_brand?post=4912"},{"taxonomy":"product_cat","embeddable":true,"href":"https:\/\/www.hedesign.com\/de\/wp-json\/wp\/v2\/product_cat?post=4912"},{"taxonomy":"product_tag","embeddable":true,"href":"https:\/\/www.hedesign.com\/de\/wp-json\/wp\/v2\/product_tag?post=4912"}],"curies":[{"name":"wp","href":"https:\/\/api.w.org\/{rel}","templated":true}]}}