{"id":4941,"date":"2025-03-10T05:40:54","date_gmt":"2025-03-10T05:40:54","guid":{"rendered":"https:\/\/www.hedesign.com\/product\/stool-maravi\/"},"modified":"2025-03-10T05:40:54","modified_gmt":"2025-03-10T05:40:54","slug":"stool-maravi","status":"publish","type":"product","link":"https:\/\/www.hedesign.com\/de\/product\/stool-maravi\/","title":{"rendered":"STOOL (MA)RAVI"},"content":{"rendered":"<p>Der Hocker (MA)Ravi vereint Komfort, Langlebigkeit und moderne \u00c4sthetik in einer vielseitigen Sitzl\u00f6sung. Der weiche Sitz ist mit einer Kombination aus weichem Stoff und Kunstleder gepolstert und bietet einen einzigartigen Kontrast, der den modernen Look unterstreicht. Die ergonomische, leicht gebogene Sitzfl\u00e4che bietet hervorragenden Halt und eignet sich ideal als Ottomane, zus\u00e4tzliche Sitzgelegenheit oder stilvolles Dekorationselement.<\/p>\n<p>Die Ottomane wird von einem stabilen schwarzen Metallsockel mit gekreuzten Beinen getragen, der f\u00fcr Stabilit\u00e4t sorgt und gleichzeitig ein klares, minimalistisches Aussehen bewahrt. Ob im Wohnzimmer, B\u00fcro oder Schlafzimmer, der Hocker (MA)Ravi verleiht jedem Raum Eleganz und Funktionalit\u00e4t. Kombinieren Sie ihn mit einem passenden Loungesessel f\u00fcr eine koordinierte Inneneinrichtung.<\/p>\n","protected":false},"excerpt":{"rendered":"<p>Der Hocker (MA)Ravi ist ein stilvoller und funktioneller Hocker mit einer zweifarbig gepolsterten Sitzfl\u00e4che mit weichem Stoff und Kunstleder. Das moderne Design wird von einem stabilen Kreuzfu\u00df aus schwarzem Metall gest\u00fctzt, was ihn zu einem perfekten Akzentobjekt f\u00fcr zeitgen\u00f6ssische und minimalistische Innenr\u00e4ume macht.<\/p>\n","protected":false},"featured_media":4942,"comment_status":"open","ping_status":"closed","template":"","meta":[],"product_brand":[],"product_cat":[123],"product_tag":[],"class_list":{"0":"post-4941","1":"product","2":"type-product","3":"status-publish","4":"has-post-thumbnail","6":"product_cat-hockers-de","8":"first","9":"instock","10":"shipping-taxable","11":"product-type-simple"},"yoast_head":"<!-- This site is optimized with the Yoast SEO plugin v27.0 - https:\/\/yoast.com\/product\/yoast-seo-wordpress\/ -->\n<title>STOOL (MA)RAVI - HEDES\u0130GN-HEDESIGN<\/title>\n<meta name=\"robots\" content=\"index, follow, max-snippet:-1, max-image-preview:large, max-video-preview:-1\" \/>\n<link rel=\"canonical\" href=\"https:\/\/www.hedesign.com\/product\/stool-maravi\/\" \/>\n<meta property=\"og:locale\" content=\"de_DE\" \/>\n<meta property=\"og:type\" content=\"article\" \/>\n<meta property=\"og:title\" content=\"STOOL (MA)RAVI - HEDES\u0130GN-HEDESIGN\" \/>\n<meta property=\"og:description\" content=\"Der Hocker (MA)Ravi ist ein stilvoller und funktioneller Hocker mit einer zweifarbig gepolsterten Sitzfl\u00e4che mit weichem Stoff und Kunstleder. Das moderne Design wird von einem stabilen Kreuzfu\u00df aus schwarzem Metall gest\u00fctzt, was ihn zu einem perfekten Akzentobjekt f\u00fcr zeitgen\u00f6ssische und minimalistische Innenr\u00e4ume macht.\" \/>\n<meta property=\"og:url\" content=\"https:\/\/www.hedesign.com\/product\/stool-maravi\/\" \/>\n<meta property=\"og:site_name\" content=\"HEDES\u0130GN-HEDESIGN\" \/>\n<meta name=\"twitter:card\" content=\"summary_large_image\" \/>\n<meta name=\"twitter:label1\" content=\"Gesch\u00e4tzte Lesezeit\" \/>\n\t<meta name=\"twitter:data1\" content=\"1\u00a0Minute\" \/>\n<script type=\"application\/ld+json\" class=\"yoast-schema-graph\">{\"@context\":\"https:\/\/schema.org\",\"@graph\":[{\"@type\":\"WebPage\",\"@id\":\"https:\/\/www.hedesign.com\/product\/stool-maravi\/\",\"url\":\"https:\/\/www.hedesign.com\/product\/stool-maravi\/\",\"name\":\"STOOL (MA)RAVI - HEDES\u0130GN-HEDESIGN\",\"isPartOf\":{\"@id\":\"https:\/\/www.hedesign.com\/#website\"},\"primaryImageOfPage\":{\"@id\":\"https:\/\/www.hedesign.com\/product\/stool-maravi\/#primaryimage\"},\"image\":{\"@id\":\"https:\/\/www.hedesign.com\/product\/stool-maravi\/#primaryimage\"},\"thumbnailUrl\":\"https:\/\/www.hedesign.com\/wp-content\/uploads\/2025\/03\/HOCKER-MARAVI-scaled.jpg\",\"datePublished\":\"2025-03-10T05:40:54+00:00\",\"breadcrumb\":{\"@id\":\"https:\/\/www.hedesign.com\/product\/stool-maravi\/#breadcrumb\"},\"inLanguage\":\"de\",\"potentialAction\":[{\"@type\":\"ReadAction\",\"target\":[\"https:\/\/www.hedesign.com\/product\/stool-maravi\/\"]}]},{\"@type\":\"ImageObject\",\"inLanguage\":\"de\",\"@id\":\"https:\/\/www.hedesign.com\/product\/stool-maravi\/#primaryimage\",\"url\":\"https:\/\/www.hedesign.com\/wp-content\/uploads\/2025\/03\/HOCKER-MARAVI-scaled.jpg\",\"contentUrl\":\"https:\/\/www.hedesign.com\/wp-content\/uploads\/2025\/03\/HOCKER-MARAVI-scaled.jpg\",\"width\":1706,\"height\":2560},{\"@type\":\"BreadcrumbList\",\"@id\":\"https:\/\/www.hedesign.com\/product\/stool-maravi\/#breadcrumb\",\"itemListElement\":[{\"@type\":\"ListItem\",\"position\":1,\"name\":\"Startseite\",\"item\":\"https:\/\/www.hedesign.com\/en\/\"},{\"@type\":\"ListItem\",\"position\":2,\"name\":\"Products\",\"item\":\"https:\/\/www.hedesign.com\/shop\/\"},{\"@type\":\"ListItem\",\"position\":3,\"name\":\"STOOL (MA)RAVI\"}]},{\"@type\":\"WebSite\",\"@id\":\"https:\/\/www.hedesign.com\/#website\",\"url\":\"https:\/\/www.hedesign.com\/\",\"name\":\"HEDES\u0130GN-HEDESIGN\",\"description\":\"\",\"publisher\":{\"@id\":\"https:\/\/www.hedesign.com\/#organization\"},\"potentialAction\":[{\"@type\":\"SearchAction\",\"target\":{\"@type\":\"EntryPoint\",\"urlTemplate\":\"https:\/\/www.hedesign.com\/?s={search_term_string}\"},\"query-input\":{\"@type\":\"PropertyValueSpecification\",\"valueRequired\":true,\"valueName\":\"search_term_string\"}}],\"inLanguage\":\"de\"},{\"@type\":\"Organization\",\"@id\":\"https:\/\/www.hedesign.com\/#organization\",\"name\":\"HEDES\u0130GN-HEDESIGN\",\"url\":\"https:\/\/www.hedesign.com\/\",\"logo\":{\"@type\":\"ImageObject\",\"inLanguage\":\"de\",\"@id\":\"https:\/\/www.hedesign.com\/#\/schema\/logo\/image\/\",\"url\":\"https:\/\/www.hedesign.com\/wp-content\/uploads\/2025\/03\/site-logo.png\",\"contentUrl\":\"https:\/\/www.hedesign.com\/wp-content\/uploads\/2025\/03\/site-logo.png\",\"width\":491,\"height\":508,\"caption\":\"HEDES\u0130GN-HEDESIGN\"},\"image\":{\"@id\":\"https:\/\/www.hedesign.com\/#\/schema\/logo\/image\/\"}}]}<\/script>\n<!-- \/ Yoast SEO plugin. -->","yoast_head_json":{"title":"STOOL (MA)RAVI - HEDES\u0130GN-HEDESIGN","robots":{"index":"index","follow":"follow","max-snippet":"max-snippet:-1","max-image-preview":"max-image-preview:large","max-video-preview":"max-video-preview:-1"},"canonical":"https:\/\/www.hedesign.com\/product\/stool-maravi\/","og_locale":"de_DE","og_type":"article","og_title":"STOOL (MA)RAVI - HEDES\u0130GN-HEDESIGN","og_description":"Der Hocker (MA)Ravi ist ein stilvoller und funktioneller Hocker mit einer zweifarbig gepolsterten Sitzfl\u00e4che mit weichem Stoff und Kunstleder. Das moderne Design wird von einem stabilen Kreuzfu\u00df aus schwarzem Metall gest\u00fctzt, was ihn zu einem perfekten Akzentobjekt f\u00fcr zeitgen\u00f6ssische und minimalistische Innenr\u00e4ume macht.","og_url":"https:\/\/www.hedesign.com\/product\/stool-maravi\/","og_site_name":"HEDES\u0130GN-HEDESIGN","twitter_card":"summary_large_image","twitter_misc":{"Gesch\u00e4tzte Lesezeit":"1\u00a0Minute"},"schema":{"@context":"https:\/\/schema.org","@graph":[{"@type":"WebPage","@id":"https:\/\/www.hedesign.com\/product\/stool-maravi\/","url":"https:\/\/www.hedesign.com\/product\/stool-maravi\/","name":"STOOL (MA)RAVI - HEDES\u0130GN-HEDESIGN","isPartOf":{"@id":"https:\/\/www.hedesign.com\/#website"},"primaryImageOfPage":{"@id":"https:\/\/www.hedesign.com\/product\/stool-maravi\/#primaryimage"},"image":{"@id":"https:\/\/www.hedesign.com\/product\/stool-maravi\/#primaryimage"},"thumbnailUrl":"https:\/\/www.hedesign.com\/wp-content\/uploads\/2025\/03\/HOCKER-MARAVI-scaled.jpg","datePublished":"2025-03-10T05:40:54+00:00","breadcrumb":{"@id":"https:\/\/www.hedesign.com\/product\/stool-maravi\/#breadcrumb"},"inLanguage":"de","potentialAction":[{"@type":"ReadAction","target":["https:\/\/www.hedesign.com\/product\/stool-maravi\/"]}]},{"@type":"ImageObject","inLanguage":"de","@id":"https:\/\/www.hedesign.com\/product\/stool-maravi\/#primaryimage","url":"https:\/\/www.hedesign.com\/wp-content\/uploads\/2025\/03\/HOCKER-MARAVI-scaled.jpg","contentUrl":"https:\/\/www.hedesign.com\/wp-content\/uploads\/2025\/03\/HOCKER-MARAVI-scaled.jpg","width":1706,"height":2560},{"@type":"BreadcrumbList","@id":"https:\/\/www.hedesign.com\/product\/stool-maravi\/#breadcrumb","itemListElement":[{"@type":"ListItem","position":1,"name":"Startseite","item":"https:\/\/www.hedesign.com\/en\/"},{"@type":"ListItem","position":2,"name":"Products","item":"https:\/\/www.hedesign.com\/shop\/"},{"@type":"ListItem","position":3,"name":"STOOL (MA)RAVI"}]},{"@type":"WebSite","@id":"https:\/\/www.hedesign.com\/#website","url":"https:\/\/www.hedesign.com\/","name":"HEDES\u0130GN-HEDESIGN","description":"","publisher":{"@id":"https:\/\/www.hedesign.com\/#organization"},"potentialAction":[{"@type":"SearchAction","target":{"@type":"EntryPoint","urlTemplate":"https:\/\/www.hedesign.com\/?s={search_term_string}"},"query-input":{"@type":"PropertyValueSpecification","valueRequired":true,"valueName":"search_term_string"}}],"inLanguage":"de"},{"@type":"Organization","@id":"https:\/\/www.hedesign.com\/#organization","name":"HEDES\u0130GN-HEDESIGN","url":"https:\/\/www.hedesign.com\/","logo":{"@type":"ImageObject","inLanguage":"de","@id":"https:\/\/www.hedesign.com\/#\/schema\/logo\/image\/","url":"https:\/\/www.hedesign.com\/wp-content\/uploads\/2025\/03\/site-logo.png","contentUrl":"https:\/\/www.hedesign.com\/wp-content\/uploads\/2025\/03\/site-logo.png","width":491,"height":508,"caption":"HEDES\u0130GN-HEDESIGN"},"image":{"@id":"https:\/\/www.hedesign.com\/#\/schema\/logo\/image\/"}}]}},"_links":{"self":[{"href":"https:\/\/www.hedesign.com\/de\/wp-json\/wp\/v2\/product\/4941","targetHints":{"allow":["GET"]}}],"collection":[{"href":"https:\/\/www.hedesign.com\/de\/wp-json\/wp\/v2\/product"}],"about":[{"href":"https:\/\/www.hedesign.com\/de\/wp-json\/wp\/v2\/types\/product"}],"replies":[{"embeddable":true,"href":"https:\/\/www.hedesign.com\/de\/wp-json\/wp\/v2\/comments?post=4941"}],"version-history":[{"count":0,"href":"https:\/\/www.hedesign.com\/de\/wp-json\/wp\/v2\/product\/4941\/revisions"}],"wp:featuredmedia":[{"embeddable":true,"href":"https:\/\/www.hedesign.com\/de\/wp-json\/wp\/v2\/media\/4942"}],"wp:attachment":[{"href":"https:\/\/www.hedesign.com\/de\/wp-json\/wp\/v2\/media?parent=4941"}],"wp:term":[{"taxonomy":"product_brand","embeddable":true,"href":"https:\/\/www.hedesign.com\/de\/wp-json\/wp\/v2\/product_brand?post=4941"},{"taxonomy":"product_cat","embeddable":true,"href":"https:\/\/www.hedesign.com\/de\/wp-json\/wp\/v2\/product_cat?post=4941"},{"taxonomy":"product_tag","embeddable":true,"href":"https:\/\/www.hedesign.com\/de\/wp-json\/wp\/v2\/product_tag?post=4941"}],"curies":[{"name":"wp","href":"https:\/\/api.w.org\/{rel}","templated":true}]}}