{"id":4963,"date":"2025-03-10T05:42:52","date_gmt":"2025-03-10T05:42:52","guid":{"rendered":"https:\/\/www.hedesign.com\/product\/hocker-corona\/"},"modified":"2025-03-10T05:42:52","modified_gmt":"2025-03-10T05:42:52","slug":"hocker-corona","status":"publish","type":"product","link":"https:\/\/www.hedesign.com\/de\/product\/hocker-corona\/","title":{"rendered":"HOCKER CORONA"},"content":{"rendered":"<p>Der Hocker Corona ist so konzipiert, dass er jedem Interieur einen Hauch von Eleganz und Komfort verleiht. Die \u00fcppige Samtpolsterung in einem satten Braunton verleiht ihm ein luxuri\u00f6ses Gef\u00fchl, w\u00e4hrend die gepolsterte Sitzfl\u00e4che maximalen Komfort zum Entspannen bietet. Ob als Ottomane, zus\u00e4tzliche Sitzgelegenheit oder Akzentuierungselement, dieser Ottomane unterstreicht sowohl Stil als auch Funktionalit\u00e4t.<\/p>\n<p>Die robusten schwarzen Metallbeine bieten hervorragenden Halt und passen zu modernen, industriellen und zeitgen\u00f6ssischen Einrichtungsstilen. Dank seiner kompakten Gr\u00f6\u00dfe l\u00e4sst er sich leicht im Wohnzimmer, im Schlafzimmer oder im B\u00fcro aufstellen und f\u00fcgt sich nahtlos in verschiedene Umgebungen ein. Der Hocker Corona ist die perfekte Balance zwischen anspruchsvollem Design und Alltagstauglichkeit.<\/p>\n","protected":false},"excerpt":{"rendered":"<p>Der Hocker Corona ist ein eleganter und moderner Hocker mit einer weichen, samtbezogenen Sitzfl\u00e4che in einem warmen Braunton. Die minimalistischen schwarzen Metallbeine sorgen f\u00fcr Stabilit\u00e4t und eine zeitgem\u00e4\u00dfe \u00c4sthetik und machen ihn zu einer vielseitigen Erg\u00e4nzung f\u00fcr jeden Wohnbereich.<\/p>\n","protected":false},"featured_media":4965,"comment_status":"open","ping_status":"closed","template":"","meta":[],"product_brand":[],"product_cat":[123],"product_tag":[],"class_list":{"0":"post-4963","1":"product","2":"type-product","3":"status-publish","4":"has-post-thumbnail","6":"product_cat-hockers-de","8":"first","9":"instock","10":"shipping-taxable","11":"product-type-simple"},"yoast_head":"<!-- This site is optimized with the Yoast SEO plugin v27.0 - https:\/\/yoast.com\/product\/yoast-seo-wordpress\/ -->\n<title>HOCKER CORONA - HEDES\u0130GN-HEDESIGN<\/title>\n<meta name=\"robots\" content=\"index, follow, max-snippet:-1, max-image-preview:large, max-video-preview:-1\" \/>\n<link rel=\"canonical\" href=\"https:\/\/www.hedesign.com\/product\/hocker-corona\/\" \/>\n<meta property=\"og:locale\" content=\"de_DE\" \/>\n<meta property=\"og:type\" content=\"article\" \/>\n<meta property=\"og:title\" content=\"HOCKER CORONA - HEDES\u0130GN-HEDESIGN\" \/>\n<meta property=\"og:description\" content=\"Der Hocker Corona ist ein eleganter und moderner Hocker mit einer weichen, samtbezogenen Sitzfl\u00e4che in einem warmen Braunton. Die minimalistischen schwarzen Metallbeine sorgen f\u00fcr Stabilit\u00e4t und eine zeitgem\u00e4\u00dfe \u00c4sthetik und machen ihn zu einer vielseitigen Erg\u00e4nzung f\u00fcr jeden Wohnbereich.\" \/>\n<meta property=\"og:url\" content=\"https:\/\/www.hedesign.com\/product\/hocker-corona\/\" \/>\n<meta property=\"og:site_name\" content=\"HEDES\u0130GN-HEDESIGN\" \/>\n<meta name=\"twitter:card\" content=\"summary_large_image\" \/>\n<meta name=\"twitter:label1\" content=\"Gesch\u00e4tzte Lesezeit\" \/>\n\t<meta name=\"twitter:data1\" content=\"1\u00a0Minute\" \/>\n<script type=\"application\/ld+json\" class=\"yoast-schema-graph\">{\"@context\":\"https:\/\/schema.org\",\"@graph\":[{\"@type\":\"WebPage\",\"@id\":\"https:\/\/www.hedesign.com\/product\/hocker-corona\/\",\"url\":\"https:\/\/www.hedesign.com\/product\/hocker-corona\/\",\"name\":\"HOCKER CORONA - HEDES\u0130GN-HEDESIGN\",\"isPartOf\":{\"@id\":\"https:\/\/www.hedesign.com\/#website\"},\"primaryImageOfPage\":{\"@id\":\"https:\/\/www.hedesign.com\/product\/hocker-corona\/#primaryimage\"},\"image\":{\"@id\":\"https:\/\/www.hedesign.com\/product\/hocker-corona\/#primaryimage\"},\"thumbnailUrl\":\"https:\/\/www.hedesign.com\/wp-content\/uploads\/2025\/03\/HOCKER-CORONA-2-scaled.jpg\",\"datePublished\":\"2025-03-10T05:42:52+00:00\",\"breadcrumb\":{\"@id\":\"https:\/\/www.hedesign.com\/product\/hocker-corona\/#breadcrumb\"},\"inLanguage\":\"de\",\"potentialAction\":[{\"@type\":\"ReadAction\",\"target\":[\"https:\/\/www.hedesign.com\/product\/hocker-corona\/\"]}]},{\"@type\":\"ImageObject\",\"inLanguage\":\"de\",\"@id\":\"https:\/\/www.hedesign.com\/product\/hocker-corona\/#primaryimage\",\"url\":\"https:\/\/www.hedesign.com\/wp-content\/uploads\/2025\/03\/HOCKER-CORONA-2-scaled.jpg\",\"contentUrl\":\"https:\/\/www.hedesign.com\/wp-content\/uploads\/2025\/03\/HOCKER-CORONA-2-scaled.jpg\",\"width\":1706,\"height\":2560},{\"@type\":\"BreadcrumbList\",\"@id\":\"https:\/\/www.hedesign.com\/product\/hocker-corona\/#breadcrumb\",\"itemListElement\":[{\"@type\":\"ListItem\",\"position\":1,\"name\":\"Startseite\",\"item\":\"https:\/\/www.hedesign.com\/en\/\"},{\"@type\":\"ListItem\",\"position\":2,\"name\":\"Products\",\"item\":\"https:\/\/www.hedesign.com\/shop\/\"},{\"@type\":\"ListItem\",\"position\":3,\"name\":\"HOCKER CORONA\"}]},{\"@type\":\"WebSite\",\"@id\":\"https:\/\/www.hedesign.com\/#website\",\"url\":\"https:\/\/www.hedesign.com\/\",\"name\":\"HEDES\u0130GN-HEDESIGN\",\"description\":\"\",\"publisher\":{\"@id\":\"https:\/\/www.hedesign.com\/#organization\"},\"potentialAction\":[{\"@type\":\"SearchAction\",\"target\":{\"@type\":\"EntryPoint\",\"urlTemplate\":\"https:\/\/www.hedesign.com\/?s={search_term_string}\"},\"query-input\":{\"@type\":\"PropertyValueSpecification\",\"valueRequired\":true,\"valueName\":\"search_term_string\"}}],\"inLanguage\":\"de\"},{\"@type\":\"Organization\",\"@id\":\"https:\/\/www.hedesign.com\/#organization\",\"name\":\"HEDES\u0130GN-HEDESIGN\",\"url\":\"https:\/\/www.hedesign.com\/\",\"logo\":{\"@type\":\"ImageObject\",\"inLanguage\":\"de\",\"@id\":\"https:\/\/www.hedesign.com\/#\/schema\/logo\/image\/\",\"url\":\"https:\/\/www.hedesign.com\/wp-content\/uploads\/2025\/03\/site-logo.png\",\"contentUrl\":\"https:\/\/www.hedesign.com\/wp-content\/uploads\/2025\/03\/site-logo.png\",\"width\":491,\"height\":508,\"caption\":\"HEDES\u0130GN-HEDESIGN\"},\"image\":{\"@id\":\"https:\/\/www.hedesign.com\/#\/schema\/logo\/image\/\"}}]}<\/script>\n<!-- \/ Yoast SEO plugin. -->","yoast_head_json":{"title":"HOCKER CORONA - HEDES\u0130GN-HEDESIGN","robots":{"index":"index","follow":"follow","max-snippet":"max-snippet:-1","max-image-preview":"max-image-preview:large","max-video-preview":"max-video-preview:-1"},"canonical":"https:\/\/www.hedesign.com\/product\/hocker-corona\/","og_locale":"de_DE","og_type":"article","og_title":"HOCKER CORONA - HEDES\u0130GN-HEDESIGN","og_description":"Der Hocker Corona ist ein eleganter und moderner Hocker mit einer weichen, samtbezogenen Sitzfl\u00e4che in einem warmen Braunton. Die minimalistischen schwarzen Metallbeine sorgen f\u00fcr Stabilit\u00e4t und eine zeitgem\u00e4\u00dfe \u00c4sthetik und machen ihn zu einer vielseitigen Erg\u00e4nzung f\u00fcr jeden Wohnbereich.","og_url":"https:\/\/www.hedesign.com\/product\/hocker-corona\/","og_site_name":"HEDES\u0130GN-HEDESIGN","twitter_card":"summary_large_image","twitter_misc":{"Gesch\u00e4tzte Lesezeit":"1\u00a0Minute"},"schema":{"@context":"https:\/\/schema.org","@graph":[{"@type":"WebPage","@id":"https:\/\/www.hedesign.com\/product\/hocker-corona\/","url":"https:\/\/www.hedesign.com\/product\/hocker-corona\/","name":"HOCKER CORONA - HEDES\u0130GN-HEDESIGN","isPartOf":{"@id":"https:\/\/www.hedesign.com\/#website"},"primaryImageOfPage":{"@id":"https:\/\/www.hedesign.com\/product\/hocker-corona\/#primaryimage"},"image":{"@id":"https:\/\/www.hedesign.com\/product\/hocker-corona\/#primaryimage"},"thumbnailUrl":"https:\/\/www.hedesign.com\/wp-content\/uploads\/2025\/03\/HOCKER-CORONA-2-scaled.jpg","datePublished":"2025-03-10T05:42:52+00:00","breadcrumb":{"@id":"https:\/\/www.hedesign.com\/product\/hocker-corona\/#breadcrumb"},"inLanguage":"de","potentialAction":[{"@type":"ReadAction","target":["https:\/\/www.hedesign.com\/product\/hocker-corona\/"]}]},{"@type":"ImageObject","inLanguage":"de","@id":"https:\/\/www.hedesign.com\/product\/hocker-corona\/#primaryimage","url":"https:\/\/www.hedesign.com\/wp-content\/uploads\/2025\/03\/HOCKER-CORONA-2-scaled.jpg","contentUrl":"https:\/\/www.hedesign.com\/wp-content\/uploads\/2025\/03\/HOCKER-CORONA-2-scaled.jpg","width":1706,"height":2560},{"@type":"BreadcrumbList","@id":"https:\/\/www.hedesign.com\/product\/hocker-corona\/#breadcrumb","itemListElement":[{"@type":"ListItem","position":1,"name":"Startseite","item":"https:\/\/www.hedesign.com\/en\/"},{"@type":"ListItem","position":2,"name":"Products","item":"https:\/\/www.hedesign.com\/shop\/"},{"@type":"ListItem","position":3,"name":"HOCKER CORONA"}]},{"@type":"WebSite","@id":"https:\/\/www.hedesign.com\/#website","url":"https:\/\/www.hedesign.com\/","name":"HEDES\u0130GN-HEDESIGN","description":"","publisher":{"@id":"https:\/\/www.hedesign.com\/#organization"},"potentialAction":[{"@type":"SearchAction","target":{"@type":"EntryPoint","urlTemplate":"https:\/\/www.hedesign.com\/?s={search_term_string}"},"query-input":{"@type":"PropertyValueSpecification","valueRequired":true,"valueName":"search_term_string"}}],"inLanguage":"de"},{"@type":"Organization","@id":"https:\/\/www.hedesign.com\/#organization","name":"HEDES\u0130GN-HEDESIGN","url":"https:\/\/www.hedesign.com\/","logo":{"@type":"ImageObject","inLanguage":"de","@id":"https:\/\/www.hedesign.com\/#\/schema\/logo\/image\/","url":"https:\/\/www.hedesign.com\/wp-content\/uploads\/2025\/03\/site-logo.png","contentUrl":"https:\/\/www.hedesign.com\/wp-content\/uploads\/2025\/03\/site-logo.png","width":491,"height":508,"caption":"HEDES\u0130GN-HEDESIGN"},"image":{"@id":"https:\/\/www.hedesign.com\/#\/schema\/logo\/image\/"}}]}},"_links":{"self":[{"href":"https:\/\/www.hedesign.com\/de\/wp-json\/wp\/v2\/product\/4963","targetHints":{"allow":["GET"]}}],"collection":[{"href":"https:\/\/www.hedesign.com\/de\/wp-json\/wp\/v2\/product"}],"about":[{"href":"https:\/\/www.hedesign.com\/de\/wp-json\/wp\/v2\/types\/product"}],"replies":[{"embeddable":true,"href":"https:\/\/www.hedesign.com\/de\/wp-json\/wp\/v2\/comments?post=4963"}],"version-history":[{"count":0,"href":"https:\/\/www.hedesign.com\/de\/wp-json\/wp\/v2\/product\/4963\/revisions"}],"wp:featuredmedia":[{"embeddable":true,"href":"https:\/\/www.hedesign.com\/de\/wp-json\/wp\/v2\/media\/4965"}],"wp:attachment":[{"href":"https:\/\/www.hedesign.com\/de\/wp-json\/wp\/v2\/media?parent=4963"}],"wp:term":[{"taxonomy":"product_brand","embeddable":true,"href":"https:\/\/www.hedesign.com\/de\/wp-json\/wp\/v2\/product_brand?post=4963"},{"taxonomy":"product_cat","embeddable":true,"href":"https:\/\/www.hedesign.com\/de\/wp-json\/wp\/v2\/product_cat?post=4963"},{"taxonomy":"product_tag","embeddable":true,"href":"https:\/\/www.hedesign.com\/de\/wp-json\/wp\/v2\/product_tag?post=4963"}],"curies":[{"name":"wp","href":"https:\/\/api.w.org\/{rel}","templated":true}]}}