{"id":5002,"date":"2025-03-10T04:45:50","date_gmt":"2025-03-10T04:45:50","guid":{"rendered":"https:\/\/www.hedesign.com\/product\/rubio\/"},"modified":"2025-03-10T04:45:50","modified_gmt":"2025-03-10T04:45:50","slug":"rubio","status":"publish","type":"product","link":"https:\/\/www.hedesign.com\/de\/product\/rubio\/","title":{"rendered":"RUBIO"},"content":{"rendered":"<p>Versch\u00f6nern Sie Ihren Wohnbereich mit dem Rubio Modular Sofa, einer perfekten Mischung aus Raffinesse und Entspannung. Dieses luxuri\u00f6se Sektionssofa mit seiner modernen, geschwungenen Struktur bietet reichlich Sitzgelegenheiten und sieht dabei elegant und luftig aus. Die weichen Kissen und pl\u00fcschigen R\u00fcckenlehnen sind mit hochwertigem Stoff gepolstert und bieten h\u00f6chsten Komfort zum Faulenzen oder f\u00fcr die Bewirtung von G\u00e4sten.<\/p>\n<p>Das Rubio Modular Sofa ist flexibel und l\u00e4sst sich in verschiedenen Konfigurationen m\u00fchelos in Ihren Raum einf\u00fcgen. Mit seinen eleganten, aber stabilen F\u00fc\u00dfen strahlt dieses Sofa modernen Charme aus und ist damit die ideale Wahl f\u00fcr stilvolle Wohnungen und Innenr\u00e4ume. Ob in einer ger\u00e4umigen Lounge oder einem gem\u00fctlichen Wohnzimmer, es verwandelt jede Umgebung mit seiner einladenden und anspruchsvollen Ausstrahlung.<\/p>\n","protected":false},"excerpt":{"rendered":"<p>Das modulare Sofa Rubio ist ein zeitgen\u00f6ssisches Statement, das Komfort mit moderner Eleganz verbindet. Mit seinem pl\u00fcschigen, geschwungenen Design und der weichen Polsterung bietet dieses Sektionssofa vielseitige Sitzgelegenheiten f\u00fcr jeden Wohnbereich. Die minimalistischen Beine sorgen f\u00fcr Stabilit\u00e4t und bewahren gleichzeitig eine schlichte \u00c4sthetik.<\/p>\n","protected":false},"featured_media":5003,"comment_status":"open","ping_status":"closed","template":"","meta":[],"product_brand":[],"product_cat":[124],"product_tag":[],"class_list":{"0":"post-5002","1":"product","2":"type-product","3":"status-publish","4":"has-post-thumbnail","6":"product_cat-esstischbanke","8":"first","9":"instock","10":"shipping-taxable","11":"product-type-simple"},"yoast_head":"<!-- This site is optimized with the Yoast SEO plugin v27.0 - https:\/\/yoast.com\/product\/yoast-seo-wordpress\/ -->\n<title>RUBIO - HEDES\u0130GN-HEDESIGN<\/title>\n<meta name=\"robots\" content=\"index, follow, max-snippet:-1, max-image-preview:large, max-video-preview:-1\" \/>\n<link rel=\"canonical\" href=\"https:\/\/www.hedesign.com\/product\/rubio\/\" \/>\n<meta property=\"og:locale\" content=\"de_DE\" \/>\n<meta property=\"og:type\" content=\"article\" \/>\n<meta property=\"og:title\" content=\"RUBIO - HEDES\u0130GN-HEDESIGN\" \/>\n<meta property=\"og:description\" content=\"Das modulare Sofa Rubio ist ein zeitgen\u00f6ssisches Statement, das Komfort mit moderner Eleganz verbindet. Mit seinem pl\u00fcschigen, geschwungenen Design und der weichen Polsterung bietet dieses Sektionssofa vielseitige Sitzgelegenheiten f\u00fcr jeden Wohnbereich. Die minimalistischen Beine sorgen f\u00fcr Stabilit\u00e4t und bewahren gleichzeitig eine schlichte \u00c4sthetik.\" \/>\n<meta property=\"og:url\" content=\"https:\/\/www.hedesign.com\/product\/rubio\/\" \/>\n<meta property=\"og:site_name\" content=\"HEDES\u0130GN-HEDESIGN\" \/>\n<meta name=\"twitter:card\" content=\"summary_large_image\" \/>\n<meta name=\"twitter:label1\" content=\"Gesch\u00e4tzte Lesezeit\" \/>\n\t<meta name=\"twitter:data1\" content=\"1\u00a0Minute\" \/>\n<script type=\"application\/ld+json\" class=\"yoast-schema-graph\">{\"@context\":\"https:\/\/schema.org\",\"@graph\":[{\"@type\":\"WebPage\",\"@id\":\"https:\/\/www.hedesign.com\/product\/rubio\/\",\"url\":\"https:\/\/www.hedesign.com\/product\/rubio\/\",\"name\":\"RUBIO - HEDES\u0130GN-HEDESIGN\",\"isPartOf\":{\"@id\":\"https:\/\/www.hedesign.com\/#website\"},\"primaryImageOfPage\":{\"@id\":\"https:\/\/www.hedesign.com\/product\/rubio\/#primaryimage\"},\"image\":{\"@id\":\"https:\/\/www.hedesign.com\/product\/rubio\/#primaryimage\"},\"thumbnailUrl\":\"https:\/\/www.hedesign.com\/wp-content\/uploads\/2025\/03\/RUBIO-scaled.jpg\",\"datePublished\":\"2025-03-10T04:45:50+00:00\",\"breadcrumb\":{\"@id\":\"https:\/\/www.hedesign.com\/product\/rubio\/#breadcrumb\"},\"inLanguage\":\"de\",\"potentialAction\":[{\"@type\":\"ReadAction\",\"target\":[\"https:\/\/www.hedesign.com\/product\/rubio\/\"]}]},{\"@type\":\"ImageObject\",\"inLanguage\":\"de\",\"@id\":\"https:\/\/www.hedesign.com\/product\/rubio\/#primaryimage\",\"url\":\"https:\/\/www.hedesign.com\/wp-content\/uploads\/2025\/03\/RUBIO-scaled.jpg\",\"contentUrl\":\"https:\/\/www.hedesign.com\/wp-content\/uploads\/2025\/03\/RUBIO-scaled.jpg\",\"width\":2560,\"height\":1918},{\"@type\":\"BreadcrumbList\",\"@id\":\"https:\/\/www.hedesign.com\/product\/rubio\/#breadcrumb\",\"itemListElement\":[{\"@type\":\"ListItem\",\"position\":1,\"name\":\"Startseite\",\"item\":\"https:\/\/www.hedesign.com\/en\/\"},{\"@type\":\"ListItem\",\"position\":2,\"name\":\"Products\",\"item\":\"https:\/\/www.hedesign.com\/shop\/\"},{\"@type\":\"ListItem\",\"position\":3,\"name\":\"RUBIO\"}]},{\"@type\":\"WebSite\",\"@id\":\"https:\/\/www.hedesign.com\/#website\",\"url\":\"https:\/\/www.hedesign.com\/\",\"name\":\"HEDES\u0130GN-HEDESIGN\",\"description\":\"\",\"publisher\":{\"@id\":\"https:\/\/www.hedesign.com\/#organization\"},\"potentialAction\":[{\"@type\":\"SearchAction\",\"target\":{\"@type\":\"EntryPoint\",\"urlTemplate\":\"https:\/\/www.hedesign.com\/?s={search_term_string}\"},\"query-input\":{\"@type\":\"PropertyValueSpecification\",\"valueRequired\":true,\"valueName\":\"search_term_string\"}}],\"inLanguage\":\"de\"},{\"@type\":\"Organization\",\"@id\":\"https:\/\/www.hedesign.com\/#organization\",\"name\":\"HEDES\u0130GN-HEDESIGN\",\"url\":\"https:\/\/www.hedesign.com\/\",\"logo\":{\"@type\":\"ImageObject\",\"inLanguage\":\"de\",\"@id\":\"https:\/\/www.hedesign.com\/#\/schema\/logo\/image\/\",\"url\":\"https:\/\/www.hedesign.com\/wp-content\/uploads\/2025\/03\/site-logo.png\",\"contentUrl\":\"https:\/\/www.hedesign.com\/wp-content\/uploads\/2025\/03\/site-logo.png\",\"width\":491,\"height\":508,\"caption\":\"HEDES\u0130GN-HEDESIGN\"},\"image\":{\"@id\":\"https:\/\/www.hedesign.com\/#\/schema\/logo\/image\/\"}}]}<\/script>\n<!-- \/ Yoast SEO plugin. -->","yoast_head_json":{"title":"RUBIO - HEDES\u0130GN-HEDESIGN","robots":{"index":"index","follow":"follow","max-snippet":"max-snippet:-1","max-image-preview":"max-image-preview:large","max-video-preview":"max-video-preview:-1"},"canonical":"https:\/\/www.hedesign.com\/product\/rubio\/","og_locale":"de_DE","og_type":"article","og_title":"RUBIO - HEDES\u0130GN-HEDESIGN","og_description":"Das modulare Sofa Rubio ist ein zeitgen\u00f6ssisches Statement, das Komfort mit moderner Eleganz verbindet. Mit seinem pl\u00fcschigen, geschwungenen Design und der weichen Polsterung bietet dieses Sektionssofa vielseitige Sitzgelegenheiten f\u00fcr jeden Wohnbereich. Die minimalistischen Beine sorgen f\u00fcr Stabilit\u00e4t und bewahren gleichzeitig eine schlichte \u00c4sthetik.","og_url":"https:\/\/www.hedesign.com\/product\/rubio\/","og_site_name":"HEDES\u0130GN-HEDESIGN","twitter_card":"summary_large_image","twitter_misc":{"Gesch\u00e4tzte Lesezeit":"1\u00a0Minute"},"schema":{"@context":"https:\/\/schema.org","@graph":[{"@type":"WebPage","@id":"https:\/\/www.hedesign.com\/product\/rubio\/","url":"https:\/\/www.hedesign.com\/product\/rubio\/","name":"RUBIO - HEDES\u0130GN-HEDESIGN","isPartOf":{"@id":"https:\/\/www.hedesign.com\/#website"},"primaryImageOfPage":{"@id":"https:\/\/www.hedesign.com\/product\/rubio\/#primaryimage"},"image":{"@id":"https:\/\/www.hedesign.com\/product\/rubio\/#primaryimage"},"thumbnailUrl":"https:\/\/www.hedesign.com\/wp-content\/uploads\/2025\/03\/RUBIO-scaled.jpg","datePublished":"2025-03-10T04:45:50+00:00","breadcrumb":{"@id":"https:\/\/www.hedesign.com\/product\/rubio\/#breadcrumb"},"inLanguage":"de","potentialAction":[{"@type":"ReadAction","target":["https:\/\/www.hedesign.com\/product\/rubio\/"]}]},{"@type":"ImageObject","inLanguage":"de","@id":"https:\/\/www.hedesign.com\/product\/rubio\/#primaryimage","url":"https:\/\/www.hedesign.com\/wp-content\/uploads\/2025\/03\/RUBIO-scaled.jpg","contentUrl":"https:\/\/www.hedesign.com\/wp-content\/uploads\/2025\/03\/RUBIO-scaled.jpg","width":2560,"height":1918},{"@type":"BreadcrumbList","@id":"https:\/\/www.hedesign.com\/product\/rubio\/#breadcrumb","itemListElement":[{"@type":"ListItem","position":1,"name":"Startseite","item":"https:\/\/www.hedesign.com\/en\/"},{"@type":"ListItem","position":2,"name":"Products","item":"https:\/\/www.hedesign.com\/shop\/"},{"@type":"ListItem","position":3,"name":"RUBIO"}]},{"@type":"WebSite","@id":"https:\/\/www.hedesign.com\/#website","url":"https:\/\/www.hedesign.com\/","name":"HEDES\u0130GN-HEDESIGN","description":"","publisher":{"@id":"https:\/\/www.hedesign.com\/#organization"},"potentialAction":[{"@type":"SearchAction","target":{"@type":"EntryPoint","urlTemplate":"https:\/\/www.hedesign.com\/?s={search_term_string}"},"query-input":{"@type":"PropertyValueSpecification","valueRequired":true,"valueName":"search_term_string"}}],"inLanguage":"de"},{"@type":"Organization","@id":"https:\/\/www.hedesign.com\/#organization","name":"HEDES\u0130GN-HEDESIGN","url":"https:\/\/www.hedesign.com\/","logo":{"@type":"ImageObject","inLanguage":"de","@id":"https:\/\/www.hedesign.com\/#\/schema\/logo\/image\/","url":"https:\/\/www.hedesign.com\/wp-content\/uploads\/2025\/03\/site-logo.png","contentUrl":"https:\/\/www.hedesign.com\/wp-content\/uploads\/2025\/03\/site-logo.png","width":491,"height":508,"caption":"HEDES\u0130GN-HEDESIGN"},"image":{"@id":"https:\/\/www.hedesign.com\/#\/schema\/logo\/image\/"}}]}},"_links":{"self":[{"href":"https:\/\/www.hedesign.com\/de\/wp-json\/wp\/v2\/product\/5002","targetHints":{"allow":["GET"]}}],"collection":[{"href":"https:\/\/www.hedesign.com\/de\/wp-json\/wp\/v2\/product"}],"about":[{"href":"https:\/\/www.hedesign.com\/de\/wp-json\/wp\/v2\/types\/product"}],"replies":[{"embeddable":true,"href":"https:\/\/www.hedesign.com\/de\/wp-json\/wp\/v2\/comments?post=5002"}],"version-history":[{"count":0,"href":"https:\/\/www.hedesign.com\/de\/wp-json\/wp\/v2\/product\/5002\/revisions"}],"wp:featuredmedia":[{"embeddable":true,"href":"https:\/\/www.hedesign.com\/de\/wp-json\/wp\/v2\/media\/5003"}],"wp:attachment":[{"href":"https:\/\/www.hedesign.com\/de\/wp-json\/wp\/v2\/media?parent=5002"}],"wp:term":[{"taxonomy":"product_brand","embeddable":true,"href":"https:\/\/www.hedesign.com\/de\/wp-json\/wp\/v2\/product_brand?post=5002"},{"taxonomy":"product_cat","embeddable":true,"href":"https:\/\/www.hedesign.com\/de\/wp-json\/wp\/v2\/product_cat?post=5002"},{"taxonomy":"product_tag","embeddable":true,"href":"https:\/\/www.hedesign.com\/de\/wp-json\/wp\/v2\/product_tag?post=5002"}],"curies":[{"name":"wp","href":"https:\/\/api.w.org\/{rel}","templated":true}]}}