{"id":5016,"date":"2025-03-10T04:27:35","date_gmt":"2025-03-10T04:27:35","guid":{"rendered":"https:\/\/www.hedesign.com\/product\/entspannungsstuhl\/"},"modified":"2025-03-10T04:27:35","modified_gmt":"2025-03-10T04:27:35","slug":"entspannungsstuhl","status":"publish","type":"product","link":"https:\/\/www.hedesign.com\/de\/product\/entspannungsstuhl\/","title":{"rendered":"Entspannungsstuhl"},"content":{"rendered":"<p>Der Relaxsessel HEDSGN24 ist eine hochwertige Sitzl\u00f6sung, die f\u00fcr ultimativen Komfort und Raffinesse entwickelt wurde. Mit seiner hohen R\u00fcckenlehne mit Fl\u00fcgeln bietet dieser Sessel eine hervorragende Lenden- und Nackenst\u00fctze und ist somit ideal f\u00fcr lange Entspannungsphasen. Die weiche Polsterung kombiniert weichen Stoff mit reichhaltigen Lederakzenten und verleiht ihm eine zeitgem\u00e4\u00dfe und doch zeitlose \u00c4sthetik. Das robuste Drehgestell aus schwarzem Metall sorgt f\u00fcr mehr Flexibilit\u00e4t, w\u00e4hrend die ergonomischen Armlehnen ein bequemes Sitzen erm\u00f6glichen. Der Relaxsessel HEDSGN24 eignet sich perfekt f\u00fcr Wohnr\u00e4ume, B\u00fcros oder Lounges und verbindet Stil, Funktionalit\u00e4t und Komfort nahtlos miteinander.<\/p>\n","protected":false},"excerpt":{"rendered":"<p>Der Relaxsessel HEDSGN24 ist ein luxuri\u00f6ser und ergonomisch gestalteter Loungesessel, der sowohl Komfort als auch Stil bietet. Mit seiner hohen R\u00fcckenlehne, den weichen Kissen und dem drehbaren Untergestell ist dieser Sessel perfekt zum Entspannen in modernen Innenr\u00e4umen geeignet.<\/p>\n","protected":false},"featured_media":5017,"comment_status":"open","ping_status":"closed","template":"","meta":[],"product_brand":[],"product_cat":[122],"product_tag":[],"class_list":{"0":"post-5016","1":"product","2":"type-product","3":"status-publish","4":"has-post-thumbnail","6":"product_cat-liegestuhle","8":"first","9":"instock","10":"shipping-taxable","11":"product-type-simple"},"yoast_head":"<!-- This site is optimized with the Yoast SEO plugin v27.0 - https:\/\/yoast.com\/product\/yoast-seo-wordpress\/ -->\n<title>Entspannungsstuhl - HEDES\u0130GN-HEDESIGN<\/title>\n<meta name=\"robots\" content=\"index, follow, max-snippet:-1, max-image-preview:large, max-video-preview:-1\" \/>\n<link rel=\"canonical\" href=\"https:\/\/www.hedesign.com\/product\/ontspannende-stoel\/\" \/>\n<meta property=\"og:locale\" content=\"de_DE\" \/>\n<meta property=\"og:type\" content=\"article\" \/>\n<meta property=\"og:title\" content=\"Entspannungsstuhl - HEDES\u0130GN-HEDESIGN\" \/>\n<meta property=\"og:description\" content=\"Der Relaxsessel HEDSGN24 ist ein luxuri\u00f6ser und ergonomisch gestalteter Loungesessel, der sowohl Komfort als auch Stil bietet. Mit seiner hohen R\u00fcckenlehne, den weichen Kissen und dem drehbaren Untergestell ist dieser Sessel perfekt zum Entspannen in modernen Innenr\u00e4umen geeignet.\" \/>\n<meta property=\"og:url\" content=\"https:\/\/www.hedesign.com\/product\/ontspannende-stoel\/\" \/>\n<meta property=\"og:site_name\" content=\"HEDES\u0130GN-HEDESIGN\" \/>\n<meta property=\"og:image\" content=\"https:\/\/www.hedesign.com\/wp-content\/uploads\/2025\/03\/hedsgn24_90402.jpg\" \/>\n\t<meta property=\"og:image:width\" content=\"1600\" \/>\n\t<meta property=\"og:image:height\" content=\"1199\" \/>\n\t<meta property=\"og:image:type\" content=\"image\/jpeg\" \/>\n<meta name=\"twitter:card\" content=\"summary_large_image\" \/>\n<meta name=\"twitter:label1\" content=\"Gesch\u00e4tzte Lesezeit\" \/>\n\t<meta name=\"twitter:data1\" content=\"1\u00a0Minute\" \/>\n<script type=\"application\/ld+json\" class=\"yoast-schema-graph\">{\"@context\":\"https:\/\/schema.org\",\"@graph\":[{\"@type\":\"WebPage\",\"@id\":\"https:\/\/www.hedesign.com\/product\/ontspannende-stoel\/\",\"url\":\"https:\/\/www.hedesign.com\/product\/ontspannende-stoel\/\",\"name\":\"Entspannungsstuhl - HEDES\u0130GN-HEDESIGN\",\"isPartOf\":{\"@id\":\"https:\/\/www.hedesign.com\/#website\"},\"primaryImageOfPage\":{\"@id\":\"https:\/\/www.hedesign.com\/product\/ontspannende-stoel\/#primaryimage\"},\"image\":{\"@id\":\"https:\/\/www.hedesign.com\/product\/ontspannende-stoel\/#primaryimage\"},\"thumbnailUrl\":\"https:\/\/www.hedesign.com\/wp-content\/uploads\/2025\/03\/hedsgn24_90402.jpg\",\"datePublished\":\"2025-03-10T04:27:35+00:00\",\"breadcrumb\":{\"@id\":\"https:\/\/www.hedesign.com\/product\/ontspannende-stoel\/#breadcrumb\"},\"inLanguage\":\"de\",\"potentialAction\":[{\"@type\":\"ReadAction\",\"target\":[\"https:\/\/www.hedesign.com\/product\/ontspannende-stoel\/\"]}]},{\"@type\":\"ImageObject\",\"inLanguage\":\"de\",\"@id\":\"https:\/\/www.hedesign.com\/product\/ontspannende-stoel\/#primaryimage\",\"url\":\"https:\/\/www.hedesign.com\/wp-content\/uploads\/2025\/03\/hedsgn24_90402.jpg\",\"contentUrl\":\"https:\/\/www.hedesign.com\/wp-content\/uploads\/2025\/03\/hedsgn24_90402.jpg\",\"width\":1600,\"height\":1199},{\"@type\":\"BreadcrumbList\",\"@id\":\"https:\/\/www.hedesign.com\/product\/ontspannende-stoel\/#breadcrumb\",\"itemListElement\":[{\"@type\":\"ListItem\",\"position\":1,\"name\":\"Startseite\",\"item\":\"https:\/\/www.hedesign.com\/en\/\"},{\"@type\":\"ListItem\",\"position\":2,\"name\":\"Products\",\"item\":\"https:\/\/www.hedesign.com\/shop\/\"},{\"@type\":\"ListItem\",\"position\":3,\"name\":\"Entspannungsstuhl\"}]},{\"@type\":\"WebSite\",\"@id\":\"https:\/\/www.hedesign.com\/#website\",\"url\":\"https:\/\/www.hedesign.com\/\",\"name\":\"HEDES\u0130GN-HEDESIGN\",\"description\":\"\",\"publisher\":{\"@id\":\"https:\/\/www.hedesign.com\/#organization\"},\"potentialAction\":[{\"@type\":\"SearchAction\",\"target\":{\"@type\":\"EntryPoint\",\"urlTemplate\":\"https:\/\/www.hedesign.com\/?s={search_term_string}\"},\"query-input\":{\"@type\":\"PropertyValueSpecification\",\"valueRequired\":true,\"valueName\":\"search_term_string\"}}],\"inLanguage\":\"de\"},{\"@type\":\"Organization\",\"@id\":\"https:\/\/www.hedesign.com\/#organization\",\"name\":\"HEDES\u0130GN-HEDESIGN\",\"url\":\"https:\/\/www.hedesign.com\/\",\"logo\":{\"@type\":\"ImageObject\",\"inLanguage\":\"de\",\"@id\":\"https:\/\/www.hedesign.com\/#\/schema\/logo\/image\/\",\"url\":\"https:\/\/www.hedesign.com\/wp-content\/uploads\/2025\/03\/site-logo.png\",\"contentUrl\":\"https:\/\/www.hedesign.com\/wp-content\/uploads\/2025\/03\/site-logo.png\",\"width\":491,\"height\":508,\"caption\":\"HEDES\u0130GN-HEDESIGN\"},\"image\":{\"@id\":\"https:\/\/www.hedesign.com\/#\/schema\/logo\/image\/\"}}]}<\/script>\n<!-- \/ Yoast SEO plugin. -->","yoast_head_json":{"title":"Entspannungsstuhl - HEDES\u0130GN-HEDESIGN","robots":{"index":"index","follow":"follow","max-snippet":"max-snippet:-1","max-image-preview":"max-image-preview:large","max-video-preview":"max-video-preview:-1"},"canonical":"https:\/\/www.hedesign.com\/product\/ontspannende-stoel\/","og_locale":"de_DE","og_type":"article","og_title":"Entspannungsstuhl - HEDES\u0130GN-HEDESIGN","og_description":"Der Relaxsessel HEDSGN24 ist ein luxuri\u00f6ser und ergonomisch gestalteter Loungesessel, der sowohl Komfort als auch Stil bietet. Mit seiner hohen R\u00fcckenlehne, den weichen Kissen und dem drehbaren Untergestell ist dieser Sessel perfekt zum Entspannen in modernen Innenr\u00e4umen geeignet.","og_url":"https:\/\/www.hedesign.com\/product\/ontspannende-stoel\/","og_site_name":"HEDES\u0130GN-HEDESIGN","og_image":[{"width":1600,"height":1199,"url":"https:\/\/www.hedesign.com\/wp-content\/uploads\/2025\/03\/hedsgn24_90402.jpg","type":"image\/jpeg"}],"twitter_card":"summary_large_image","twitter_misc":{"Gesch\u00e4tzte Lesezeit":"1\u00a0Minute"},"schema":{"@context":"https:\/\/schema.org","@graph":[{"@type":"WebPage","@id":"https:\/\/www.hedesign.com\/product\/ontspannende-stoel\/","url":"https:\/\/www.hedesign.com\/product\/ontspannende-stoel\/","name":"Entspannungsstuhl - HEDES\u0130GN-HEDESIGN","isPartOf":{"@id":"https:\/\/www.hedesign.com\/#website"},"primaryImageOfPage":{"@id":"https:\/\/www.hedesign.com\/product\/ontspannende-stoel\/#primaryimage"},"image":{"@id":"https:\/\/www.hedesign.com\/product\/ontspannende-stoel\/#primaryimage"},"thumbnailUrl":"https:\/\/www.hedesign.com\/wp-content\/uploads\/2025\/03\/hedsgn24_90402.jpg","datePublished":"2025-03-10T04:27:35+00:00","breadcrumb":{"@id":"https:\/\/www.hedesign.com\/product\/ontspannende-stoel\/#breadcrumb"},"inLanguage":"de","potentialAction":[{"@type":"ReadAction","target":["https:\/\/www.hedesign.com\/product\/ontspannende-stoel\/"]}]},{"@type":"ImageObject","inLanguage":"de","@id":"https:\/\/www.hedesign.com\/product\/ontspannende-stoel\/#primaryimage","url":"https:\/\/www.hedesign.com\/wp-content\/uploads\/2025\/03\/hedsgn24_90402.jpg","contentUrl":"https:\/\/www.hedesign.com\/wp-content\/uploads\/2025\/03\/hedsgn24_90402.jpg","width":1600,"height":1199},{"@type":"BreadcrumbList","@id":"https:\/\/www.hedesign.com\/product\/ontspannende-stoel\/#breadcrumb","itemListElement":[{"@type":"ListItem","position":1,"name":"Startseite","item":"https:\/\/www.hedesign.com\/en\/"},{"@type":"ListItem","position":2,"name":"Products","item":"https:\/\/www.hedesign.com\/shop\/"},{"@type":"ListItem","position":3,"name":"Entspannungsstuhl"}]},{"@type":"WebSite","@id":"https:\/\/www.hedesign.com\/#website","url":"https:\/\/www.hedesign.com\/","name":"HEDES\u0130GN-HEDESIGN","description":"","publisher":{"@id":"https:\/\/www.hedesign.com\/#organization"},"potentialAction":[{"@type":"SearchAction","target":{"@type":"EntryPoint","urlTemplate":"https:\/\/www.hedesign.com\/?s={search_term_string}"},"query-input":{"@type":"PropertyValueSpecification","valueRequired":true,"valueName":"search_term_string"}}],"inLanguage":"de"},{"@type":"Organization","@id":"https:\/\/www.hedesign.com\/#organization","name":"HEDES\u0130GN-HEDESIGN","url":"https:\/\/www.hedesign.com\/","logo":{"@type":"ImageObject","inLanguage":"de","@id":"https:\/\/www.hedesign.com\/#\/schema\/logo\/image\/","url":"https:\/\/www.hedesign.com\/wp-content\/uploads\/2025\/03\/site-logo.png","contentUrl":"https:\/\/www.hedesign.com\/wp-content\/uploads\/2025\/03\/site-logo.png","width":491,"height":508,"caption":"HEDES\u0130GN-HEDESIGN"},"image":{"@id":"https:\/\/www.hedesign.com\/#\/schema\/logo\/image\/"}}]}},"_links":{"self":[{"href":"https:\/\/www.hedesign.com\/de\/wp-json\/wp\/v2\/product\/5016","targetHints":{"allow":["GET"]}}],"collection":[{"href":"https:\/\/www.hedesign.com\/de\/wp-json\/wp\/v2\/product"}],"about":[{"href":"https:\/\/www.hedesign.com\/de\/wp-json\/wp\/v2\/types\/product"}],"replies":[{"embeddable":true,"href":"https:\/\/www.hedesign.com\/de\/wp-json\/wp\/v2\/comments?post=5016"}],"version-history":[{"count":0,"href":"https:\/\/www.hedesign.com\/de\/wp-json\/wp\/v2\/product\/5016\/revisions"}],"wp:featuredmedia":[{"embeddable":true,"href":"https:\/\/www.hedesign.com\/de\/wp-json\/wp\/v2\/media\/5017"}],"wp:attachment":[{"href":"https:\/\/www.hedesign.com\/de\/wp-json\/wp\/v2\/media?parent=5016"}],"wp:term":[{"taxonomy":"product_brand","embeddable":true,"href":"https:\/\/www.hedesign.com\/de\/wp-json\/wp\/v2\/product_brand?post=5016"},{"taxonomy":"product_cat","embeddable":true,"href":"https:\/\/www.hedesign.com\/de\/wp-json\/wp\/v2\/product_cat?post=5016"},{"taxonomy":"product_tag","embeddable":true,"href":"https:\/\/www.hedesign.com\/de\/wp-json\/wp\/v2\/product_tag?post=5016"}],"curies":[{"name":"wp","href":"https:\/\/api.w.org\/{rel}","templated":true}]}}