{"id":5072,"date":"2025-03-08T03:54:24","date_gmt":"2025-03-08T03:54:24","guid":{"rendered":"https:\/\/www.hedesign.com\/product\/rubioh\/"},"modified":"2025-03-08T03:54:24","modified_gmt":"2025-03-08T03:54:24","slug":"rubioh","status":"publish","type":"product","link":"https:\/\/www.hedesign.com\/de\/product\/rubioh\/","title":{"rendered":"RUBIOH"},"content":{"rendered":"<p>Werten Sie Ihren Wohnbereich mit dem Rubio Lounge Chair auf, einem Statement, das elegante \u00c4sthetik mit unvergleichlichem Komfort verbindet. Mit seiner sanft geschwungenen Silhouette ist dieser Loungesessel mit seinem gro\u00dfz\u00fcgig gepolsterten Sitz und dem st\u00fctzenden R\u00fcckenkissen wie geschaffen zum Entspannen. Die weiche, strukturierte Polsterung verleiht ihm einen Hauch von W\u00e4rme und Raffinesse und macht ihn zu einer perfekten Erg\u00e4nzung f\u00fcr moderne Innenr\u00e4ume.<\/p>\n<p>Der Rubio Lounge Chair wurde mit Blick auf Langlebigkeit und Funktionalit\u00e4t gebaut und steht auf robusten, aber dennoch eleganten Beinen, die f\u00fcr Stabilit\u00e4t sorgen und gleichzeitig ein leichtes, luftiges Gef\u00fchl vermitteln. Ob als alleinstehendes Akzentm\u00f6bel oder in Kombination mit einer modularen Sofagarnitur, dieser Sessel unterstreicht das Ambiente Ihres Zuhauses mit seiner raffinierten Eleganz.<\/p>\n","protected":false},"excerpt":{"rendered":"<p>Der Rubio Lounge Chair bietet eine perfekte Mischung aus moderner Eleganz und gem\u00fctlichem Komfort. Mit seinem weichen, geschwungenen Sitz und der st\u00fctzenden R\u00fcckenlehne ist dieser Sessel eine einladende Erg\u00e4nzung f\u00fcr jeden modernen Raum. Er ist mit weichem Stoff gepolstert und wird von schlanken, minimalistischen Beinen getragen, die sowohl Stil als auch Entspannung bieten.<\/p>\n","protected":false},"featured_media":5078,"comment_status":"open","ping_status":"closed","template":"","meta":[],"product_brand":[],"product_cat":[125],"product_tag":[],"class_list":{"0":"post-5072","1":"product","2":"type-product","3":"status-publish","4":"has-post-thumbnail","6":"product_cat-banken-de","8":"first","9":"instock","10":"shipping-taxable","11":"product-type-simple"},"yoast_head":"<!-- This site is optimized with the Yoast SEO plugin v27.0 - https:\/\/yoast.com\/product\/yoast-seo-wordpress\/ -->\n<title>RUBIOH - HEDES\u0130GN-HEDESIGN<\/title>\n<meta name=\"robots\" content=\"index, follow, max-snippet:-1, max-image-preview:large, max-video-preview:-1\" \/>\n<link rel=\"canonical\" href=\"https:\/\/www.hedesign.com\/product\/rubioh\/\" \/>\n<meta property=\"og:locale\" content=\"de_DE\" \/>\n<meta property=\"og:type\" content=\"article\" \/>\n<meta property=\"og:title\" content=\"RUBIOH - HEDES\u0130GN-HEDESIGN\" \/>\n<meta property=\"og:description\" content=\"Der Rubio Lounge Chair bietet eine perfekte Mischung aus moderner Eleganz und gem\u00fctlichem Komfort. Mit seinem weichen, geschwungenen Sitz und der st\u00fctzenden R\u00fcckenlehne ist dieser Sessel eine einladende Erg\u00e4nzung f\u00fcr jeden modernen Raum. Er ist mit weichem Stoff gepolstert und wird von schlanken, minimalistischen Beinen getragen, die sowohl Stil als auch Entspannung bieten.\" \/>\n<meta property=\"og:url\" content=\"https:\/\/www.hedesign.com\/product\/rubioh\/\" \/>\n<meta property=\"og:site_name\" content=\"HEDES\u0130GN-HEDESIGN\" \/>\n<meta property=\"og:image\" content=\"https:\/\/www.hedesign.com\/wp-content\/uploads\/2025\/03\/RUBIOH1.jpg\" \/>\n\t<meta property=\"og:image:width\" content=\"265\" \/>\n\t<meta property=\"og:image:height\" content=\"252\" \/>\n\t<meta property=\"og:image:type\" content=\"image\/jpeg\" \/>\n<meta name=\"twitter:card\" content=\"summary_large_image\" \/>\n<meta name=\"twitter:label1\" content=\"Gesch\u00e4tzte Lesezeit\" \/>\n\t<meta name=\"twitter:data1\" content=\"1\u00a0Minute\" \/>\n<script type=\"application\/ld+json\" class=\"yoast-schema-graph\">{\"@context\":\"https:\/\/schema.org\",\"@graph\":[{\"@type\":\"WebPage\",\"@id\":\"https:\/\/www.hedesign.com\/product\/rubioh\/\",\"url\":\"https:\/\/www.hedesign.com\/product\/rubioh\/\",\"name\":\"RUBIOH - HEDES\u0130GN-HEDESIGN\",\"isPartOf\":{\"@id\":\"https:\/\/www.hedesign.com\/#website\"},\"primaryImageOfPage\":{\"@id\":\"https:\/\/www.hedesign.com\/product\/rubioh\/#primaryimage\"},\"image\":{\"@id\":\"https:\/\/www.hedesign.com\/product\/rubioh\/#primaryimage\"},\"thumbnailUrl\":\"https:\/\/www.hedesign.com\/wp-content\/uploads\/2025\/03\/RUBIOH1.jpg\",\"datePublished\":\"2025-03-08T03:54:24+00:00\",\"breadcrumb\":{\"@id\":\"https:\/\/www.hedesign.com\/product\/rubioh\/#breadcrumb\"},\"inLanguage\":\"de\",\"potentialAction\":[{\"@type\":\"ReadAction\",\"target\":[\"https:\/\/www.hedesign.com\/product\/rubioh\/\"]}]},{\"@type\":\"ImageObject\",\"inLanguage\":\"de\",\"@id\":\"https:\/\/www.hedesign.com\/product\/rubioh\/#primaryimage\",\"url\":\"https:\/\/www.hedesign.com\/wp-content\/uploads\/2025\/03\/RUBIOH1.jpg\",\"contentUrl\":\"https:\/\/www.hedesign.com\/wp-content\/uploads\/2025\/03\/RUBIOH1.jpg\",\"width\":265,\"height\":252},{\"@type\":\"BreadcrumbList\",\"@id\":\"https:\/\/www.hedesign.com\/product\/rubioh\/#breadcrumb\",\"itemListElement\":[{\"@type\":\"ListItem\",\"position\":1,\"name\":\"Startseite\",\"item\":\"https:\/\/www.hedesign.com\/en\/\"},{\"@type\":\"ListItem\",\"position\":2,\"name\":\"Products\",\"item\":\"https:\/\/www.hedesign.com\/shop\/\"},{\"@type\":\"ListItem\",\"position\":3,\"name\":\"RUBIOH\"}]},{\"@type\":\"WebSite\",\"@id\":\"https:\/\/www.hedesign.com\/#website\",\"url\":\"https:\/\/www.hedesign.com\/\",\"name\":\"HEDES\u0130GN-HEDESIGN\",\"description\":\"\",\"publisher\":{\"@id\":\"https:\/\/www.hedesign.com\/#organization\"},\"potentialAction\":[{\"@type\":\"SearchAction\",\"target\":{\"@type\":\"EntryPoint\",\"urlTemplate\":\"https:\/\/www.hedesign.com\/?s={search_term_string}\"},\"query-input\":{\"@type\":\"PropertyValueSpecification\",\"valueRequired\":true,\"valueName\":\"search_term_string\"}}],\"inLanguage\":\"de\"},{\"@type\":\"Organization\",\"@id\":\"https:\/\/www.hedesign.com\/#organization\",\"name\":\"HEDES\u0130GN-HEDESIGN\",\"url\":\"https:\/\/www.hedesign.com\/\",\"logo\":{\"@type\":\"ImageObject\",\"inLanguage\":\"de\",\"@id\":\"https:\/\/www.hedesign.com\/#\/schema\/logo\/image\/\",\"url\":\"https:\/\/www.hedesign.com\/wp-content\/uploads\/2025\/03\/site-logo.png\",\"contentUrl\":\"https:\/\/www.hedesign.com\/wp-content\/uploads\/2025\/03\/site-logo.png\",\"width\":491,\"height\":508,\"caption\":\"HEDES\u0130GN-HEDESIGN\"},\"image\":{\"@id\":\"https:\/\/www.hedesign.com\/#\/schema\/logo\/image\/\"}}]}<\/script>\n<!-- \/ Yoast SEO plugin. -->","yoast_head_json":{"title":"RUBIOH - HEDES\u0130GN-HEDESIGN","robots":{"index":"index","follow":"follow","max-snippet":"max-snippet:-1","max-image-preview":"max-image-preview:large","max-video-preview":"max-video-preview:-1"},"canonical":"https:\/\/www.hedesign.com\/product\/rubioh\/","og_locale":"de_DE","og_type":"article","og_title":"RUBIOH - HEDES\u0130GN-HEDESIGN","og_description":"Der Rubio Lounge Chair bietet eine perfekte Mischung aus moderner Eleganz und gem\u00fctlichem Komfort. Mit seinem weichen, geschwungenen Sitz und der st\u00fctzenden R\u00fcckenlehne ist dieser Sessel eine einladende Erg\u00e4nzung f\u00fcr jeden modernen Raum. Er ist mit weichem Stoff gepolstert und wird von schlanken, minimalistischen Beinen getragen, die sowohl Stil als auch Entspannung bieten.","og_url":"https:\/\/www.hedesign.com\/product\/rubioh\/","og_site_name":"HEDES\u0130GN-HEDESIGN","og_image":[{"width":265,"height":252,"url":"https:\/\/www.hedesign.com\/wp-content\/uploads\/2025\/03\/RUBIOH1.jpg","type":"image\/jpeg"}],"twitter_card":"summary_large_image","twitter_misc":{"Gesch\u00e4tzte Lesezeit":"1\u00a0Minute"},"schema":{"@context":"https:\/\/schema.org","@graph":[{"@type":"WebPage","@id":"https:\/\/www.hedesign.com\/product\/rubioh\/","url":"https:\/\/www.hedesign.com\/product\/rubioh\/","name":"RUBIOH - HEDES\u0130GN-HEDESIGN","isPartOf":{"@id":"https:\/\/www.hedesign.com\/#website"},"primaryImageOfPage":{"@id":"https:\/\/www.hedesign.com\/product\/rubioh\/#primaryimage"},"image":{"@id":"https:\/\/www.hedesign.com\/product\/rubioh\/#primaryimage"},"thumbnailUrl":"https:\/\/www.hedesign.com\/wp-content\/uploads\/2025\/03\/RUBIOH1.jpg","datePublished":"2025-03-08T03:54:24+00:00","breadcrumb":{"@id":"https:\/\/www.hedesign.com\/product\/rubioh\/#breadcrumb"},"inLanguage":"de","potentialAction":[{"@type":"ReadAction","target":["https:\/\/www.hedesign.com\/product\/rubioh\/"]}]},{"@type":"ImageObject","inLanguage":"de","@id":"https:\/\/www.hedesign.com\/product\/rubioh\/#primaryimage","url":"https:\/\/www.hedesign.com\/wp-content\/uploads\/2025\/03\/RUBIOH1.jpg","contentUrl":"https:\/\/www.hedesign.com\/wp-content\/uploads\/2025\/03\/RUBIOH1.jpg","width":265,"height":252},{"@type":"BreadcrumbList","@id":"https:\/\/www.hedesign.com\/product\/rubioh\/#breadcrumb","itemListElement":[{"@type":"ListItem","position":1,"name":"Startseite","item":"https:\/\/www.hedesign.com\/en\/"},{"@type":"ListItem","position":2,"name":"Products","item":"https:\/\/www.hedesign.com\/shop\/"},{"@type":"ListItem","position":3,"name":"RUBIOH"}]},{"@type":"WebSite","@id":"https:\/\/www.hedesign.com\/#website","url":"https:\/\/www.hedesign.com\/","name":"HEDES\u0130GN-HEDESIGN","description":"","publisher":{"@id":"https:\/\/www.hedesign.com\/#organization"},"potentialAction":[{"@type":"SearchAction","target":{"@type":"EntryPoint","urlTemplate":"https:\/\/www.hedesign.com\/?s={search_term_string}"},"query-input":{"@type":"PropertyValueSpecification","valueRequired":true,"valueName":"search_term_string"}}],"inLanguage":"de"},{"@type":"Organization","@id":"https:\/\/www.hedesign.com\/#organization","name":"HEDES\u0130GN-HEDESIGN","url":"https:\/\/www.hedesign.com\/","logo":{"@type":"ImageObject","inLanguage":"de","@id":"https:\/\/www.hedesign.com\/#\/schema\/logo\/image\/","url":"https:\/\/www.hedesign.com\/wp-content\/uploads\/2025\/03\/site-logo.png","contentUrl":"https:\/\/www.hedesign.com\/wp-content\/uploads\/2025\/03\/site-logo.png","width":491,"height":508,"caption":"HEDES\u0130GN-HEDESIGN"},"image":{"@id":"https:\/\/www.hedesign.com\/#\/schema\/logo\/image\/"}}]}},"_links":{"self":[{"href":"https:\/\/www.hedesign.com\/de\/wp-json\/wp\/v2\/product\/5072","targetHints":{"allow":["GET"]}}],"collection":[{"href":"https:\/\/www.hedesign.com\/de\/wp-json\/wp\/v2\/product"}],"about":[{"href":"https:\/\/www.hedesign.com\/de\/wp-json\/wp\/v2\/types\/product"}],"replies":[{"embeddable":true,"href":"https:\/\/www.hedesign.com\/de\/wp-json\/wp\/v2\/comments?post=5072"}],"version-history":[{"count":0,"href":"https:\/\/www.hedesign.com\/de\/wp-json\/wp\/v2\/product\/5072\/revisions"}],"wp:featuredmedia":[{"embeddable":true,"href":"https:\/\/www.hedesign.com\/de\/wp-json\/wp\/v2\/media\/5078"}],"wp:attachment":[{"href":"https:\/\/www.hedesign.com\/de\/wp-json\/wp\/v2\/media?parent=5072"}],"wp:term":[{"taxonomy":"product_brand","embeddable":true,"href":"https:\/\/www.hedesign.com\/de\/wp-json\/wp\/v2\/product_brand?post=5072"},{"taxonomy":"product_cat","embeddable":true,"href":"https:\/\/www.hedesign.com\/de\/wp-json\/wp\/v2\/product_cat?post=5072"},{"taxonomy":"product_tag","embeddable":true,"href":"https:\/\/www.hedesign.com\/de\/wp-json\/wp\/v2\/product_tag?post=5072"}],"curies":[{"name":"wp","href":"https:\/\/api.w.org\/{rel}","templated":true}]}}