{"id":5079,"date":"2025-03-08T03:52:37","date_gmt":"2025-03-08T03:52:37","guid":{"rendered":"https:\/\/www.hedesign.com\/product\/rubio-bank-komplett\/"},"modified":"2025-03-08T03:52:37","modified_gmt":"2025-03-08T03:52:37","slug":"rubio-bank-komplett","status":"publish","type":"product","link":"https:\/\/www.hedesign.com\/de\/product\/rubio-bank-komplett\/","title":{"rendered":"Rubio-Bank komplett"},"content":{"rendered":"<p>Definieren Sie Ihren Lebensraum neu mit dem Rubio Sofa Complete Modular Sofa, einer eleganten und anpassungsf\u00e4higen Sitzl\u00f6sung, die Raffinesse mit Funktionalit\u00e4t verbindet. Das Sofa ist mit weichem, hochwertigem Stoff gepolstert und bietet mit seinen tiefen, gepolsterten Sitzen und st\u00fctzenden R\u00fcckenkissen au\u00dfergew\u00f6hnlichen Komfort. Das schlichte, geschwungene Design unterstreicht seinen modernen Look und macht es zu einem auff\u00e4lligen M\u00f6belst\u00fcck f\u00fcr zeitgen\u00f6ssische Innenr\u00e4ume.<\/p>\n<p>Das Rubio Sofa wurde mit Blick auf Flexibilit\u00e4t entworfen und verf\u00fcgt \u00fcber eine modulare Struktur, die es Ihnen erm\u00f6glicht, das Layout an Ihren Raum und Ihren Lebensstil anzupassen. Der integrierte schwarze Beistelltisch setzt einen funktionalen Akzent und eignet sich perfekt zum Abstellen von Getr\u00e4nken, B\u00fcchern oder Dekorationselementen. Ob Sie G\u00e4ste empfangen oder sich stilvoll entspannen, dieses Sofa bietet sowohl \u00e4sthetischen Charme als auch Komfort im Alltag.<\/p>\n","protected":false},"excerpt":{"rendered":"<p>Erleben Sie Luxus und Vielseitigkeit mit dem Rubio Bench Complete Modular Sofa, einem modernen Meisterwerk, das f\u00fcr Komfort und Stil entworfen wurde. Dieses Sektionssofa verf\u00fcgt \u00fcber eine weiche Polsterung, gro\u00dfz\u00fcgig gepolsterte Sitze und einen integrierten Beistelltisch f\u00fcr Funktionalit\u00e4t. Das modulare Design erm\u00f6glicht endlose Konfigurationen und ist somit perfekt f\u00fcr moderne Wohnr\u00e4ume geeignet.<\/p>\n","protected":false},"featured_media":5080,"comment_status":"open","ping_status":"closed","template":"","meta":[],"product_brand":[],"product_cat":[125],"product_tag":[],"class_list":{"0":"post-5079","1":"product","2":"type-product","3":"status-publish","4":"has-post-thumbnail","6":"product_cat-banken-de","8":"first","9":"instock","10":"shipping-taxable","11":"product-type-simple"},"yoast_head":"<!-- This site is optimized with the Yoast SEO plugin v27.0 - https:\/\/yoast.com\/product\/yoast-seo-wordpress\/ -->\n<title>Rubio-Bank komplett - HEDES\u0130GN-HEDESIGN<\/title>\n<meta name=\"robots\" content=\"index, follow, max-snippet:-1, max-image-preview:large, max-video-preview:-1\" \/>\n<link rel=\"canonical\" href=\"https:\/\/www.hedesign.com\/product\/rubio-bank-compleet\/\" \/>\n<meta property=\"og:locale\" content=\"de_DE\" \/>\n<meta property=\"og:type\" content=\"article\" \/>\n<meta property=\"og:title\" content=\"Rubio-Bank komplett - HEDES\u0130GN-HEDESIGN\" \/>\n<meta property=\"og:description\" content=\"Erleben Sie Luxus und Vielseitigkeit mit dem Rubio Bench Complete Modular Sofa, einem modernen Meisterwerk, das f\u00fcr Komfort und Stil entworfen wurde. Dieses Sektionssofa verf\u00fcgt \u00fcber eine weiche Polsterung, gro\u00dfz\u00fcgig gepolsterte Sitze und einen integrierten Beistelltisch f\u00fcr Funktionalit\u00e4t. Das modulare Design erm\u00f6glicht endlose Konfigurationen und ist somit perfekt f\u00fcr moderne Wohnr\u00e4ume geeignet.\" \/>\n<meta property=\"og:url\" content=\"https:\/\/www.hedesign.com\/product\/rubio-bank-compleet\/\" \/>\n<meta property=\"og:site_name\" content=\"HEDES\u0130GN-HEDESIGN\" \/>\n<meta property=\"og:image\" content=\"https:\/\/www.hedesign.com\/wp-content\/uploads\/2025\/03\/rubio-bank-compleet.jpg\" \/>\n\t<meta property=\"og:image:width\" content=\"1200\" \/>\n\t<meta property=\"og:image:height\" content=\"500\" \/>\n\t<meta property=\"og:image:type\" content=\"image\/jpeg\" \/>\n<meta name=\"twitter:card\" content=\"summary_large_image\" \/>\n<meta name=\"twitter:label1\" content=\"Gesch\u00e4tzte Lesezeit\" \/>\n\t<meta name=\"twitter:data1\" content=\"1\u00a0Minute\" \/>\n<script type=\"application\/ld+json\" class=\"yoast-schema-graph\">{\"@context\":\"https:\/\/schema.org\",\"@graph\":[{\"@type\":\"WebPage\",\"@id\":\"https:\/\/www.hedesign.com\/product\/rubio-bank-compleet\/\",\"url\":\"https:\/\/www.hedesign.com\/product\/rubio-bank-compleet\/\",\"name\":\"Rubio-Bank komplett - HEDES\u0130GN-HEDESIGN\",\"isPartOf\":{\"@id\":\"https:\/\/www.hedesign.com\/#website\"},\"primaryImageOfPage\":{\"@id\":\"https:\/\/www.hedesign.com\/product\/rubio-bank-compleet\/#primaryimage\"},\"image\":{\"@id\":\"https:\/\/www.hedesign.com\/product\/rubio-bank-compleet\/#primaryimage\"},\"thumbnailUrl\":\"https:\/\/www.hedesign.com\/wp-content\/uploads\/2025\/03\/rubio-bank-compleet.jpg\",\"datePublished\":\"2025-03-08T03:52:37+00:00\",\"breadcrumb\":{\"@id\":\"https:\/\/www.hedesign.com\/product\/rubio-bank-compleet\/#breadcrumb\"},\"inLanguage\":\"de\",\"potentialAction\":[{\"@type\":\"ReadAction\",\"target\":[\"https:\/\/www.hedesign.com\/product\/rubio-bank-compleet\/\"]}]},{\"@type\":\"ImageObject\",\"inLanguage\":\"de\",\"@id\":\"https:\/\/www.hedesign.com\/product\/rubio-bank-compleet\/#primaryimage\",\"url\":\"https:\/\/www.hedesign.com\/wp-content\/uploads\/2025\/03\/rubio-bank-compleet.jpg\",\"contentUrl\":\"https:\/\/www.hedesign.com\/wp-content\/uploads\/2025\/03\/rubio-bank-compleet.jpg\",\"width\":1200,\"height\":500},{\"@type\":\"BreadcrumbList\",\"@id\":\"https:\/\/www.hedesign.com\/product\/rubio-bank-compleet\/#breadcrumb\",\"itemListElement\":[{\"@type\":\"ListItem\",\"position\":1,\"name\":\"Startseite\",\"item\":\"https:\/\/www.hedesign.com\/en\/\"},{\"@type\":\"ListItem\",\"position\":2,\"name\":\"Products\",\"item\":\"https:\/\/www.hedesign.com\/shop\/\"},{\"@type\":\"ListItem\",\"position\":3,\"name\":\"Rubio-Bank komplett\"}]},{\"@type\":\"WebSite\",\"@id\":\"https:\/\/www.hedesign.com\/#website\",\"url\":\"https:\/\/www.hedesign.com\/\",\"name\":\"HEDES\u0130GN-HEDESIGN\",\"description\":\"\",\"publisher\":{\"@id\":\"https:\/\/www.hedesign.com\/#organization\"},\"potentialAction\":[{\"@type\":\"SearchAction\",\"target\":{\"@type\":\"EntryPoint\",\"urlTemplate\":\"https:\/\/www.hedesign.com\/?s={search_term_string}\"},\"query-input\":{\"@type\":\"PropertyValueSpecification\",\"valueRequired\":true,\"valueName\":\"search_term_string\"}}],\"inLanguage\":\"de\"},{\"@type\":\"Organization\",\"@id\":\"https:\/\/www.hedesign.com\/#organization\",\"name\":\"HEDES\u0130GN-HEDESIGN\",\"url\":\"https:\/\/www.hedesign.com\/\",\"logo\":{\"@type\":\"ImageObject\",\"inLanguage\":\"de\",\"@id\":\"https:\/\/www.hedesign.com\/#\/schema\/logo\/image\/\",\"url\":\"https:\/\/www.hedesign.com\/wp-content\/uploads\/2025\/03\/site-logo.png\",\"contentUrl\":\"https:\/\/www.hedesign.com\/wp-content\/uploads\/2025\/03\/site-logo.png\",\"width\":491,\"height\":508,\"caption\":\"HEDES\u0130GN-HEDESIGN\"},\"image\":{\"@id\":\"https:\/\/www.hedesign.com\/#\/schema\/logo\/image\/\"}}]}<\/script>\n<!-- \/ Yoast SEO plugin. -->","yoast_head_json":{"title":"Rubio-Bank komplett - HEDES\u0130GN-HEDESIGN","robots":{"index":"index","follow":"follow","max-snippet":"max-snippet:-1","max-image-preview":"max-image-preview:large","max-video-preview":"max-video-preview:-1"},"canonical":"https:\/\/www.hedesign.com\/product\/rubio-bank-compleet\/","og_locale":"de_DE","og_type":"article","og_title":"Rubio-Bank komplett - HEDES\u0130GN-HEDESIGN","og_description":"Erleben Sie Luxus und Vielseitigkeit mit dem Rubio Bench Complete Modular Sofa, einem modernen Meisterwerk, das f\u00fcr Komfort und Stil entworfen wurde. Dieses Sektionssofa verf\u00fcgt \u00fcber eine weiche Polsterung, gro\u00dfz\u00fcgig gepolsterte Sitze und einen integrierten Beistelltisch f\u00fcr Funktionalit\u00e4t. Das modulare Design erm\u00f6glicht endlose Konfigurationen und ist somit perfekt f\u00fcr moderne Wohnr\u00e4ume geeignet.","og_url":"https:\/\/www.hedesign.com\/product\/rubio-bank-compleet\/","og_site_name":"HEDES\u0130GN-HEDESIGN","og_image":[{"width":1200,"height":500,"url":"https:\/\/www.hedesign.com\/wp-content\/uploads\/2025\/03\/rubio-bank-compleet.jpg","type":"image\/jpeg"}],"twitter_card":"summary_large_image","twitter_misc":{"Gesch\u00e4tzte Lesezeit":"1\u00a0Minute"},"schema":{"@context":"https:\/\/schema.org","@graph":[{"@type":"WebPage","@id":"https:\/\/www.hedesign.com\/product\/rubio-bank-compleet\/","url":"https:\/\/www.hedesign.com\/product\/rubio-bank-compleet\/","name":"Rubio-Bank komplett - HEDES\u0130GN-HEDESIGN","isPartOf":{"@id":"https:\/\/www.hedesign.com\/#website"},"primaryImageOfPage":{"@id":"https:\/\/www.hedesign.com\/product\/rubio-bank-compleet\/#primaryimage"},"image":{"@id":"https:\/\/www.hedesign.com\/product\/rubio-bank-compleet\/#primaryimage"},"thumbnailUrl":"https:\/\/www.hedesign.com\/wp-content\/uploads\/2025\/03\/rubio-bank-compleet.jpg","datePublished":"2025-03-08T03:52:37+00:00","breadcrumb":{"@id":"https:\/\/www.hedesign.com\/product\/rubio-bank-compleet\/#breadcrumb"},"inLanguage":"de","potentialAction":[{"@type":"ReadAction","target":["https:\/\/www.hedesign.com\/product\/rubio-bank-compleet\/"]}]},{"@type":"ImageObject","inLanguage":"de","@id":"https:\/\/www.hedesign.com\/product\/rubio-bank-compleet\/#primaryimage","url":"https:\/\/www.hedesign.com\/wp-content\/uploads\/2025\/03\/rubio-bank-compleet.jpg","contentUrl":"https:\/\/www.hedesign.com\/wp-content\/uploads\/2025\/03\/rubio-bank-compleet.jpg","width":1200,"height":500},{"@type":"BreadcrumbList","@id":"https:\/\/www.hedesign.com\/product\/rubio-bank-compleet\/#breadcrumb","itemListElement":[{"@type":"ListItem","position":1,"name":"Startseite","item":"https:\/\/www.hedesign.com\/en\/"},{"@type":"ListItem","position":2,"name":"Products","item":"https:\/\/www.hedesign.com\/shop\/"},{"@type":"ListItem","position":3,"name":"Rubio-Bank komplett"}]},{"@type":"WebSite","@id":"https:\/\/www.hedesign.com\/#website","url":"https:\/\/www.hedesign.com\/","name":"HEDES\u0130GN-HEDESIGN","description":"","publisher":{"@id":"https:\/\/www.hedesign.com\/#organization"},"potentialAction":[{"@type":"SearchAction","target":{"@type":"EntryPoint","urlTemplate":"https:\/\/www.hedesign.com\/?s={search_term_string}"},"query-input":{"@type":"PropertyValueSpecification","valueRequired":true,"valueName":"search_term_string"}}],"inLanguage":"de"},{"@type":"Organization","@id":"https:\/\/www.hedesign.com\/#organization","name":"HEDES\u0130GN-HEDESIGN","url":"https:\/\/www.hedesign.com\/","logo":{"@type":"ImageObject","inLanguage":"de","@id":"https:\/\/www.hedesign.com\/#\/schema\/logo\/image\/","url":"https:\/\/www.hedesign.com\/wp-content\/uploads\/2025\/03\/site-logo.png","contentUrl":"https:\/\/www.hedesign.com\/wp-content\/uploads\/2025\/03\/site-logo.png","width":491,"height":508,"caption":"HEDES\u0130GN-HEDESIGN"},"image":{"@id":"https:\/\/www.hedesign.com\/#\/schema\/logo\/image\/"}}]}},"_links":{"self":[{"href":"https:\/\/www.hedesign.com\/de\/wp-json\/wp\/v2\/product\/5079","targetHints":{"allow":["GET"]}}],"collection":[{"href":"https:\/\/www.hedesign.com\/de\/wp-json\/wp\/v2\/product"}],"about":[{"href":"https:\/\/www.hedesign.com\/de\/wp-json\/wp\/v2\/types\/product"}],"replies":[{"embeddable":true,"href":"https:\/\/www.hedesign.com\/de\/wp-json\/wp\/v2\/comments?post=5079"}],"version-history":[{"count":0,"href":"https:\/\/www.hedesign.com\/de\/wp-json\/wp\/v2\/product\/5079\/revisions"}],"wp:featuredmedia":[{"embeddable":true,"href":"https:\/\/www.hedesign.com\/de\/wp-json\/wp\/v2\/media\/5080"}],"wp:attachment":[{"href":"https:\/\/www.hedesign.com\/de\/wp-json\/wp\/v2\/media?parent=5079"}],"wp:term":[{"taxonomy":"product_brand","embeddable":true,"href":"https:\/\/www.hedesign.com\/de\/wp-json\/wp\/v2\/product_brand?post=5079"},{"taxonomy":"product_cat","embeddable":true,"href":"https:\/\/www.hedesign.com\/de\/wp-json\/wp\/v2\/product_cat?post=5079"},{"taxonomy":"product_tag","embeddable":true,"href":"https:\/\/www.hedesign.com\/de\/wp-json\/wp\/v2\/product_tag?post=5079"}],"curies":[{"name":"wp","href":"https:\/\/api.w.org\/{rel}","templated":true}]}}