{"id":5082,"date":"2025-03-08T03:50:31","date_gmt":"2025-03-08T03:50:31","guid":{"rendered":"https:\/\/www.hedesign.com\/product\/perlim\/"},"modified":"2025-03-08T03:50:31","modified_gmt":"2025-03-08T03:50:31","slug":"perlim","status":"publish","type":"product","link":"https:\/\/www.hedesign.com\/de\/product\/perlim\/","title":{"rendered":"PERLIM"},"content":{"rendered":"<p>Verbessern Sie Ihr Sitzgef\u00fchl mit dem PERLIM Swivel Accent Chair, einer perfekten Mischung aus Eleganz und Funktionalit\u00e4t. Dieser Stuhl hat ein geformtes, ergonomisches Design und ist mit einem weichen, strukturierten Stoff gepolstert, der jeder Umgebung W\u00e4rme und Raffinesse verleiht. Die gro\u00dfz\u00fcgig gepolsterte Sitzfl\u00e4che und die geschwungene R\u00fcckenlehne bieten hervorragenden Komfort und Halt und eignen sich ideal zum Entspannen oder f\u00fcr stilvolles Arbeiten.<\/p>\n<p>Der PERLIM Chair ist auf einem robusten Drehfu\u00df aufgebaut, der eine m\u00fchelose Drehung und Stabilit\u00e4t f\u00fcr einfache Bewegungen gew\u00e4hrleistet. Seine neutrale Farbpalette und minimalistische \u00c4sthetik machen ihn perfekt f\u00fcr moderne, skandinavische oder zeitgen\u00f6ssische Einrichtungen. Ob in einer gem\u00fctlichen Leseecke, einem stilvollen B\u00fcro oder einem schicken Wohnzimmer, dieser Stuhl bietet sowohl optischen Reiz als auch unvergleichlichen Komfort.<\/p>\n","protected":false},"excerpt":{"rendered":"<p>Der PERLIM Swivel Accent Chair ist ein moderner, luxuri\u00f6ser Stuhl mit Stil und Komfort. Der mit hochwertigem, strukturiertem Stoff gepolsterte Stuhl hat eine schlanke, geschwungene Silhouette mit einer tiefen Sitzfl\u00e4che f\u00fcr ultimative Entspannung. Der robuste Drehsockel sorgt f\u00fcr eine reibungslose Bewegung und macht ihn zu einer vielseitigen Erg\u00e4nzung f\u00fcr jeden modernen Wohnbereich oder jedes B\u00fcro.<\/p>\n","protected":false},"featured_media":5083,"comment_status":"open","ping_status":"closed","template":"","meta":[],"product_brand":[],"product_cat":[126],"product_tag":[],"class_list":{"0":"post-5082","1":"product","2":"type-product","3":"status-publish","4":"has-post-thumbnail","6":"product_cat-sessel","8":"first","9":"instock","10":"shipping-taxable","11":"product-type-simple"},"yoast_head":"<!-- This site is optimized with the Yoast SEO plugin v27.0 - https:\/\/yoast.com\/product\/yoast-seo-wordpress\/ -->\n<title>PERLIM - HEDES\u0130GN-HEDESIGN<\/title>\n<meta name=\"robots\" content=\"index, follow, max-snippet:-1, max-image-preview:large, max-video-preview:-1\" \/>\n<link rel=\"canonical\" href=\"https:\/\/www.hedesign.com\/de\/product\/perlim\/\" \/>\n<meta property=\"og:locale\" content=\"de_DE\" \/>\n<meta property=\"og:type\" content=\"article\" \/>\n<meta property=\"og:title\" content=\"PERLIM - HEDES\u0130GN-HEDESIGN\" \/>\n<meta property=\"og:description\" content=\"Der PERLIM Swivel Accent Chair ist ein moderner, luxuri\u00f6ser Stuhl mit Stil und Komfort. Der mit hochwertigem, strukturiertem Stoff gepolsterte Stuhl hat eine schlanke, geschwungene Silhouette mit einer tiefen Sitzfl\u00e4che f\u00fcr ultimative Entspannung. Der robuste Drehsockel sorgt f\u00fcr eine reibungslose Bewegung und macht ihn zu einer vielseitigen Erg\u00e4nzung f\u00fcr jeden modernen Wohnbereich oder jedes B\u00fcro.\" \/>\n<meta property=\"og:url\" content=\"https:\/\/www.hedesign.com\/de\/product\/perlim\/\" \/>\n<meta property=\"og:site_name\" content=\"HEDES\u0130GN-HEDESIGN\" \/>\n<meta property=\"og:image\" content=\"https:\/\/www.hedesign.com\/wp-content\/uploads\/2025\/03\/PERLIM-scaled.jpg\" \/>\n\t<meta property=\"og:image:width\" content=\"1918\" \/>\n\t<meta property=\"og:image:height\" content=\"2560\" \/>\n\t<meta property=\"og:image:type\" content=\"image\/jpeg\" \/>\n<meta name=\"twitter:card\" content=\"summary_large_image\" \/>\n<meta name=\"twitter:label1\" content=\"Gesch\u00e4tzte Lesezeit\" \/>\n\t<meta name=\"twitter:data1\" content=\"1\u00a0Minute\" \/>\n<script type=\"application\/ld+json\" class=\"yoast-schema-graph\">{\"@context\":\"https:\/\/schema.org\",\"@graph\":[{\"@type\":\"WebPage\",\"@id\":\"https:\/\/www.hedesign.com\/de\/product\/perlim\/\",\"url\":\"https:\/\/www.hedesign.com\/de\/product\/perlim\/\",\"name\":\"PERLIM - HEDES\u0130GN-HEDESIGN\",\"isPartOf\":{\"@id\":\"https:\/\/www.hedesign.com\/#website\"},\"primaryImageOfPage\":{\"@id\":\"https:\/\/www.hedesign.com\/de\/product\/perlim\/#primaryimage\"},\"image\":{\"@id\":\"https:\/\/www.hedesign.com\/de\/product\/perlim\/#primaryimage\"},\"thumbnailUrl\":\"https:\/\/www.hedesign.com\/wp-content\/uploads\/2025\/03\/PERLIM-scaled.jpg\",\"datePublished\":\"2025-03-08T03:50:31+00:00\",\"breadcrumb\":{\"@id\":\"https:\/\/www.hedesign.com\/de\/product\/perlim\/#breadcrumb\"},\"inLanguage\":\"de\",\"potentialAction\":[{\"@type\":\"ReadAction\",\"target\":[\"https:\/\/www.hedesign.com\/de\/product\/perlim\/\"]}]},{\"@type\":\"ImageObject\",\"inLanguage\":\"de\",\"@id\":\"https:\/\/www.hedesign.com\/de\/product\/perlim\/#primaryimage\",\"url\":\"https:\/\/www.hedesign.com\/wp-content\/uploads\/2025\/03\/PERLIM-scaled.jpg\",\"contentUrl\":\"https:\/\/www.hedesign.com\/wp-content\/uploads\/2025\/03\/PERLIM-scaled.jpg\",\"width\":1918,\"height\":2560},{\"@type\":\"BreadcrumbList\",\"@id\":\"https:\/\/www.hedesign.com\/de\/product\/perlim\/#breadcrumb\",\"itemListElement\":[{\"@type\":\"ListItem\",\"position\":1,\"name\":\"Startseite\",\"item\":\"https:\/\/www.hedesign.com\/en\/\"},{\"@type\":\"ListItem\",\"position\":2,\"name\":\"Products\",\"item\":\"https:\/\/www.hedesign.com\/shop\/\"},{\"@type\":\"ListItem\",\"position\":3,\"name\":\"PERLIM\"}]},{\"@type\":\"WebSite\",\"@id\":\"https:\/\/www.hedesign.com\/#website\",\"url\":\"https:\/\/www.hedesign.com\/\",\"name\":\"HEDES\u0130GN-HEDESIGN\",\"description\":\"\",\"publisher\":{\"@id\":\"https:\/\/www.hedesign.com\/#organization\"},\"potentialAction\":[{\"@type\":\"SearchAction\",\"target\":{\"@type\":\"EntryPoint\",\"urlTemplate\":\"https:\/\/www.hedesign.com\/?s={search_term_string}\"},\"query-input\":{\"@type\":\"PropertyValueSpecification\",\"valueRequired\":true,\"valueName\":\"search_term_string\"}}],\"inLanguage\":\"de\"},{\"@type\":\"Organization\",\"@id\":\"https:\/\/www.hedesign.com\/#organization\",\"name\":\"HEDES\u0130GN-HEDESIGN\",\"url\":\"https:\/\/www.hedesign.com\/\",\"logo\":{\"@type\":\"ImageObject\",\"inLanguage\":\"de\",\"@id\":\"https:\/\/www.hedesign.com\/#\/schema\/logo\/image\/\",\"url\":\"https:\/\/www.hedesign.com\/wp-content\/uploads\/2025\/03\/site-logo.png\",\"contentUrl\":\"https:\/\/www.hedesign.com\/wp-content\/uploads\/2025\/03\/site-logo.png\",\"width\":491,\"height\":508,\"caption\":\"HEDES\u0130GN-HEDESIGN\"},\"image\":{\"@id\":\"https:\/\/www.hedesign.com\/#\/schema\/logo\/image\/\"}}]}<\/script>\n<!-- \/ Yoast SEO plugin. -->","yoast_head_json":{"title":"PERLIM - HEDES\u0130GN-HEDESIGN","robots":{"index":"index","follow":"follow","max-snippet":"max-snippet:-1","max-image-preview":"max-image-preview:large","max-video-preview":"max-video-preview:-1"},"canonical":"https:\/\/www.hedesign.com\/de\/product\/perlim\/","og_locale":"de_DE","og_type":"article","og_title":"PERLIM - HEDES\u0130GN-HEDESIGN","og_description":"Der PERLIM Swivel Accent Chair ist ein moderner, luxuri\u00f6ser Stuhl mit Stil und Komfort. Der mit hochwertigem, strukturiertem Stoff gepolsterte Stuhl hat eine schlanke, geschwungene Silhouette mit einer tiefen Sitzfl\u00e4che f\u00fcr ultimative Entspannung. Der robuste Drehsockel sorgt f\u00fcr eine reibungslose Bewegung und macht ihn zu einer vielseitigen Erg\u00e4nzung f\u00fcr jeden modernen Wohnbereich oder jedes B\u00fcro.","og_url":"https:\/\/www.hedesign.com\/de\/product\/perlim\/","og_site_name":"HEDES\u0130GN-HEDESIGN","og_image":[{"width":1918,"height":2560,"url":"https:\/\/www.hedesign.com\/wp-content\/uploads\/2025\/03\/PERLIM-scaled.jpg","type":"image\/jpeg"}],"twitter_card":"summary_large_image","twitter_misc":{"Gesch\u00e4tzte Lesezeit":"1\u00a0Minute"},"schema":{"@context":"https:\/\/schema.org","@graph":[{"@type":"WebPage","@id":"https:\/\/www.hedesign.com\/de\/product\/perlim\/","url":"https:\/\/www.hedesign.com\/de\/product\/perlim\/","name":"PERLIM - HEDES\u0130GN-HEDESIGN","isPartOf":{"@id":"https:\/\/www.hedesign.com\/#website"},"primaryImageOfPage":{"@id":"https:\/\/www.hedesign.com\/de\/product\/perlim\/#primaryimage"},"image":{"@id":"https:\/\/www.hedesign.com\/de\/product\/perlim\/#primaryimage"},"thumbnailUrl":"https:\/\/www.hedesign.com\/wp-content\/uploads\/2025\/03\/PERLIM-scaled.jpg","datePublished":"2025-03-08T03:50:31+00:00","breadcrumb":{"@id":"https:\/\/www.hedesign.com\/de\/product\/perlim\/#breadcrumb"},"inLanguage":"de","potentialAction":[{"@type":"ReadAction","target":["https:\/\/www.hedesign.com\/de\/product\/perlim\/"]}]},{"@type":"ImageObject","inLanguage":"de","@id":"https:\/\/www.hedesign.com\/de\/product\/perlim\/#primaryimage","url":"https:\/\/www.hedesign.com\/wp-content\/uploads\/2025\/03\/PERLIM-scaled.jpg","contentUrl":"https:\/\/www.hedesign.com\/wp-content\/uploads\/2025\/03\/PERLIM-scaled.jpg","width":1918,"height":2560},{"@type":"BreadcrumbList","@id":"https:\/\/www.hedesign.com\/de\/product\/perlim\/#breadcrumb","itemListElement":[{"@type":"ListItem","position":1,"name":"Startseite","item":"https:\/\/www.hedesign.com\/en\/"},{"@type":"ListItem","position":2,"name":"Products","item":"https:\/\/www.hedesign.com\/shop\/"},{"@type":"ListItem","position":3,"name":"PERLIM"}]},{"@type":"WebSite","@id":"https:\/\/www.hedesign.com\/#website","url":"https:\/\/www.hedesign.com\/","name":"HEDES\u0130GN-HEDESIGN","description":"","publisher":{"@id":"https:\/\/www.hedesign.com\/#organization"},"potentialAction":[{"@type":"SearchAction","target":{"@type":"EntryPoint","urlTemplate":"https:\/\/www.hedesign.com\/?s={search_term_string}"},"query-input":{"@type":"PropertyValueSpecification","valueRequired":true,"valueName":"search_term_string"}}],"inLanguage":"de"},{"@type":"Organization","@id":"https:\/\/www.hedesign.com\/#organization","name":"HEDES\u0130GN-HEDESIGN","url":"https:\/\/www.hedesign.com\/","logo":{"@type":"ImageObject","inLanguage":"de","@id":"https:\/\/www.hedesign.com\/#\/schema\/logo\/image\/","url":"https:\/\/www.hedesign.com\/wp-content\/uploads\/2025\/03\/site-logo.png","contentUrl":"https:\/\/www.hedesign.com\/wp-content\/uploads\/2025\/03\/site-logo.png","width":491,"height":508,"caption":"HEDES\u0130GN-HEDESIGN"},"image":{"@id":"https:\/\/www.hedesign.com\/#\/schema\/logo\/image\/"}}]}},"_links":{"self":[{"href":"https:\/\/www.hedesign.com\/de\/wp-json\/wp\/v2\/product\/5082","targetHints":{"allow":["GET"]}}],"collection":[{"href":"https:\/\/www.hedesign.com\/de\/wp-json\/wp\/v2\/product"}],"about":[{"href":"https:\/\/www.hedesign.com\/de\/wp-json\/wp\/v2\/types\/product"}],"replies":[{"embeddable":true,"href":"https:\/\/www.hedesign.com\/de\/wp-json\/wp\/v2\/comments?post=5082"}],"version-history":[{"count":0,"href":"https:\/\/www.hedesign.com\/de\/wp-json\/wp\/v2\/product\/5082\/revisions"}],"wp:featuredmedia":[{"embeddable":true,"href":"https:\/\/www.hedesign.com\/de\/wp-json\/wp\/v2\/media\/5083"}],"wp:attachment":[{"href":"https:\/\/www.hedesign.com\/de\/wp-json\/wp\/v2\/media?parent=5082"}],"wp:term":[{"taxonomy":"product_brand","embeddable":true,"href":"https:\/\/www.hedesign.com\/de\/wp-json\/wp\/v2\/product_brand?post=5082"},{"taxonomy":"product_cat","embeddable":true,"href":"https:\/\/www.hedesign.com\/de\/wp-json\/wp\/v2\/product_cat?post=5082"},{"taxonomy":"product_tag","embeddable":true,"href":"https:\/\/www.hedesign.com\/de\/wp-json\/wp\/v2\/product_tag?post=5082"}],"curies":[{"name":"wp","href":"https:\/\/api.w.org\/{rel}","templated":true}]}}