{"id":5085,"date":"2025-03-08T03:46:03","date_gmt":"2025-03-08T03:46:03","guid":{"rendered":"https:\/\/www.hedesign.com\/product\/lima\/"},"modified":"2025-03-08T03:46:03","modified_gmt":"2025-03-08T03:46:03","slug":"lima","status":"publish","type":"product","link":"https:\/\/www.hedesign.com\/de\/product\/lima\/","title":{"rendered":"LIMA"},"content":{"rendered":"<p>Versch\u00f6nern Sie Ihr Interieur mit dem raffinierten Charme des LIMA Swivel Accent Chair. Dieser Stuhl ist sowohl f\u00fcr Stil als auch f\u00fcr Komfort konzipiert und verf\u00fcgt \u00fcber eine sch\u00f6n geformte Silhouette, die mit pl\u00fcschigem Boucl\u00e9-Stoff gepolstert ist und jedem Raum einen Hauch von Textur und W\u00e4rme verleiht. Die tiefe Sitzfl\u00e4che und die abgewinkelte R\u00fcckenlehne sorgen f\u00fcr optimale Entspannung, w\u00e4hrend der robuste Metalldrehfu\u00df f\u00fcr reibungslose Bewegung und Stabilit\u00e4t sorgt.<\/p>\n<p>Ob Sie den LIMA Chair in einem modernen Wohnzimmer, einer gem\u00fctlichen Leseecke oder einem stilvollen B\u00fcro aufstellen, er f\u00fcgt sich nahtlos in ein modernes und minimalistisches Dekor ein. Die neutrale Farbpalette macht ihn zu einer vielseitigen Wahl f\u00fcr verschiedene Interieurs, w\u00e4hrend das ergonomische Design f\u00fcr langen Sitzkomfort sorgt. Dieser Stuhl ist eine echte Mischung aus \u00c4sthetik und Funktionalit\u00e4t und ein Muss f\u00fcr alle, die raffinierte Handwerkskunst und zeitloses Design zu sch\u00e4tzen wissen.<\/p>\n","protected":false},"excerpt":{"rendered":"<p>Erleben Sie moderne Eleganz mit dem LIMA Swivel Accent Chair. Der Stuhl ist mit einem strukturierten Boucl\u00e9-Stoff gepolstert und verf\u00fcgt \u00fcber ein ergonomisches Design mit einer bequemen Sitzfl\u00e4che und R\u00fcckenlehne. Das robuste Drehgestell aus Metall sorgt f\u00fcr m\u00fchelose Bewegung und macht ihn zu einer perfekten Erg\u00e4nzung f\u00fcr jeden modernen Wohnbereich oder jedes B\u00fcro.<\/p>\n","protected":false},"featured_media":5086,"comment_status":"open","ping_status":"closed","template":"","meta":[],"product_brand":[],"product_cat":[126],"product_tag":[],"class_list":{"0":"post-5085","1":"product","2":"type-product","3":"status-publish","4":"has-post-thumbnail","6":"product_cat-sessel","8":"first","9":"instock","10":"shipping-taxable","11":"product-type-simple"},"yoast_head":"<!-- This site is optimized with the Yoast SEO plugin v27.0 - https:\/\/yoast.com\/product\/yoast-seo-wordpress\/ -->\n<title>LIMA - HEDES\u0130GN-HEDESIGN<\/title>\n<meta name=\"robots\" content=\"index, follow, max-snippet:-1, max-image-preview:large, max-video-preview:-1\" \/>\n<link rel=\"canonical\" href=\"https:\/\/www.hedesign.com\/product\/lima\/\" \/>\n<meta property=\"og:locale\" content=\"de_DE\" \/>\n<meta property=\"og:type\" content=\"article\" \/>\n<meta property=\"og:title\" content=\"LIMA - HEDES\u0130GN-HEDESIGN\" \/>\n<meta property=\"og:description\" content=\"Erleben Sie moderne Eleganz mit dem LIMA Swivel Accent Chair. Der Stuhl ist mit einem strukturierten Boucl\u00e9-Stoff gepolstert und verf\u00fcgt \u00fcber ein ergonomisches Design mit einer bequemen Sitzfl\u00e4che und R\u00fcckenlehne. Das robuste Drehgestell aus Metall sorgt f\u00fcr m\u00fchelose Bewegung und macht ihn zu einer perfekten Erg\u00e4nzung f\u00fcr jeden modernen Wohnbereich oder jedes B\u00fcro.\" \/>\n<meta property=\"og:url\" content=\"https:\/\/www.hedesign.com\/product\/lima\/\" \/>\n<meta property=\"og:site_name\" content=\"HEDES\u0130GN-HEDESIGN\" \/>\n<meta name=\"twitter:card\" content=\"summary_large_image\" \/>\n<meta name=\"twitter:label1\" content=\"Gesch\u00e4tzte Lesezeit\" \/>\n\t<meta name=\"twitter:data1\" content=\"1\u00a0Minute\" \/>\n<script type=\"application\/ld+json\" class=\"yoast-schema-graph\">{\"@context\":\"https:\/\/schema.org\",\"@graph\":[{\"@type\":\"WebPage\",\"@id\":\"https:\/\/www.hedesign.com\/product\/lima\/\",\"url\":\"https:\/\/www.hedesign.com\/product\/lima\/\",\"name\":\"LIMA - HEDES\u0130GN-HEDESIGN\",\"isPartOf\":{\"@id\":\"https:\/\/www.hedesign.com\/#website\"},\"primaryImageOfPage\":{\"@id\":\"https:\/\/www.hedesign.com\/product\/lima\/#primaryimage\"},\"image\":{\"@id\":\"https:\/\/www.hedesign.com\/product\/lima\/#primaryimage\"},\"thumbnailUrl\":\"https:\/\/www.hedesign.com\/wp-content\/uploads\/2025\/03\/LIMA-scaled-e1743072921669.jpg\",\"datePublished\":\"2025-03-08T03:46:03+00:00\",\"breadcrumb\":{\"@id\":\"https:\/\/www.hedesign.com\/product\/lima\/#breadcrumb\"},\"inLanguage\":\"de\",\"potentialAction\":[{\"@type\":\"ReadAction\",\"target\":[\"https:\/\/www.hedesign.com\/product\/lima\/\"]}]},{\"@type\":\"ImageObject\",\"inLanguage\":\"de\",\"@id\":\"https:\/\/www.hedesign.com\/product\/lima\/#primaryimage\",\"url\":\"https:\/\/www.hedesign.com\/wp-content\/uploads\/2025\/03\/LIMA-scaled-e1743072921669.jpg\",\"contentUrl\":\"https:\/\/www.hedesign.com\/wp-content\/uploads\/2025\/03\/LIMA-scaled-e1743072921669.jpg\",\"width\":1918,\"height\":2052},{\"@type\":\"BreadcrumbList\",\"@id\":\"https:\/\/www.hedesign.com\/product\/lima\/#breadcrumb\",\"itemListElement\":[{\"@type\":\"ListItem\",\"position\":1,\"name\":\"Startseite\",\"item\":\"https:\/\/www.hedesign.com\/en\/\"},{\"@type\":\"ListItem\",\"position\":2,\"name\":\"Products\",\"item\":\"https:\/\/www.hedesign.com\/shop\/\"},{\"@type\":\"ListItem\",\"position\":3,\"name\":\"LIMA\"}]},{\"@type\":\"WebSite\",\"@id\":\"https:\/\/www.hedesign.com\/#website\",\"url\":\"https:\/\/www.hedesign.com\/\",\"name\":\"HEDES\u0130GN-HEDESIGN\",\"description\":\"\",\"publisher\":{\"@id\":\"https:\/\/www.hedesign.com\/#organization\"},\"potentialAction\":[{\"@type\":\"SearchAction\",\"target\":{\"@type\":\"EntryPoint\",\"urlTemplate\":\"https:\/\/www.hedesign.com\/?s={search_term_string}\"},\"query-input\":{\"@type\":\"PropertyValueSpecification\",\"valueRequired\":true,\"valueName\":\"search_term_string\"}}],\"inLanguage\":\"de\"},{\"@type\":\"Organization\",\"@id\":\"https:\/\/www.hedesign.com\/#organization\",\"name\":\"HEDES\u0130GN-HEDESIGN\",\"url\":\"https:\/\/www.hedesign.com\/\",\"logo\":{\"@type\":\"ImageObject\",\"inLanguage\":\"de\",\"@id\":\"https:\/\/www.hedesign.com\/#\/schema\/logo\/image\/\",\"url\":\"https:\/\/www.hedesign.com\/wp-content\/uploads\/2025\/03\/site-logo.png\",\"contentUrl\":\"https:\/\/www.hedesign.com\/wp-content\/uploads\/2025\/03\/site-logo.png\",\"width\":491,\"height\":508,\"caption\":\"HEDES\u0130GN-HEDESIGN\"},\"image\":{\"@id\":\"https:\/\/www.hedesign.com\/#\/schema\/logo\/image\/\"}}]}<\/script>\n<!-- \/ Yoast SEO plugin. -->","yoast_head_json":{"title":"LIMA - HEDES\u0130GN-HEDESIGN","robots":{"index":"index","follow":"follow","max-snippet":"max-snippet:-1","max-image-preview":"max-image-preview:large","max-video-preview":"max-video-preview:-1"},"canonical":"https:\/\/www.hedesign.com\/product\/lima\/","og_locale":"de_DE","og_type":"article","og_title":"LIMA - HEDES\u0130GN-HEDESIGN","og_description":"Erleben Sie moderne Eleganz mit dem LIMA Swivel Accent Chair. Der Stuhl ist mit einem strukturierten Boucl\u00e9-Stoff gepolstert und verf\u00fcgt \u00fcber ein ergonomisches Design mit einer bequemen Sitzfl\u00e4che und R\u00fcckenlehne. Das robuste Drehgestell aus Metall sorgt f\u00fcr m\u00fchelose Bewegung und macht ihn zu einer perfekten Erg\u00e4nzung f\u00fcr jeden modernen Wohnbereich oder jedes B\u00fcro.","og_url":"https:\/\/www.hedesign.com\/product\/lima\/","og_site_name":"HEDES\u0130GN-HEDESIGN","twitter_card":"summary_large_image","twitter_misc":{"Gesch\u00e4tzte Lesezeit":"1\u00a0Minute"},"schema":{"@context":"https:\/\/schema.org","@graph":[{"@type":"WebPage","@id":"https:\/\/www.hedesign.com\/product\/lima\/","url":"https:\/\/www.hedesign.com\/product\/lima\/","name":"LIMA - HEDES\u0130GN-HEDESIGN","isPartOf":{"@id":"https:\/\/www.hedesign.com\/#website"},"primaryImageOfPage":{"@id":"https:\/\/www.hedesign.com\/product\/lima\/#primaryimage"},"image":{"@id":"https:\/\/www.hedesign.com\/product\/lima\/#primaryimage"},"thumbnailUrl":"https:\/\/www.hedesign.com\/wp-content\/uploads\/2025\/03\/LIMA-scaled-e1743072921669.jpg","datePublished":"2025-03-08T03:46:03+00:00","breadcrumb":{"@id":"https:\/\/www.hedesign.com\/product\/lima\/#breadcrumb"},"inLanguage":"de","potentialAction":[{"@type":"ReadAction","target":["https:\/\/www.hedesign.com\/product\/lima\/"]}]},{"@type":"ImageObject","inLanguage":"de","@id":"https:\/\/www.hedesign.com\/product\/lima\/#primaryimage","url":"https:\/\/www.hedesign.com\/wp-content\/uploads\/2025\/03\/LIMA-scaled-e1743072921669.jpg","contentUrl":"https:\/\/www.hedesign.com\/wp-content\/uploads\/2025\/03\/LIMA-scaled-e1743072921669.jpg","width":1918,"height":2052},{"@type":"BreadcrumbList","@id":"https:\/\/www.hedesign.com\/product\/lima\/#breadcrumb","itemListElement":[{"@type":"ListItem","position":1,"name":"Startseite","item":"https:\/\/www.hedesign.com\/en\/"},{"@type":"ListItem","position":2,"name":"Products","item":"https:\/\/www.hedesign.com\/shop\/"},{"@type":"ListItem","position":3,"name":"LIMA"}]},{"@type":"WebSite","@id":"https:\/\/www.hedesign.com\/#website","url":"https:\/\/www.hedesign.com\/","name":"HEDES\u0130GN-HEDESIGN","description":"","publisher":{"@id":"https:\/\/www.hedesign.com\/#organization"},"potentialAction":[{"@type":"SearchAction","target":{"@type":"EntryPoint","urlTemplate":"https:\/\/www.hedesign.com\/?s={search_term_string}"},"query-input":{"@type":"PropertyValueSpecification","valueRequired":true,"valueName":"search_term_string"}}],"inLanguage":"de"},{"@type":"Organization","@id":"https:\/\/www.hedesign.com\/#organization","name":"HEDES\u0130GN-HEDESIGN","url":"https:\/\/www.hedesign.com\/","logo":{"@type":"ImageObject","inLanguage":"de","@id":"https:\/\/www.hedesign.com\/#\/schema\/logo\/image\/","url":"https:\/\/www.hedesign.com\/wp-content\/uploads\/2025\/03\/site-logo.png","contentUrl":"https:\/\/www.hedesign.com\/wp-content\/uploads\/2025\/03\/site-logo.png","width":491,"height":508,"caption":"HEDES\u0130GN-HEDESIGN"},"image":{"@id":"https:\/\/www.hedesign.com\/#\/schema\/logo\/image\/"}}]}},"_links":{"self":[{"href":"https:\/\/www.hedesign.com\/de\/wp-json\/wp\/v2\/product\/5085","targetHints":{"allow":["GET"]}}],"collection":[{"href":"https:\/\/www.hedesign.com\/de\/wp-json\/wp\/v2\/product"}],"about":[{"href":"https:\/\/www.hedesign.com\/de\/wp-json\/wp\/v2\/types\/product"}],"replies":[{"embeddable":true,"href":"https:\/\/www.hedesign.com\/de\/wp-json\/wp\/v2\/comments?post=5085"}],"version-history":[{"count":0,"href":"https:\/\/www.hedesign.com\/de\/wp-json\/wp\/v2\/product\/5085\/revisions"}],"wp:featuredmedia":[{"embeddable":true,"href":"https:\/\/www.hedesign.com\/de\/wp-json\/wp\/v2\/media\/5086"}],"wp:attachment":[{"href":"https:\/\/www.hedesign.com\/de\/wp-json\/wp\/v2\/media?parent=5085"}],"wp:term":[{"taxonomy":"product_brand","embeddable":true,"href":"https:\/\/www.hedesign.com\/de\/wp-json\/wp\/v2\/product_brand?post=5085"},{"taxonomy":"product_cat","embeddable":true,"href":"https:\/\/www.hedesign.com\/de\/wp-json\/wp\/v2\/product_cat?post=5085"},{"taxonomy":"product_tag","embeddable":true,"href":"https:\/\/www.hedesign.com\/de\/wp-json\/wp\/v2\/product_tag?post=5085"}],"curies":[{"name":"wp","href":"https:\/\/api.w.org\/{rel}","templated":true}]}}