{"id":5091,"date":"2025-03-08T03:30:56","date_gmt":"2025-03-08T03:30:56","guid":{"rendered":"https:\/\/www.hedesign.com\/product\/vivaldi\/"},"modified":"2025-03-08T03:30:56","modified_gmt":"2025-03-08T03:30:56","slug":"vivaldi","status":"publish","type":"product","link":"https:\/\/www.hedesign.com\/de\/product\/vivaldi\/","title":{"rendered":"VIVALDI"},"content":{"rendered":"<p>Der Stuhl VIVALDI ist eine perfekte Mischung aus moderner \u00c4sthetik und ergonomischem Komfort. Der f\u00fcr zeitgen\u00f6ssische Interieurs konzipierte Stuhl hat eine gut gepolsterte Sitzfl\u00e4che und R\u00fcckenlehne mit einem weichen, neutralen Stoffbezug, der zu jeder Einrichtung passt. Die geschwungenen Armlehnen und die weiche Unterst\u00fctzung bieten au\u00dfergew\u00f6hnlichen Komfort f\u00fcr langes Sitzen. Das markante, bronzefarbene Metalldrehgestell sorgt f\u00fcr Langlebigkeit und Stabilit\u00e4t und verleiht dem Stuhl einen raffinierten Touch. Ob im Chefb\u00fcro, im Home Office oder in einer stilvollen Lounge &#8211; der VIVALDI-Stuhl bietet ein erstklassiges Sitzerlebnis mit zeitlosem Design.<\/p>\n","protected":false},"excerpt":{"rendered":"<p>Der Stuhl VIVALDI ist ein anspruchsvoller und ergonomischer Drehstuhl mit weich gepolstertem Sitz und R\u00fcckenlehne. Er ist mit einem weichen, neutralen Stoff gepolstert und verbindet moderne Eleganz mit Komfort. Das robuste Metallgestell in schlichter Bronzeoptik verleiht ihm einen Hauch von Luxus und macht ihn zu einer ausgezeichneten Wahl f\u00fcr Wohn- und B\u00fcror\u00e4ume.<\/p>\n","protected":false},"featured_media":5092,"comment_status":"open","ping_status":"closed","template":"","meta":[],"product_brand":[],"product_cat":[126],"product_tag":[],"class_list":{"0":"post-5091","1":"product","2":"type-product","3":"status-publish","4":"has-post-thumbnail","6":"product_cat-sessel","8":"first","9":"instock","10":"shipping-taxable","11":"product-type-simple"},"yoast_head":"<!-- This site is optimized with the Yoast SEO plugin v27.0 - https:\/\/yoast.com\/product\/yoast-seo-wordpress\/ -->\n<title>VIVALDI - HEDES\u0130GN-HEDESIGN<\/title>\n<meta name=\"robots\" content=\"index, follow, max-snippet:-1, max-image-preview:large, max-video-preview:-1\" \/>\n<link rel=\"canonical\" href=\"https:\/\/www.hedesign.com\/product\/vivaldi\/\" \/>\n<meta property=\"og:locale\" content=\"de_DE\" \/>\n<meta property=\"og:type\" content=\"article\" \/>\n<meta property=\"og:title\" content=\"VIVALDI - HEDES\u0130GN-HEDESIGN\" \/>\n<meta property=\"og:description\" content=\"Der Stuhl VIVALDI ist ein anspruchsvoller und ergonomischer Drehstuhl mit weich gepolstertem Sitz und R\u00fcckenlehne. Er ist mit einem weichen, neutralen Stoff gepolstert und verbindet moderne Eleganz mit Komfort. Das robuste Metallgestell in schlichter Bronzeoptik verleiht ihm einen Hauch von Luxus und macht ihn zu einer ausgezeichneten Wahl f\u00fcr Wohn- und B\u00fcror\u00e4ume.\" \/>\n<meta property=\"og:url\" content=\"https:\/\/www.hedesign.com\/product\/vivaldi\/\" \/>\n<meta property=\"og:site_name\" content=\"HEDES\u0130GN-HEDESIGN\" \/>\n<meta property=\"og:image\" content=\"https:\/\/www.hedesign.com\/wp-content\/uploads\/2025\/04\/VIVALDI-1.jpg\" \/>\n\t<meta property=\"og:image:width\" content=\"720\" \/>\n\t<meta property=\"og:image:height\" content=\"1080\" \/>\n\t<meta property=\"og:image:type\" content=\"image\/jpeg\" \/>\n<meta name=\"twitter:card\" content=\"summary_large_image\" \/>\n<script type=\"application\/ld+json\" class=\"yoast-schema-graph\">{\"@context\":\"https:\/\/schema.org\",\"@graph\":[{\"@type\":\"WebPage\",\"@id\":\"https:\/\/www.hedesign.com\/product\/vivaldi\/\",\"url\":\"https:\/\/www.hedesign.com\/product\/vivaldi\/\",\"name\":\"VIVALDI - HEDES\u0130GN-HEDESIGN\",\"isPartOf\":{\"@id\":\"https:\/\/www.hedesign.com\/#website\"},\"primaryImageOfPage\":{\"@id\":\"https:\/\/www.hedesign.com\/product\/vivaldi\/#primaryimage\"},\"image\":{\"@id\":\"https:\/\/www.hedesign.com\/product\/vivaldi\/#primaryimage\"},\"thumbnailUrl\":\"https:\/\/www.hedesign.com\/wp-content\/uploads\/2025\/04\/VIVALDI-1.jpg\",\"datePublished\":\"2025-03-08T03:30:56+00:00\",\"breadcrumb\":{\"@id\":\"https:\/\/www.hedesign.com\/product\/vivaldi\/#breadcrumb\"},\"inLanguage\":\"de\",\"potentialAction\":[{\"@type\":\"ReadAction\",\"target\":[\"https:\/\/www.hedesign.com\/product\/vivaldi\/\"]}]},{\"@type\":\"ImageObject\",\"inLanguage\":\"de\",\"@id\":\"https:\/\/www.hedesign.com\/product\/vivaldi\/#primaryimage\",\"url\":\"https:\/\/www.hedesign.com\/wp-content\/uploads\/2025\/04\/VIVALDI-1.jpg\",\"contentUrl\":\"https:\/\/www.hedesign.com\/wp-content\/uploads\/2025\/04\/VIVALDI-1.jpg\",\"width\":720,\"height\":1080},{\"@type\":\"BreadcrumbList\",\"@id\":\"https:\/\/www.hedesign.com\/product\/vivaldi\/#breadcrumb\",\"itemListElement\":[{\"@type\":\"ListItem\",\"position\":1,\"name\":\"Startseite\",\"item\":\"https:\/\/www.hedesign.com\/en\/\"},{\"@type\":\"ListItem\",\"position\":2,\"name\":\"Products\",\"item\":\"https:\/\/www.hedesign.com\/shop\/\"},{\"@type\":\"ListItem\",\"position\":3,\"name\":\"VIVALDI\"}]},{\"@type\":\"WebSite\",\"@id\":\"https:\/\/www.hedesign.com\/#website\",\"url\":\"https:\/\/www.hedesign.com\/\",\"name\":\"HEDES\u0130GN-HEDESIGN\",\"description\":\"\",\"publisher\":{\"@id\":\"https:\/\/www.hedesign.com\/#organization\"},\"potentialAction\":[{\"@type\":\"SearchAction\",\"target\":{\"@type\":\"EntryPoint\",\"urlTemplate\":\"https:\/\/www.hedesign.com\/?s={search_term_string}\"},\"query-input\":{\"@type\":\"PropertyValueSpecification\",\"valueRequired\":true,\"valueName\":\"search_term_string\"}}],\"inLanguage\":\"de\"},{\"@type\":\"Organization\",\"@id\":\"https:\/\/www.hedesign.com\/#organization\",\"name\":\"HEDES\u0130GN-HEDESIGN\",\"url\":\"https:\/\/www.hedesign.com\/\",\"logo\":{\"@type\":\"ImageObject\",\"inLanguage\":\"de\",\"@id\":\"https:\/\/www.hedesign.com\/#\/schema\/logo\/image\/\",\"url\":\"https:\/\/www.hedesign.com\/wp-content\/uploads\/2025\/03\/site-logo.png\",\"contentUrl\":\"https:\/\/www.hedesign.com\/wp-content\/uploads\/2025\/03\/site-logo.png\",\"width\":491,\"height\":508,\"caption\":\"HEDES\u0130GN-HEDESIGN\"},\"image\":{\"@id\":\"https:\/\/www.hedesign.com\/#\/schema\/logo\/image\/\"}}]}<\/script>\n<!-- \/ Yoast SEO plugin. -->","yoast_head_json":{"title":"VIVALDI - HEDES\u0130GN-HEDESIGN","robots":{"index":"index","follow":"follow","max-snippet":"max-snippet:-1","max-image-preview":"max-image-preview:large","max-video-preview":"max-video-preview:-1"},"canonical":"https:\/\/www.hedesign.com\/product\/vivaldi\/","og_locale":"de_DE","og_type":"article","og_title":"VIVALDI - HEDES\u0130GN-HEDESIGN","og_description":"Der Stuhl VIVALDI ist ein anspruchsvoller und ergonomischer Drehstuhl mit weich gepolstertem Sitz und R\u00fcckenlehne. Er ist mit einem weichen, neutralen Stoff gepolstert und verbindet moderne Eleganz mit Komfort. Das robuste Metallgestell in schlichter Bronzeoptik verleiht ihm einen Hauch von Luxus und macht ihn zu einer ausgezeichneten Wahl f\u00fcr Wohn- und B\u00fcror\u00e4ume.","og_url":"https:\/\/www.hedesign.com\/product\/vivaldi\/","og_site_name":"HEDES\u0130GN-HEDESIGN","og_image":[{"width":720,"height":1080,"url":"https:\/\/www.hedesign.com\/wp-content\/uploads\/2025\/04\/VIVALDI-1.jpg","type":"image\/jpeg"}],"twitter_card":"summary_large_image","schema":{"@context":"https:\/\/schema.org","@graph":[{"@type":"WebPage","@id":"https:\/\/www.hedesign.com\/product\/vivaldi\/","url":"https:\/\/www.hedesign.com\/product\/vivaldi\/","name":"VIVALDI - HEDES\u0130GN-HEDESIGN","isPartOf":{"@id":"https:\/\/www.hedesign.com\/#website"},"primaryImageOfPage":{"@id":"https:\/\/www.hedesign.com\/product\/vivaldi\/#primaryimage"},"image":{"@id":"https:\/\/www.hedesign.com\/product\/vivaldi\/#primaryimage"},"thumbnailUrl":"https:\/\/www.hedesign.com\/wp-content\/uploads\/2025\/04\/VIVALDI-1.jpg","datePublished":"2025-03-08T03:30:56+00:00","breadcrumb":{"@id":"https:\/\/www.hedesign.com\/product\/vivaldi\/#breadcrumb"},"inLanguage":"de","potentialAction":[{"@type":"ReadAction","target":["https:\/\/www.hedesign.com\/product\/vivaldi\/"]}]},{"@type":"ImageObject","inLanguage":"de","@id":"https:\/\/www.hedesign.com\/product\/vivaldi\/#primaryimage","url":"https:\/\/www.hedesign.com\/wp-content\/uploads\/2025\/04\/VIVALDI-1.jpg","contentUrl":"https:\/\/www.hedesign.com\/wp-content\/uploads\/2025\/04\/VIVALDI-1.jpg","width":720,"height":1080},{"@type":"BreadcrumbList","@id":"https:\/\/www.hedesign.com\/product\/vivaldi\/#breadcrumb","itemListElement":[{"@type":"ListItem","position":1,"name":"Startseite","item":"https:\/\/www.hedesign.com\/en\/"},{"@type":"ListItem","position":2,"name":"Products","item":"https:\/\/www.hedesign.com\/shop\/"},{"@type":"ListItem","position":3,"name":"VIVALDI"}]},{"@type":"WebSite","@id":"https:\/\/www.hedesign.com\/#website","url":"https:\/\/www.hedesign.com\/","name":"HEDES\u0130GN-HEDESIGN","description":"","publisher":{"@id":"https:\/\/www.hedesign.com\/#organization"},"potentialAction":[{"@type":"SearchAction","target":{"@type":"EntryPoint","urlTemplate":"https:\/\/www.hedesign.com\/?s={search_term_string}"},"query-input":{"@type":"PropertyValueSpecification","valueRequired":true,"valueName":"search_term_string"}}],"inLanguage":"de"},{"@type":"Organization","@id":"https:\/\/www.hedesign.com\/#organization","name":"HEDES\u0130GN-HEDESIGN","url":"https:\/\/www.hedesign.com\/","logo":{"@type":"ImageObject","inLanguage":"de","@id":"https:\/\/www.hedesign.com\/#\/schema\/logo\/image\/","url":"https:\/\/www.hedesign.com\/wp-content\/uploads\/2025\/03\/site-logo.png","contentUrl":"https:\/\/www.hedesign.com\/wp-content\/uploads\/2025\/03\/site-logo.png","width":491,"height":508,"caption":"HEDES\u0130GN-HEDESIGN"},"image":{"@id":"https:\/\/www.hedesign.com\/#\/schema\/logo\/image\/"}}]}},"_links":{"self":[{"href":"https:\/\/www.hedesign.com\/de\/wp-json\/wp\/v2\/product\/5091","targetHints":{"allow":["GET"]}}],"collection":[{"href":"https:\/\/www.hedesign.com\/de\/wp-json\/wp\/v2\/product"}],"about":[{"href":"https:\/\/www.hedesign.com\/de\/wp-json\/wp\/v2\/types\/product"}],"replies":[{"embeddable":true,"href":"https:\/\/www.hedesign.com\/de\/wp-json\/wp\/v2\/comments?post=5091"}],"version-history":[{"count":0,"href":"https:\/\/www.hedesign.com\/de\/wp-json\/wp\/v2\/product\/5091\/revisions"}],"wp:featuredmedia":[{"embeddable":true,"href":"https:\/\/www.hedesign.com\/de\/wp-json\/wp\/v2\/media\/5092"}],"wp:attachment":[{"href":"https:\/\/www.hedesign.com\/de\/wp-json\/wp\/v2\/media?parent=5091"}],"wp:term":[{"taxonomy":"product_brand","embeddable":true,"href":"https:\/\/www.hedesign.com\/de\/wp-json\/wp\/v2\/product_brand?post=5091"},{"taxonomy":"product_cat","embeddable":true,"href":"https:\/\/www.hedesign.com\/de\/wp-json\/wp\/v2\/product_cat?post=5091"},{"taxonomy":"product_tag","embeddable":true,"href":"https:\/\/www.hedesign.com\/de\/wp-json\/wp\/v2\/product_tag?post=5091"}],"curies":[{"name":"wp","href":"https:\/\/api.w.org\/{rel}","templated":true}]}}