{"id":5105,"date":"2025-03-08T03:18:37","date_gmt":"2025-03-08T03:18:37","guid":{"rendered":"https:\/\/www.hedesign.com\/product\/romina\/"},"modified":"2025-03-08T03:18:37","modified_gmt":"2025-03-08T03:18:37","slug":"romina","status":"publish","type":"product","link":"https:\/\/www.hedesign.com\/de\/product\/romina\/","title":{"rendered":"ROMINA"},"content":{"rendered":"<p>Der Stuhl ROMINA ist ein Statement, das gem\u00fctlichen Komfort mit moderner Raffinesse verbindet. Mit seiner einladend tiefen Sitzfl\u00e4che und seinem runden Design ist dieser Stuhl mit einem weichen, zotteligen Stoff in einer satten Karamellfarbe gepolstert, der jedem Interieur W\u00e4rme und Charakter verleiht. Der robuste Drehfu\u00df aus schwarzem Metall sorgt f\u00fcr Stabilit\u00e4t und reibungslose Bewegung und macht den Sessel sowohl funktional als auch stilvoll. Der Sessel ROMINA ist ideal f\u00fcr Wohnzimmer, Leseecken oder Lounge-Bereiche und eignet sich perfekt f\u00fcr alle, die luxuri\u00f6se Sitzgelegenheiten mit einem Hauch von modernem Charme sch\u00e4tzen.<\/p>\n","protected":false},"excerpt":{"rendered":"<p>Der Stuhl ROMINA ist ein luxuri\u00f6ser, moderner Drehstuhl mit einer weichen, robusten Polsterung in einem warmen Karamellton. Mit seiner tiefen, abgerundeten Sitzfl\u00e4che und dem stabilen schwarzen Metallgestell bietet er sowohl Komfort als auch zeitgen\u00f6ssische Eleganz f\u00fcr jeden Wohn- oder Loungebereich.<\/p>\n","protected":false},"featured_media":5106,"comment_status":"open","ping_status":"closed","template":"","meta":[],"product_brand":[],"product_cat":[126],"product_tag":[],"class_list":{"0":"post-5105","1":"product","2":"type-product","3":"status-publish","4":"has-post-thumbnail","6":"product_cat-sessel","8":"first","9":"instock","10":"shipping-taxable","11":"product-type-simple"},"yoast_head":"<!-- This site is optimized with the Yoast SEO plugin v27.0 - https:\/\/yoast.com\/product\/yoast-seo-wordpress\/ -->\n<title>ROMINA - HEDES\u0130GN-HEDESIGN<\/title>\n<meta name=\"robots\" content=\"index, follow, max-snippet:-1, max-image-preview:large, max-video-preview:-1\" \/>\n<link rel=\"canonical\" href=\"https:\/\/www.hedesign.com\/product\/romina-2\/\" \/>\n<meta property=\"og:locale\" content=\"de_DE\" \/>\n<meta property=\"og:type\" content=\"article\" \/>\n<meta property=\"og:title\" content=\"ROMINA - HEDES\u0130GN-HEDESIGN\" \/>\n<meta property=\"og:description\" content=\"Der Stuhl ROMINA ist ein luxuri\u00f6ser, moderner Drehstuhl mit einer weichen, robusten Polsterung in einem warmen Karamellton. Mit seiner tiefen, abgerundeten Sitzfl\u00e4che und dem stabilen schwarzen Metallgestell bietet er sowohl Komfort als auch zeitgen\u00f6ssische Eleganz f\u00fcr jeden Wohn- oder Loungebereich.\" \/>\n<meta property=\"og:url\" content=\"https:\/\/www.hedesign.com\/product\/romina-2\/\" \/>\n<meta property=\"og:site_name\" content=\"HEDES\u0130GN-HEDESIGN\" \/>\n<meta property=\"og:image\" content=\"https:\/\/www.hedesign.com\/wp-content\/uploads\/2025\/04\/ROMINA-1.jpg\" \/>\n\t<meta property=\"og:image:width\" content=\"720\" \/>\n\t<meta property=\"og:image:height\" content=\"1080\" \/>\n\t<meta property=\"og:image:type\" content=\"image\/jpeg\" \/>\n<meta name=\"twitter:card\" content=\"summary_large_image\" \/>\n<script type=\"application\/ld+json\" class=\"yoast-schema-graph\">{\"@context\":\"https:\/\/schema.org\",\"@graph\":[{\"@type\":\"WebPage\",\"@id\":\"https:\/\/www.hedesign.com\/product\/romina-2\/\",\"url\":\"https:\/\/www.hedesign.com\/product\/romina-2\/\",\"name\":\"ROMINA - HEDES\u0130GN-HEDESIGN\",\"isPartOf\":{\"@id\":\"https:\/\/www.hedesign.com\/#website\"},\"primaryImageOfPage\":{\"@id\":\"https:\/\/www.hedesign.com\/product\/romina-2\/#primaryimage\"},\"image\":{\"@id\":\"https:\/\/www.hedesign.com\/product\/romina-2\/#primaryimage\"},\"thumbnailUrl\":\"https:\/\/www.hedesign.com\/wp-content\/uploads\/2025\/04\/ROMINA-1.jpg\",\"datePublished\":\"2025-03-08T03:18:37+00:00\",\"breadcrumb\":{\"@id\":\"https:\/\/www.hedesign.com\/product\/romina-2\/#breadcrumb\"},\"inLanguage\":\"de\",\"potentialAction\":[{\"@type\":\"ReadAction\",\"target\":[\"https:\/\/www.hedesign.com\/product\/romina-2\/\"]}]},{\"@type\":\"ImageObject\",\"inLanguage\":\"de\",\"@id\":\"https:\/\/www.hedesign.com\/product\/romina-2\/#primaryimage\",\"url\":\"https:\/\/www.hedesign.com\/wp-content\/uploads\/2025\/04\/ROMINA-1.jpg\",\"contentUrl\":\"https:\/\/www.hedesign.com\/wp-content\/uploads\/2025\/04\/ROMINA-1.jpg\",\"width\":720,\"height\":1080},{\"@type\":\"BreadcrumbList\",\"@id\":\"https:\/\/www.hedesign.com\/product\/romina-2\/#breadcrumb\",\"itemListElement\":[{\"@type\":\"ListItem\",\"position\":1,\"name\":\"Startseite\",\"item\":\"https:\/\/www.hedesign.com\/en\/\"},{\"@type\":\"ListItem\",\"position\":2,\"name\":\"Products\",\"item\":\"https:\/\/www.hedesign.com\/shop\/\"},{\"@type\":\"ListItem\",\"position\":3,\"name\":\"ROMINA\"}]},{\"@type\":\"WebSite\",\"@id\":\"https:\/\/www.hedesign.com\/#website\",\"url\":\"https:\/\/www.hedesign.com\/\",\"name\":\"HEDES\u0130GN-HEDESIGN\",\"description\":\"\",\"publisher\":{\"@id\":\"https:\/\/www.hedesign.com\/#organization\"},\"potentialAction\":[{\"@type\":\"SearchAction\",\"target\":{\"@type\":\"EntryPoint\",\"urlTemplate\":\"https:\/\/www.hedesign.com\/?s={search_term_string}\"},\"query-input\":{\"@type\":\"PropertyValueSpecification\",\"valueRequired\":true,\"valueName\":\"search_term_string\"}}],\"inLanguage\":\"de\"},{\"@type\":\"Organization\",\"@id\":\"https:\/\/www.hedesign.com\/#organization\",\"name\":\"HEDES\u0130GN-HEDESIGN\",\"url\":\"https:\/\/www.hedesign.com\/\",\"logo\":{\"@type\":\"ImageObject\",\"inLanguage\":\"de\",\"@id\":\"https:\/\/www.hedesign.com\/#\/schema\/logo\/image\/\",\"url\":\"https:\/\/www.hedesign.com\/wp-content\/uploads\/2025\/03\/site-logo.png\",\"contentUrl\":\"https:\/\/www.hedesign.com\/wp-content\/uploads\/2025\/03\/site-logo.png\",\"width\":491,\"height\":508,\"caption\":\"HEDES\u0130GN-HEDESIGN\"},\"image\":{\"@id\":\"https:\/\/www.hedesign.com\/#\/schema\/logo\/image\/\"}}]}<\/script>\n<!-- \/ Yoast SEO plugin. -->","yoast_head_json":{"title":"ROMINA - HEDES\u0130GN-HEDESIGN","robots":{"index":"index","follow":"follow","max-snippet":"max-snippet:-1","max-image-preview":"max-image-preview:large","max-video-preview":"max-video-preview:-1"},"canonical":"https:\/\/www.hedesign.com\/product\/romina-2\/","og_locale":"de_DE","og_type":"article","og_title":"ROMINA - HEDES\u0130GN-HEDESIGN","og_description":"Der Stuhl ROMINA ist ein luxuri\u00f6ser, moderner Drehstuhl mit einer weichen, robusten Polsterung in einem warmen Karamellton. Mit seiner tiefen, abgerundeten Sitzfl\u00e4che und dem stabilen schwarzen Metallgestell bietet er sowohl Komfort als auch zeitgen\u00f6ssische Eleganz f\u00fcr jeden Wohn- oder Loungebereich.","og_url":"https:\/\/www.hedesign.com\/product\/romina-2\/","og_site_name":"HEDES\u0130GN-HEDESIGN","og_image":[{"width":720,"height":1080,"url":"https:\/\/www.hedesign.com\/wp-content\/uploads\/2025\/04\/ROMINA-1.jpg","type":"image\/jpeg"}],"twitter_card":"summary_large_image","schema":{"@context":"https:\/\/schema.org","@graph":[{"@type":"WebPage","@id":"https:\/\/www.hedesign.com\/product\/romina-2\/","url":"https:\/\/www.hedesign.com\/product\/romina-2\/","name":"ROMINA - HEDES\u0130GN-HEDESIGN","isPartOf":{"@id":"https:\/\/www.hedesign.com\/#website"},"primaryImageOfPage":{"@id":"https:\/\/www.hedesign.com\/product\/romina-2\/#primaryimage"},"image":{"@id":"https:\/\/www.hedesign.com\/product\/romina-2\/#primaryimage"},"thumbnailUrl":"https:\/\/www.hedesign.com\/wp-content\/uploads\/2025\/04\/ROMINA-1.jpg","datePublished":"2025-03-08T03:18:37+00:00","breadcrumb":{"@id":"https:\/\/www.hedesign.com\/product\/romina-2\/#breadcrumb"},"inLanguage":"de","potentialAction":[{"@type":"ReadAction","target":["https:\/\/www.hedesign.com\/product\/romina-2\/"]}]},{"@type":"ImageObject","inLanguage":"de","@id":"https:\/\/www.hedesign.com\/product\/romina-2\/#primaryimage","url":"https:\/\/www.hedesign.com\/wp-content\/uploads\/2025\/04\/ROMINA-1.jpg","contentUrl":"https:\/\/www.hedesign.com\/wp-content\/uploads\/2025\/04\/ROMINA-1.jpg","width":720,"height":1080},{"@type":"BreadcrumbList","@id":"https:\/\/www.hedesign.com\/product\/romina-2\/#breadcrumb","itemListElement":[{"@type":"ListItem","position":1,"name":"Startseite","item":"https:\/\/www.hedesign.com\/en\/"},{"@type":"ListItem","position":2,"name":"Products","item":"https:\/\/www.hedesign.com\/shop\/"},{"@type":"ListItem","position":3,"name":"ROMINA"}]},{"@type":"WebSite","@id":"https:\/\/www.hedesign.com\/#website","url":"https:\/\/www.hedesign.com\/","name":"HEDES\u0130GN-HEDESIGN","description":"","publisher":{"@id":"https:\/\/www.hedesign.com\/#organization"},"potentialAction":[{"@type":"SearchAction","target":{"@type":"EntryPoint","urlTemplate":"https:\/\/www.hedesign.com\/?s={search_term_string}"},"query-input":{"@type":"PropertyValueSpecification","valueRequired":true,"valueName":"search_term_string"}}],"inLanguage":"de"},{"@type":"Organization","@id":"https:\/\/www.hedesign.com\/#organization","name":"HEDES\u0130GN-HEDESIGN","url":"https:\/\/www.hedesign.com\/","logo":{"@type":"ImageObject","inLanguage":"de","@id":"https:\/\/www.hedesign.com\/#\/schema\/logo\/image\/","url":"https:\/\/www.hedesign.com\/wp-content\/uploads\/2025\/03\/site-logo.png","contentUrl":"https:\/\/www.hedesign.com\/wp-content\/uploads\/2025\/03\/site-logo.png","width":491,"height":508,"caption":"HEDES\u0130GN-HEDESIGN"},"image":{"@id":"https:\/\/www.hedesign.com\/#\/schema\/logo\/image\/"}}]}},"_links":{"self":[{"href":"https:\/\/www.hedesign.com\/de\/wp-json\/wp\/v2\/product\/5105","targetHints":{"allow":["GET"]}}],"collection":[{"href":"https:\/\/www.hedesign.com\/de\/wp-json\/wp\/v2\/product"}],"about":[{"href":"https:\/\/www.hedesign.com\/de\/wp-json\/wp\/v2\/types\/product"}],"replies":[{"embeddable":true,"href":"https:\/\/www.hedesign.com\/de\/wp-json\/wp\/v2\/comments?post=5105"}],"version-history":[{"count":0,"href":"https:\/\/www.hedesign.com\/de\/wp-json\/wp\/v2\/product\/5105\/revisions"}],"wp:featuredmedia":[{"embeddable":true,"href":"https:\/\/www.hedesign.com\/de\/wp-json\/wp\/v2\/media\/5106"}],"wp:attachment":[{"href":"https:\/\/www.hedesign.com\/de\/wp-json\/wp\/v2\/media?parent=5105"}],"wp:term":[{"taxonomy":"product_brand","embeddable":true,"href":"https:\/\/www.hedesign.com\/de\/wp-json\/wp\/v2\/product_brand?post=5105"},{"taxonomy":"product_cat","embeddable":true,"href":"https:\/\/www.hedesign.com\/de\/wp-json\/wp\/v2\/product_cat?post=5105"},{"taxonomy":"product_tag","embeddable":true,"href":"https:\/\/www.hedesign.com\/de\/wp-json\/wp\/v2\/product_tag?post=5105"}],"curies":[{"name":"wp","href":"https:\/\/api.w.org\/{rel}","templated":true}]}}