{"id":5120,"date":"2025-03-08T03:05:42","date_gmt":"2025-03-08T03:05:42","guid":{"rendered":"https:\/\/www.hedesign.com\/product\/marino\/"},"modified":"2025-04-12T09:33:59","modified_gmt":"2025-04-12T09:33:59","slug":"marino","status":"publish","type":"product","link":"https:\/\/www.hedesign.com\/de\/product\/marino\/","title":{"rendered":"MARINO"},"content":{"rendered":"<p>Der Stuhl MARINO ist eine hochwertige Sitzgelegenheit, die sowohl Stil als auch Komfort bietet. Mit seiner weichen, strukturierten Polsterung bietet er einen gem\u00fctlichen und zugleich anspruchsvollen Look. Die gro\u00dfz\u00fcgig gepolsterte Sitzfl\u00e4che und R\u00fcckenlehne sorgen f\u00fcr maximalen Komfort, w\u00e4hrend die schlanken Armlehnen einen Hauch von Eleganz verleihen.<\/p>\n<p>Der MARINO-Stuhl ist auf einem robusten Metalldrehgestell aufgebaut und bietet eine reibungslose Bewegung und Vielseitigkeit, die ihn zu einer ausgezeichneten Erg\u00e4nzung f\u00fcr B\u00fcror\u00e4ume, Lounges oder stilvolle Interieurs macht. Mit seinen neutralen Farbt\u00f6nen und seinem minimalistischen Design passt er perfekt in moderne und zeitgen\u00f6ssische Umgebungen. Ob bei der Arbeit, in der Freizeit oder in sozialen Einrichtungen, der Stuhl MARINO ist sowohl \u00e4sthetisch als auch praktisch.<\/p>\n","protected":false},"excerpt":{"rendered":"<p>Der Stuhl MARINO ist ein moderner Drehstuhl, der sowohl Komfort als auch Stil bietet. Mit seinem weich gepolsterten Sitz, den st\u00fctzenden Armlehnen und dem robusten Metallgestell verbindet er moderne \u00c4sthetik mit ergonomischer Funktionalit\u00e4t und eignet sich perfekt f\u00fcr den Wohn- oder B\u00fcrobereich.<\/p>\n","protected":false},"featured_media":5121,"comment_status":"open","ping_status":"closed","template":"","meta":[],"product_brand":[],"product_cat":[126],"product_tag":[],"class_list":{"0":"post-5120","1":"product","2":"type-product","3":"status-publish","4":"has-post-thumbnail","6":"product_cat-sessel","8":"first","9":"instock","10":"shipping-taxable","11":"product-type-simple"},"yoast_head":"<!-- This site is optimized with the Yoast SEO plugin v27.0 - https:\/\/yoast.com\/product\/yoast-seo-wordpress\/ -->\n<title>MARINO - HEDES\u0130GN-HEDESIGN<\/title>\n<meta name=\"robots\" content=\"index, follow, max-snippet:-1, max-image-preview:large, max-video-preview:-1\" \/>\n<link rel=\"canonical\" href=\"https:\/\/www.hedesign.com\/de\/product\/marino\/\" \/>\n<meta property=\"og:locale\" content=\"de_DE\" \/>\n<meta property=\"og:type\" content=\"article\" \/>\n<meta property=\"og:title\" content=\"MARINO - HEDES\u0130GN-HEDESIGN\" \/>\n<meta property=\"og:description\" content=\"Der Stuhl MARINO ist ein moderner Drehstuhl, der sowohl Komfort als auch Stil bietet. Mit seinem weich gepolsterten Sitz, den st\u00fctzenden Armlehnen und dem robusten Metallgestell verbindet er moderne \u00c4sthetik mit ergonomischer Funktionalit\u00e4t und eignet sich perfekt f\u00fcr den Wohn- oder B\u00fcrobereich.\" \/>\n<meta property=\"og:url\" content=\"https:\/\/www.hedesign.com\/de\/product\/marino\/\" \/>\n<meta property=\"og:site_name\" content=\"HEDES\u0130GN-HEDESIGN\" \/>\n<meta property=\"article:modified_time\" content=\"2025-04-12T09:33:59+00:00\" \/>\n<meta property=\"og:image\" content=\"https:\/\/www.hedesign.com\/wp-content\/uploads\/2025\/04\/MARINO-1.jpg\" \/>\n\t<meta property=\"og:image:width\" content=\"720\" \/>\n\t<meta property=\"og:image:height\" content=\"1080\" \/>\n\t<meta property=\"og:image:type\" content=\"image\/jpeg\" \/>\n<meta name=\"twitter:card\" content=\"summary_large_image\" \/>\n<meta name=\"twitter:label1\" content=\"Gesch\u00e4tzte Lesezeit\" \/>\n\t<meta name=\"twitter:data1\" content=\"1\u00a0Minute\" \/>\n<script type=\"application\/ld+json\" class=\"yoast-schema-graph\">{\"@context\":\"https:\/\/schema.org\",\"@graph\":[{\"@type\":\"WebPage\",\"@id\":\"https:\/\/www.hedesign.com\/de\/product\/marino\/\",\"url\":\"https:\/\/www.hedesign.com\/de\/product\/marino\/\",\"name\":\"MARINO - HEDES\u0130GN-HEDESIGN\",\"isPartOf\":{\"@id\":\"https:\/\/www.hedesign.com\/#website\"},\"primaryImageOfPage\":{\"@id\":\"https:\/\/www.hedesign.com\/de\/product\/marino\/#primaryimage\"},\"image\":{\"@id\":\"https:\/\/www.hedesign.com\/de\/product\/marino\/#primaryimage\"},\"thumbnailUrl\":\"https:\/\/www.hedesign.com\/wp-content\/uploads\/2025\/04\/MARINO-1.jpg\",\"datePublished\":\"2025-03-08T03:05:42+00:00\",\"dateModified\":\"2025-04-12T09:33:59+00:00\",\"breadcrumb\":{\"@id\":\"https:\/\/www.hedesign.com\/de\/product\/marino\/#breadcrumb\"},\"inLanguage\":\"de\",\"potentialAction\":[{\"@type\":\"ReadAction\",\"target\":[\"https:\/\/www.hedesign.com\/de\/product\/marino\/\"]}]},{\"@type\":\"ImageObject\",\"inLanguage\":\"de\",\"@id\":\"https:\/\/www.hedesign.com\/de\/product\/marino\/#primaryimage\",\"url\":\"https:\/\/www.hedesign.com\/wp-content\/uploads\/2025\/04\/MARINO-1.jpg\",\"contentUrl\":\"https:\/\/www.hedesign.com\/wp-content\/uploads\/2025\/04\/MARINO-1.jpg\",\"width\":720,\"height\":1080},{\"@type\":\"BreadcrumbList\",\"@id\":\"https:\/\/www.hedesign.com\/de\/product\/marino\/#breadcrumb\",\"itemListElement\":[{\"@type\":\"ListItem\",\"position\":1,\"name\":\"Startseite\",\"item\":\"https:\/\/www.hedesign.com\/en\/\"},{\"@type\":\"ListItem\",\"position\":2,\"name\":\"Products\",\"item\":\"https:\/\/www.hedesign.com\/shop\/\"},{\"@type\":\"ListItem\",\"position\":3,\"name\":\"MARINO\"}]},{\"@type\":\"WebSite\",\"@id\":\"https:\/\/www.hedesign.com\/#website\",\"url\":\"https:\/\/www.hedesign.com\/\",\"name\":\"HEDES\u0130GN-HEDESIGN\",\"description\":\"\",\"publisher\":{\"@id\":\"https:\/\/www.hedesign.com\/#organization\"},\"potentialAction\":[{\"@type\":\"SearchAction\",\"target\":{\"@type\":\"EntryPoint\",\"urlTemplate\":\"https:\/\/www.hedesign.com\/?s={search_term_string}\"},\"query-input\":{\"@type\":\"PropertyValueSpecification\",\"valueRequired\":true,\"valueName\":\"search_term_string\"}}],\"inLanguage\":\"de\"},{\"@type\":\"Organization\",\"@id\":\"https:\/\/www.hedesign.com\/#organization\",\"name\":\"HEDES\u0130GN-HEDESIGN\",\"url\":\"https:\/\/www.hedesign.com\/\",\"logo\":{\"@type\":\"ImageObject\",\"inLanguage\":\"de\",\"@id\":\"https:\/\/www.hedesign.com\/#\/schema\/logo\/image\/\",\"url\":\"https:\/\/www.hedesign.com\/wp-content\/uploads\/2025\/03\/site-logo.png\",\"contentUrl\":\"https:\/\/www.hedesign.com\/wp-content\/uploads\/2025\/03\/site-logo.png\",\"width\":491,\"height\":508,\"caption\":\"HEDES\u0130GN-HEDESIGN\"},\"image\":{\"@id\":\"https:\/\/www.hedesign.com\/#\/schema\/logo\/image\/\"}}]}<\/script>\n<!-- \/ Yoast SEO plugin. -->","yoast_head_json":{"title":"MARINO - HEDES\u0130GN-HEDESIGN","robots":{"index":"index","follow":"follow","max-snippet":"max-snippet:-1","max-image-preview":"max-image-preview:large","max-video-preview":"max-video-preview:-1"},"canonical":"https:\/\/www.hedesign.com\/de\/product\/marino\/","og_locale":"de_DE","og_type":"article","og_title":"MARINO - HEDES\u0130GN-HEDESIGN","og_description":"Der Stuhl MARINO ist ein moderner Drehstuhl, der sowohl Komfort als auch Stil bietet. Mit seinem weich gepolsterten Sitz, den st\u00fctzenden Armlehnen und dem robusten Metallgestell verbindet er moderne \u00c4sthetik mit ergonomischer Funktionalit\u00e4t und eignet sich perfekt f\u00fcr den Wohn- oder B\u00fcrobereich.","og_url":"https:\/\/www.hedesign.com\/de\/product\/marino\/","og_site_name":"HEDES\u0130GN-HEDESIGN","article_modified_time":"2025-04-12T09:33:59+00:00","og_image":[{"width":720,"height":1080,"url":"https:\/\/www.hedesign.com\/wp-content\/uploads\/2025\/04\/MARINO-1.jpg","type":"image\/jpeg"}],"twitter_card":"summary_large_image","twitter_misc":{"Gesch\u00e4tzte Lesezeit":"1\u00a0Minute"},"schema":{"@context":"https:\/\/schema.org","@graph":[{"@type":"WebPage","@id":"https:\/\/www.hedesign.com\/de\/product\/marino\/","url":"https:\/\/www.hedesign.com\/de\/product\/marino\/","name":"MARINO - HEDES\u0130GN-HEDESIGN","isPartOf":{"@id":"https:\/\/www.hedesign.com\/#website"},"primaryImageOfPage":{"@id":"https:\/\/www.hedesign.com\/de\/product\/marino\/#primaryimage"},"image":{"@id":"https:\/\/www.hedesign.com\/de\/product\/marino\/#primaryimage"},"thumbnailUrl":"https:\/\/www.hedesign.com\/wp-content\/uploads\/2025\/04\/MARINO-1.jpg","datePublished":"2025-03-08T03:05:42+00:00","dateModified":"2025-04-12T09:33:59+00:00","breadcrumb":{"@id":"https:\/\/www.hedesign.com\/de\/product\/marino\/#breadcrumb"},"inLanguage":"de","potentialAction":[{"@type":"ReadAction","target":["https:\/\/www.hedesign.com\/de\/product\/marino\/"]}]},{"@type":"ImageObject","inLanguage":"de","@id":"https:\/\/www.hedesign.com\/de\/product\/marino\/#primaryimage","url":"https:\/\/www.hedesign.com\/wp-content\/uploads\/2025\/04\/MARINO-1.jpg","contentUrl":"https:\/\/www.hedesign.com\/wp-content\/uploads\/2025\/04\/MARINO-1.jpg","width":720,"height":1080},{"@type":"BreadcrumbList","@id":"https:\/\/www.hedesign.com\/de\/product\/marino\/#breadcrumb","itemListElement":[{"@type":"ListItem","position":1,"name":"Startseite","item":"https:\/\/www.hedesign.com\/en\/"},{"@type":"ListItem","position":2,"name":"Products","item":"https:\/\/www.hedesign.com\/shop\/"},{"@type":"ListItem","position":3,"name":"MARINO"}]},{"@type":"WebSite","@id":"https:\/\/www.hedesign.com\/#website","url":"https:\/\/www.hedesign.com\/","name":"HEDES\u0130GN-HEDESIGN","description":"","publisher":{"@id":"https:\/\/www.hedesign.com\/#organization"},"potentialAction":[{"@type":"SearchAction","target":{"@type":"EntryPoint","urlTemplate":"https:\/\/www.hedesign.com\/?s={search_term_string}"},"query-input":{"@type":"PropertyValueSpecification","valueRequired":true,"valueName":"search_term_string"}}],"inLanguage":"de"},{"@type":"Organization","@id":"https:\/\/www.hedesign.com\/#organization","name":"HEDES\u0130GN-HEDESIGN","url":"https:\/\/www.hedesign.com\/","logo":{"@type":"ImageObject","inLanguage":"de","@id":"https:\/\/www.hedesign.com\/#\/schema\/logo\/image\/","url":"https:\/\/www.hedesign.com\/wp-content\/uploads\/2025\/03\/site-logo.png","contentUrl":"https:\/\/www.hedesign.com\/wp-content\/uploads\/2025\/03\/site-logo.png","width":491,"height":508,"caption":"HEDES\u0130GN-HEDESIGN"},"image":{"@id":"https:\/\/www.hedesign.com\/#\/schema\/logo\/image\/"}}]}},"_links":{"self":[{"href":"https:\/\/www.hedesign.com\/de\/wp-json\/wp\/v2\/product\/5120","targetHints":{"allow":["GET"]}}],"collection":[{"href":"https:\/\/www.hedesign.com\/de\/wp-json\/wp\/v2\/product"}],"about":[{"href":"https:\/\/www.hedesign.com\/de\/wp-json\/wp\/v2\/types\/product"}],"replies":[{"embeddable":true,"href":"https:\/\/www.hedesign.com\/de\/wp-json\/wp\/v2\/comments?post=5120"}],"version-history":[{"count":1,"href":"https:\/\/www.hedesign.com\/de\/wp-json\/wp\/v2\/product\/5120\/revisions"}],"predecessor-version":[{"id":5122,"href":"https:\/\/www.hedesign.com\/de\/wp-json\/wp\/v2\/product\/5120\/revisions\/5122"}],"wp:featuredmedia":[{"embeddable":true,"href":"https:\/\/www.hedesign.com\/de\/wp-json\/wp\/v2\/media\/5121"}],"wp:attachment":[{"href":"https:\/\/www.hedesign.com\/de\/wp-json\/wp\/v2\/media?parent=5120"}],"wp:term":[{"taxonomy":"product_brand","embeddable":true,"href":"https:\/\/www.hedesign.com\/de\/wp-json\/wp\/v2\/product_brand?post=5120"},{"taxonomy":"product_cat","embeddable":true,"href":"https:\/\/www.hedesign.com\/de\/wp-json\/wp\/v2\/product_cat?post=5120"},{"taxonomy":"product_tag","embeddable":true,"href":"https:\/\/www.hedesign.com\/de\/wp-json\/wp\/v2\/product_tag?post=5120"}],"curies":[{"name":"wp","href":"https:\/\/api.w.org\/{rel}","templated":true}]}}