{"id":5123,"date":"2025-03-08T03:03:46","date_gmt":"2025-03-08T03:03:46","guid":{"rendered":"https:\/\/www.hedesign.com\/product\/manon\/"},"modified":"2025-03-08T03:03:46","modified_gmt":"2025-03-08T03:03:46","slug":"manon","status":"publish","type":"product","link":"https:\/\/www.hedesign.com\/de\/product\/manon\/","title":{"rendered":"MANON"},"content":{"rendered":"<p>Der MANON-Stuhl bietet ein ausgekl\u00fcgeltes und bequemes Sitzerlebnis, das sich sowohl f\u00fcr private als auch f\u00fcr gewerbliche Umgebungen eignet. Mit seiner sch\u00f6n geschwungenen R\u00fcckenlehne und der weichen Polsterung bietet er eine hervorragende Lendenwirbelst\u00fctze und sorgt f\u00fcr lang anhaltenden Komfort. Die weiche Polsterung verleiht ihm einen luxuri\u00f6sen Touch, w\u00e4hrend das robuste Metallgestell mit seinem schlanken, kantigen Design f\u00fcr Stabilit\u00e4t und Langlebigkeit sorgt.<\/p>\n<p>Mit seinem modernen und doch zeitlosen Design f\u00fcgt sich der MANON-Stuhl nahtlos in eine Vielzahl von Einrichtungsstilen ein und ist damit eine ausgezeichnete Wahl f\u00fcr B\u00fcros, Besprechungsr\u00e4ume, Esszimmer oder moderne Lounges. Die neutralen Farbt\u00f6ne und der hochwertige Stoff verleihen dem Stuhl Eleganz, w\u00e4hrend sein stabiles Drehgestell die Funktionalit\u00e4t erh\u00f6ht. Egal, ob Sie ihn zum Arbeiten, Entspannen oder Essen verwenden, der MANON-Stuhl ist eine perfekte Mischung aus Stil und Komfort.<\/p>\n","protected":false},"excerpt":{"rendered":"<p>Der MANON Chair ist eine stilvolle und moderne Sitzl\u00f6sung, die sowohl Komfort als auch Eleganz bietet. Mit seiner geschwungenen, gepolsterten R\u00fcckenlehne, den weichen Kissen und dem stabilen Metallgestell mit eleganter Oberfl\u00e4che verbindet dieser Stuhl Funktionalit\u00e4t mit zeitgen\u00f6ssischer \u00c4sthetik. Perfekt f\u00fcr B\u00fcros, Lounges oder Esszimmer.<\/p>\n","protected":false},"featured_media":5124,"comment_status":"open","ping_status":"closed","template":"","meta":[],"product_brand":[],"product_cat":[127],"product_tag":[],"class_list":{"0":"post-5123","1":"product","2":"type-product","3":"status-publish","4":"has-post-thumbnail","6":"product_cat-stuhle","8":"first","9":"instock","10":"shipping-taxable","11":"product-type-simple"},"yoast_head":"<!-- This site is optimized with the Yoast SEO plugin v27.0 - https:\/\/yoast.com\/product\/yoast-seo-wordpress\/ -->\n<title>MANON - HEDES\u0130GN-HEDESIGN<\/title>\n<meta name=\"robots\" content=\"index, follow, max-snippet:-1, max-image-preview:large, max-video-preview:-1\" \/>\n<link rel=\"canonical\" href=\"https:\/\/www.hedesign.com\/de\/product\/manon\/\" \/>\n<meta property=\"og:locale\" content=\"de_DE\" \/>\n<meta property=\"og:type\" content=\"article\" \/>\n<meta property=\"og:title\" content=\"MANON - HEDES\u0130GN-HEDESIGN\" \/>\n<meta property=\"og:description\" content=\"Der MANON Chair ist eine stilvolle und moderne Sitzl\u00f6sung, die sowohl Komfort als auch Eleganz bietet. Mit seiner geschwungenen, gepolsterten R\u00fcckenlehne, den weichen Kissen und dem stabilen Metallgestell mit eleganter Oberfl\u00e4che verbindet dieser Stuhl Funktionalit\u00e4t mit zeitgen\u00f6ssischer \u00c4sthetik. Perfekt f\u00fcr B\u00fcros, Lounges oder Esszimmer.\" \/>\n<meta property=\"og:url\" content=\"https:\/\/www.hedesign.com\/de\/product\/manon\/\" \/>\n<meta property=\"og:site_name\" content=\"HEDES\u0130GN-HEDESIGN\" \/>\n<meta property=\"og:image\" content=\"https:\/\/www.hedesign.com\/wp-content\/uploads\/2025\/04\/MANON.jpg\" \/>\n\t<meta property=\"og:image:width\" content=\"720\" \/>\n\t<meta property=\"og:image:height\" content=\"1080\" \/>\n\t<meta property=\"og:image:type\" content=\"image\/jpeg\" \/>\n<meta name=\"twitter:card\" content=\"summary_large_image\" \/>\n<meta name=\"twitter:label1\" content=\"Gesch\u00e4tzte Lesezeit\" \/>\n\t<meta name=\"twitter:data1\" content=\"1\u00a0Minute\" \/>\n<script type=\"application\/ld+json\" class=\"yoast-schema-graph\">{\"@context\":\"https:\/\/schema.org\",\"@graph\":[{\"@type\":\"WebPage\",\"@id\":\"https:\/\/www.hedesign.com\/de\/product\/manon\/\",\"url\":\"https:\/\/www.hedesign.com\/de\/product\/manon\/\",\"name\":\"MANON - HEDES\u0130GN-HEDESIGN\",\"isPartOf\":{\"@id\":\"https:\/\/www.hedesign.com\/#website\"},\"primaryImageOfPage\":{\"@id\":\"https:\/\/www.hedesign.com\/de\/product\/manon\/#primaryimage\"},\"image\":{\"@id\":\"https:\/\/www.hedesign.com\/de\/product\/manon\/#primaryimage\"},\"thumbnailUrl\":\"https:\/\/www.hedesign.com\/wp-content\/uploads\/2025\/04\/MANON.jpg\",\"datePublished\":\"2025-03-08T03:03:46+00:00\",\"breadcrumb\":{\"@id\":\"https:\/\/www.hedesign.com\/de\/product\/manon\/#breadcrumb\"},\"inLanguage\":\"de\",\"potentialAction\":[{\"@type\":\"ReadAction\",\"target\":[\"https:\/\/www.hedesign.com\/de\/product\/manon\/\"]}]},{\"@type\":\"ImageObject\",\"inLanguage\":\"de\",\"@id\":\"https:\/\/www.hedesign.com\/de\/product\/manon\/#primaryimage\",\"url\":\"https:\/\/www.hedesign.com\/wp-content\/uploads\/2025\/04\/MANON.jpg\",\"contentUrl\":\"https:\/\/www.hedesign.com\/wp-content\/uploads\/2025\/04\/MANON.jpg\",\"width\":720,\"height\":1080},{\"@type\":\"BreadcrumbList\",\"@id\":\"https:\/\/www.hedesign.com\/de\/product\/manon\/#breadcrumb\",\"itemListElement\":[{\"@type\":\"ListItem\",\"position\":1,\"name\":\"Startseite\",\"item\":\"https:\/\/www.hedesign.com\/en\/\"},{\"@type\":\"ListItem\",\"position\":2,\"name\":\"Products\",\"item\":\"https:\/\/www.hedesign.com\/shop\/\"},{\"@type\":\"ListItem\",\"position\":3,\"name\":\"MANON\"}]},{\"@type\":\"WebSite\",\"@id\":\"https:\/\/www.hedesign.com\/#website\",\"url\":\"https:\/\/www.hedesign.com\/\",\"name\":\"HEDES\u0130GN-HEDESIGN\",\"description\":\"\",\"publisher\":{\"@id\":\"https:\/\/www.hedesign.com\/#organization\"},\"potentialAction\":[{\"@type\":\"SearchAction\",\"target\":{\"@type\":\"EntryPoint\",\"urlTemplate\":\"https:\/\/www.hedesign.com\/?s={search_term_string}\"},\"query-input\":{\"@type\":\"PropertyValueSpecification\",\"valueRequired\":true,\"valueName\":\"search_term_string\"}}],\"inLanguage\":\"de\"},{\"@type\":\"Organization\",\"@id\":\"https:\/\/www.hedesign.com\/#organization\",\"name\":\"HEDES\u0130GN-HEDESIGN\",\"url\":\"https:\/\/www.hedesign.com\/\",\"logo\":{\"@type\":\"ImageObject\",\"inLanguage\":\"de\",\"@id\":\"https:\/\/www.hedesign.com\/#\/schema\/logo\/image\/\",\"url\":\"https:\/\/www.hedesign.com\/wp-content\/uploads\/2025\/03\/site-logo.png\",\"contentUrl\":\"https:\/\/www.hedesign.com\/wp-content\/uploads\/2025\/03\/site-logo.png\",\"width\":491,\"height\":508,\"caption\":\"HEDES\u0130GN-HEDESIGN\"},\"image\":{\"@id\":\"https:\/\/www.hedesign.com\/#\/schema\/logo\/image\/\"}}]}<\/script>\n<!-- \/ Yoast SEO plugin. -->","yoast_head_json":{"title":"MANON - HEDES\u0130GN-HEDESIGN","robots":{"index":"index","follow":"follow","max-snippet":"max-snippet:-1","max-image-preview":"max-image-preview:large","max-video-preview":"max-video-preview:-1"},"canonical":"https:\/\/www.hedesign.com\/de\/product\/manon\/","og_locale":"de_DE","og_type":"article","og_title":"MANON - HEDES\u0130GN-HEDESIGN","og_description":"Der MANON Chair ist eine stilvolle und moderne Sitzl\u00f6sung, die sowohl Komfort als auch Eleganz bietet. Mit seiner geschwungenen, gepolsterten R\u00fcckenlehne, den weichen Kissen und dem stabilen Metallgestell mit eleganter Oberfl\u00e4che verbindet dieser Stuhl Funktionalit\u00e4t mit zeitgen\u00f6ssischer \u00c4sthetik. Perfekt f\u00fcr B\u00fcros, Lounges oder Esszimmer.","og_url":"https:\/\/www.hedesign.com\/de\/product\/manon\/","og_site_name":"HEDES\u0130GN-HEDESIGN","og_image":[{"width":720,"height":1080,"url":"https:\/\/www.hedesign.com\/wp-content\/uploads\/2025\/04\/MANON.jpg","type":"image\/jpeg"}],"twitter_card":"summary_large_image","twitter_misc":{"Gesch\u00e4tzte Lesezeit":"1\u00a0Minute"},"schema":{"@context":"https:\/\/schema.org","@graph":[{"@type":"WebPage","@id":"https:\/\/www.hedesign.com\/de\/product\/manon\/","url":"https:\/\/www.hedesign.com\/de\/product\/manon\/","name":"MANON - HEDES\u0130GN-HEDESIGN","isPartOf":{"@id":"https:\/\/www.hedesign.com\/#website"},"primaryImageOfPage":{"@id":"https:\/\/www.hedesign.com\/de\/product\/manon\/#primaryimage"},"image":{"@id":"https:\/\/www.hedesign.com\/de\/product\/manon\/#primaryimage"},"thumbnailUrl":"https:\/\/www.hedesign.com\/wp-content\/uploads\/2025\/04\/MANON.jpg","datePublished":"2025-03-08T03:03:46+00:00","breadcrumb":{"@id":"https:\/\/www.hedesign.com\/de\/product\/manon\/#breadcrumb"},"inLanguage":"de","potentialAction":[{"@type":"ReadAction","target":["https:\/\/www.hedesign.com\/de\/product\/manon\/"]}]},{"@type":"ImageObject","inLanguage":"de","@id":"https:\/\/www.hedesign.com\/de\/product\/manon\/#primaryimage","url":"https:\/\/www.hedesign.com\/wp-content\/uploads\/2025\/04\/MANON.jpg","contentUrl":"https:\/\/www.hedesign.com\/wp-content\/uploads\/2025\/04\/MANON.jpg","width":720,"height":1080},{"@type":"BreadcrumbList","@id":"https:\/\/www.hedesign.com\/de\/product\/manon\/#breadcrumb","itemListElement":[{"@type":"ListItem","position":1,"name":"Startseite","item":"https:\/\/www.hedesign.com\/en\/"},{"@type":"ListItem","position":2,"name":"Products","item":"https:\/\/www.hedesign.com\/shop\/"},{"@type":"ListItem","position":3,"name":"MANON"}]},{"@type":"WebSite","@id":"https:\/\/www.hedesign.com\/#website","url":"https:\/\/www.hedesign.com\/","name":"HEDES\u0130GN-HEDESIGN","description":"","publisher":{"@id":"https:\/\/www.hedesign.com\/#organization"},"potentialAction":[{"@type":"SearchAction","target":{"@type":"EntryPoint","urlTemplate":"https:\/\/www.hedesign.com\/?s={search_term_string}"},"query-input":{"@type":"PropertyValueSpecification","valueRequired":true,"valueName":"search_term_string"}}],"inLanguage":"de"},{"@type":"Organization","@id":"https:\/\/www.hedesign.com\/#organization","name":"HEDES\u0130GN-HEDESIGN","url":"https:\/\/www.hedesign.com\/","logo":{"@type":"ImageObject","inLanguage":"de","@id":"https:\/\/www.hedesign.com\/#\/schema\/logo\/image\/","url":"https:\/\/www.hedesign.com\/wp-content\/uploads\/2025\/03\/site-logo.png","contentUrl":"https:\/\/www.hedesign.com\/wp-content\/uploads\/2025\/03\/site-logo.png","width":491,"height":508,"caption":"HEDES\u0130GN-HEDESIGN"},"image":{"@id":"https:\/\/www.hedesign.com\/#\/schema\/logo\/image\/"}}]}},"_links":{"self":[{"href":"https:\/\/www.hedesign.com\/de\/wp-json\/wp\/v2\/product\/5123","targetHints":{"allow":["GET"]}}],"collection":[{"href":"https:\/\/www.hedesign.com\/de\/wp-json\/wp\/v2\/product"}],"about":[{"href":"https:\/\/www.hedesign.com\/de\/wp-json\/wp\/v2\/types\/product"}],"replies":[{"embeddable":true,"href":"https:\/\/www.hedesign.com\/de\/wp-json\/wp\/v2\/comments?post=5123"}],"version-history":[{"count":0,"href":"https:\/\/www.hedesign.com\/de\/wp-json\/wp\/v2\/product\/5123\/revisions"}],"wp:featuredmedia":[{"embeddable":true,"href":"https:\/\/www.hedesign.com\/de\/wp-json\/wp\/v2\/media\/5124"}],"wp:attachment":[{"href":"https:\/\/www.hedesign.com\/de\/wp-json\/wp\/v2\/media?parent=5123"}],"wp:term":[{"taxonomy":"product_brand","embeddable":true,"href":"https:\/\/www.hedesign.com\/de\/wp-json\/wp\/v2\/product_brand?post=5123"},{"taxonomy":"product_cat","embeddable":true,"href":"https:\/\/www.hedesign.com\/de\/wp-json\/wp\/v2\/product_cat?post=5123"},{"taxonomy":"product_tag","embeddable":true,"href":"https:\/\/www.hedesign.com\/de\/wp-json\/wp\/v2\/product_tag?post=5123"}],"curies":[{"name":"wp","href":"https:\/\/api.w.org\/{rel}","templated":true}]}}