{"id":5127,"date":"2025-03-08T02:57:47","date_gmt":"2025-03-08T02:57:47","guid":{"rendered":"https:\/\/www.hedesign.com\/product\/bank-timon-oval-2\/"},"modified":"2025-03-08T02:57:47","modified_gmt":"2025-03-08T02:57:47","slug":"bank-timon-oval-2","status":"publish","type":"product","link":"https:\/\/www.hedesign.com\/de\/product\/bank-timon-oval-2\/","title":{"rendered":"BANK TIMON OVAL"},"content":{"rendered":"<p>Das Sofa Timon Oval ist ein stilvolles, modernes Sofa mit einer weichen, geschwungenen R\u00fcckenlehne, die sowohl den Komfort als auch die \u00c4sthetik verbessert. Es ist mit einem gr\u00fcnen Strukturstoff gepolstert und verleiht jedem Interieur einen subtilen, aber raffinierten Charme. Das Sofa wird von schlanken, kantigen Metallbeinen in hellem Holz oder Messing getragen, die f\u00fcr Stabilit\u00e4t und einen Hauch von Eleganz sorgen. Sein minimalistisches Design macht es perfekt f\u00fcr moderne Wohnr\u00e4ume, Lounges oder B\u00fcros und bietet eine Kombination aus Funktionalit\u00e4t und anspruchsvoller \u00c4sthetik.<\/p>\n","protected":false},"excerpt":{"rendered":"<p>Das Sofa Timon Oval ist ein modernes, ovales Sofa mit geschwungener R\u00fcckenlehne, das mit gr\u00fcnem Strukturstoff bezogen ist. Es hat schlanke, kantige Metallbeine in hellem Holz oder Messing, die Eleganz mit zeitgen\u00f6ssischem Design verbinden.<\/p>\n","protected":false},"featured_media":5128,"comment_status":"open","ping_status":"closed","template":"","meta":[],"product_brand":[],"product_cat":[124],"product_tag":[],"class_list":{"0":"post-5127","1":"product","2":"type-product","3":"status-publish","4":"has-post-thumbnail","6":"product_cat-esstischbanke","8":"first","9":"instock","10":"shipping-taxable","11":"product-type-simple"},"yoast_head":"<!-- This site is optimized with the Yoast SEO plugin v27.0 - https:\/\/yoast.com\/product\/yoast-seo-wordpress\/ -->\n<title>BANK TIMON OVAL - HEDES\u0130GN-HEDESIGN<\/title>\n<meta name=\"robots\" content=\"index, follow, max-snippet:-1, max-image-preview:large, max-video-preview:-1\" \/>\n<link rel=\"canonical\" href=\"https:\/\/www.hedesign.com\/product\/bank-timon-oval-2\/\" \/>\n<meta property=\"og:locale\" content=\"de_DE\" \/>\n<meta property=\"og:type\" content=\"article\" \/>\n<meta property=\"og:title\" content=\"BANK TIMON OVAL - HEDES\u0130GN-HEDESIGN\" \/>\n<meta property=\"og:description\" content=\"Das Sofa Timon Oval ist ein modernes, ovales Sofa mit geschwungener R\u00fcckenlehne, das mit gr\u00fcnem Strukturstoff bezogen ist. Es hat schlanke, kantige Metallbeine in hellem Holz oder Messing, die Eleganz mit zeitgen\u00f6ssischem Design verbinden.\" \/>\n<meta property=\"og:url\" content=\"https:\/\/www.hedesign.com\/product\/bank-timon-oval-2\/\" \/>\n<meta property=\"og:site_name\" content=\"HEDES\u0130GN-HEDESIGN\" \/>\n<meta name=\"twitter:card\" content=\"summary_large_image\" \/>\n<script type=\"application\/ld+json\" class=\"yoast-schema-graph\">{\"@context\":\"https:\/\/schema.org\",\"@graph\":[{\"@type\":\"WebPage\",\"@id\":\"https:\/\/www.hedesign.com\/product\/bank-timon-oval-2\/\",\"url\":\"https:\/\/www.hedesign.com\/product\/bank-timon-oval-2\/\",\"name\":\"BANK TIMON OVAL - HEDES\u0130GN-HEDESIGN\",\"isPartOf\":{\"@id\":\"https:\/\/www.hedesign.com\/#website\"},\"primaryImageOfPage\":{\"@id\":\"https:\/\/www.hedesign.com\/product\/bank-timon-oval-2\/#primaryimage\"},\"image\":{\"@id\":\"https:\/\/www.hedesign.com\/product\/bank-timon-oval-2\/#primaryimage\"},\"thumbnailUrl\":\"https:\/\/www.hedesign.com\/wp-content\/uploads\/2025\/03\/BANK-TIMON-OVAAL-2-scaled.jpg\",\"datePublished\":\"2025-03-08T02:57:47+00:00\",\"breadcrumb\":{\"@id\":\"https:\/\/www.hedesign.com\/product\/bank-timon-oval-2\/#breadcrumb\"},\"inLanguage\":\"de\",\"potentialAction\":[{\"@type\":\"ReadAction\",\"target\":[\"https:\/\/www.hedesign.com\/product\/bank-timon-oval-2\/\"]}]},{\"@type\":\"ImageObject\",\"inLanguage\":\"de\",\"@id\":\"https:\/\/www.hedesign.com\/product\/bank-timon-oval-2\/#primaryimage\",\"url\":\"https:\/\/www.hedesign.com\/wp-content\/uploads\/2025\/03\/BANK-TIMON-OVAAL-2-scaled.jpg\",\"contentUrl\":\"https:\/\/www.hedesign.com\/wp-content\/uploads\/2025\/03\/BANK-TIMON-OVAAL-2-scaled.jpg\",\"width\":2560,\"height\":1918},{\"@type\":\"BreadcrumbList\",\"@id\":\"https:\/\/www.hedesign.com\/product\/bank-timon-oval-2\/#breadcrumb\",\"itemListElement\":[{\"@type\":\"ListItem\",\"position\":1,\"name\":\"Startseite\",\"item\":\"https:\/\/www.hedesign.com\/en\/\"},{\"@type\":\"ListItem\",\"position\":2,\"name\":\"Products\",\"item\":\"https:\/\/www.hedesign.com\/shop\/\"},{\"@type\":\"ListItem\",\"position\":3,\"name\":\"BANK TIMON OVAL\"}]},{\"@type\":\"WebSite\",\"@id\":\"https:\/\/www.hedesign.com\/#website\",\"url\":\"https:\/\/www.hedesign.com\/\",\"name\":\"HEDES\u0130GN-HEDESIGN\",\"description\":\"\",\"publisher\":{\"@id\":\"https:\/\/www.hedesign.com\/#organization\"},\"potentialAction\":[{\"@type\":\"SearchAction\",\"target\":{\"@type\":\"EntryPoint\",\"urlTemplate\":\"https:\/\/www.hedesign.com\/?s={search_term_string}\"},\"query-input\":{\"@type\":\"PropertyValueSpecification\",\"valueRequired\":true,\"valueName\":\"search_term_string\"}}],\"inLanguage\":\"de\"},{\"@type\":\"Organization\",\"@id\":\"https:\/\/www.hedesign.com\/#organization\",\"name\":\"HEDES\u0130GN-HEDESIGN\",\"url\":\"https:\/\/www.hedesign.com\/\",\"logo\":{\"@type\":\"ImageObject\",\"inLanguage\":\"de\",\"@id\":\"https:\/\/www.hedesign.com\/#\/schema\/logo\/image\/\",\"url\":\"https:\/\/www.hedesign.com\/wp-content\/uploads\/2025\/03\/site-logo.png\",\"contentUrl\":\"https:\/\/www.hedesign.com\/wp-content\/uploads\/2025\/03\/site-logo.png\",\"width\":491,\"height\":508,\"caption\":\"HEDES\u0130GN-HEDESIGN\"},\"image\":{\"@id\":\"https:\/\/www.hedesign.com\/#\/schema\/logo\/image\/\"}}]}<\/script>\n<!-- \/ Yoast SEO plugin. -->","yoast_head_json":{"title":"BANK TIMON OVAL - HEDES\u0130GN-HEDESIGN","robots":{"index":"index","follow":"follow","max-snippet":"max-snippet:-1","max-image-preview":"max-image-preview:large","max-video-preview":"max-video-preview:-1"},"canonical":"https:\/\/www.hedesign.com\/product\/bank-timon-oval-2\/","og_locale":"de_DE","og_type":"article","og_title":"BANK TIMON OVAL - HEDES\u0130GN-HEDESIGN","og_description":"Das Sofa Timon Oval ist ein modernes, ovales Sofa mit geschwungener R\u00fcckenlehne, das mit gr\u00fcnem Strukturstoff bezogen ist. Es hat schlanke, kantige Metallbeine in hellem Holz oder Messing, die Eleganz mit zeitgen\u00f6ssischem Design verbinden.","og_url":"https:\/\/www.hedesign.com\/product\/bank-timon-oval-2\/","og_site_name":"HEDES\u0130GN-HEDESIGN","twitter_card":"summary_large_image","schema":{"@context":"https:\/\/schema.org","@graph":[{"@type":"WebPage","@id":"https:\/\/www.hedesign.com\/product\/bank-timon-oval-2\/","url":"https:\/\/www.hedesign.com\/product\/bank-timon-oval-2\/","name":"BANK TIMON OVAL - HEDES\u0130GN-HEDESIGN","isPartOf":{"@id":"https:\/\/www.hedesign.com\/#website"},"primaryImageOfPage":{"@id":"https:\/\/www.hedesign.com\/product\/bank-timon-oval-2\/#primaryimage"},"image":{"@id":"https:\/\/www.hedesign.com\/product\/bank-timon-oval-2\/#primaryimage"},"thumbnailUrl":"https:\/\/www.hedesign.com\/wp-content\/uploads\/2025\/03\/BANK-TIMON-OVAAL-2-scaled.jpg","datePublished":"2025-03-08T02:57:47+00:00","breadcrumb":{"@id":"https:\/\/www.hedesign.com\/product\/bank-timon-oval-2\/#breadcrumb"},"inLanguage":"de","potentialAction":[{"@type":"ReadAction","target":["https:\/\/www.hedesign.com\/product\/bank-timon-oval-2\/"]}]},{"@type":"ImageObject","inLanguage":"de","@id":"https:\/\/www.hedesign.com\/product\/bank-timon-oval-2\/#primaryimage","url":"https:\/\/www.hedesign.com\/wp-content\/uploads\/2025\/03\/BANK-TIMON-OVAAL-2-scaled.jpg","contentUrl":"https:\/\/www.hedesign.com\/wp-content\/uploads\/2025\/03\/BANK-TIMON-OVAAL-2-scaled.jpg","width":2560,"height":1918},{"@type":"BreadcrumbList","@id":"https:\/\/www.hedesign.com\/product\/bank-timon-oval-2\/#breadcrumb","itemListElement":[{"@type":"ListItem","position":1,"name":"Startseite","item":"https:\/\/www.hedesign.com\/en\/"},{"@type":"ListItem","position":2,"name":"Products","item":"https:\/\/www.hedesign.com\/shop\/"},{"@type":"ListItem","position":3,"name":"BANK TIMON OVAL"}]},{"@type":"WebSite","@id":"https:\/\/www.hedesign.com\/#website","url":"https:\/\/www.hedesign.com\/","name":"HEDES\u0130GN-HEDESIGN","description":"","publisher":{"@id":"https:\/\/www.hedesign.com\/#organization"},"potentialAction":[{"@type":"SearchAction","target":{"@type":"EntryPoint","urlTemplate":"https:\/\/www.hedesign.com\/?s={search_term_string}"},"query-input":{"@type":"PropertyValueSpecification","valueRequired":true,"valueName":"search_term_string"}}],"inLanguage":"de"},{"@type":"Organization","@id":"https:\/\/www.hedesign.com\/#organization","name":"HEDES\u0130GN-HEDESIGN","url":"https:\/\/www.hedesign.com\/","logo":{"@type":"ImageObject","inLanguage":"de","@id":"https:\/\/www.hedesign.com\/#\/schema\/logo\/image\/","url":"https:\/\/www.hedesign.com\/wp-content\/uploads\/2025\/03\/site-logo.png","contentUrl":"https:\/\/www.hedesign.com\/wp-content\/uploads\/2025\/03\/site-logo.png","width":491,"height":508,"caption":"HEDES\u0130GN-HEDESIGN"},"image":{"@id":"https:\/\/www.hedesign.com\/#\/schema\/logo\/image\/"}}]}},"_links":{"self":[{"href":"https:\/\/www.hedesign.com\/de\/wp-json\/wp\/v2\/product\/5127","targetHints":{"allow":["GET"]}}],"collection":[{"href":"https:\/\/www.hedesign.com\/de\/wp-json\/wp\/v2\/product"}],"about":[{"href":"https:\/\/www.hedesign.com\/de\/wp-json\/wp\/v2\/types\/product"}],"replies":[{"embeddable":true,"href":"https:\/\/www.hedesign.com\/de\/wp-json\/wp\/v2\/comments?post=5127"}],"version-history":[{"count":0,"href":"https:\/\/www.hedesign.com\/de\/wp-json\/wp\/v2\/product\/5127\/revisions"}],"wp:featuredmedia":[{"embeddable":true,"href":"https:\/\/www.hedesign.com\/de\/wp-json\/wp\/v2\/media\/5128"}],"wp:attachment":[{"href":"https:\/\/www.hedesign.com\/de\/wp-json\/wp\/v2\/media?parent=5127"}],"wp:term":[{"taxonomy":"product_brand","embeddable":true,"href":"https:\/\/www.hedesign.com\/de\/wp-json\/wp\/v2\/product_brand?post=5127"},{"taxonomy":"product_cat","embeddable":true,"href":"https:\/\/www.hedesign.com\/de\/wp-json\/wp\/v2\/product_cat?post=5127"},{"taxonomy":"product_tag","embeddable":true,"href":"https:\/\/www.hedesign.com\/de\/wp-json\/wp\/v2\/product_tag?post=5127"}],"curies":[{"name":"wp","href":"https:\/\/api.w.org\/{rel}","templated":true}]}}