{"id":5267,"date":"2025-03-08T01:50:40","date_gmt":"2025-03-08T01:50:40","guid":{"rendered":"https:\/\/www.hedesign.com\/product\/dino\/"},"modified":"2025-03-08T01:50:40","modified_gmt":"2025-03-08T01:50:40","slug":"dino","status":"publish","type":"product","link":"https:\/\/www.hedesign.com\/de\/product\/dino\/","title":{"rendered":"DINO"},"content":{"rendered":"<p>Mit dem Dino Modern Accent Chair, einer perfekten Mischung aus Komfort und modernem Design, bringen Sie Ihren Raum auf eine neue Ebene. Mit seiner weichen, strukturierten Stoffpolsterung bietet dieser Stuhl ein luxuri\u00f6ses Sitzerlebnis, das zum Entspannen einl\u00e4dt. Die ergonomischen Armlehnen und die leicht gew\u00f6lbte R\u00fcckenlehne bieten eine hervorragende Unterst\u00fctzung und sind ideal f\u00fcr stundenlanges Faulenzen, Lesen oder Arbeiten.<\/p>\n<p>Die robusten Beine aus Massivholz sorgen f\u00fcr Langlebigkeit und Stabilit\u00e4t und verleihen Ihrer Einrichtung einen Hauch von nat\u00fcrlicher W\u00e4rme. Sein neutraler Stoff und seine minimalistische \u00c4sthetik machen ihn vielseitig genug, um verschiedene Einrichtungsstile zu erg\u00e4nzen, von modern und skandinavisch bis hin zu Mid-Century und rustikal.<\/p>\n<p>Der Dino Accent Chair eignet sich perfekt f\u00fcr Wohn- und Schlafzimmer, B\u00fcros oder gem\u00fctliche Leseecken und bringt Funktionalit\u00e4t und Eleganz in jeden Raum. Egal, ob Sie ihn als Blickfang oder als praktische Sitzgelegenheit verwenden, dieser Stuhl ist so konzipiert, dass er Ihren Komfort erh\u00f6ht und die Atmosph\u00e4re Ihres Zuhauses verbessert.<\/p>\n","protected":false},"excerpt":{"rendered":"<p>Ein stilvoller und bequemer Stuhl mit Pl\u00fcschbezug, ergonomischen Armlehnen und robusten Holzbeinen. Perfekt f\u00fcr Wohnzimmer, B\u00fcro oder Leseecke.<\/p>\n","protected":false},"featured_media":5287,"comment_status":"open","ping_status":"closed","template":"","meta":[],"product_brand":[],"product_cat":[127],"product_tag":[],"class_list":{"0":"post-5267","1":"product","2":"type-product","3":"status-publish","4":"has-post-thumbnail","6":"product_cat-stuhle","8":"first","9":"instock","10":"shipping-taxable","11":"product-type-simple"},"yoast_head":"<!-- This site is optimized with the Yoast SEO plugin v27.0 - https:\/\/yoast.com\/product\/yoast-seo-wordpress\/ -->\n<title>DINO - HEDES\u0130GN-HEDESIGN<\/title>\n<meta name=\"robots\" content=\"index, follow, max-snippet:-1, max-image-preview:large, max-video-preview:-1\" \/>\n<link rel=\"canonical\" href=\"https:\/\/www.hedesign.com\/product\/dino\/\" \/>\n<meta property=\"og:locale\" content=\"de_DE\" \/>\n<meta property=\"og:type\" content=\"article\" \/>\n<meta property=\"og:title\" content=\"DINO - HEDES\u0130GN-HEDESIGN\" \/>\n<meta property=\"og:description\" content=\"Ein stilvoller und bequemer Stuhl mit Pl\u00fcschbezug, ergonomischen Armlehnen und robusten Holzbeinen. Perfekt f\u00fcr Wohnzimmer, B\u00fcro oder Leseecke.\" \/>\n<meta property=\"og:url\" content=\"https:\/\/www.hedesign.com\/product\/dino\/\" \/>\n<meta property=\"og:site_name\" content=\"HEDES\u0130GN-HEDESIGN\" \/>\n<meta property=\"og:image\" content=\"https:\/\/www.hedesign.com\/wp-content\/uploads\/2025\/03\/DINO-11.jpg\" \/>\n\t<meta property=\"og:image:width\" content=\"704\" \/>\n\t<meta property=\"og:image:height\" content=\"1057\" \/>\n\t<meta property=\"og:image:type\" content=\"image\/jpeg\" \/>\n<meta name=\"twitter:card\" content=\"summary_large_image\" \/>\n<meta name=\"twitter:label1\" content=\"Gesch\u00e4tzte Lesezeit\" \/>\n\t<meta name=\"twitter:data1\" content=\"1\u00a0Minute\" \/>\n<script type=\"application\/ld+json\" class=\"yoast-schema-graph\">{\"@context\":\"https:\/\/schema.org\",\"@graph\":[{\"@type\":\"WebPage\",\"@id\":\"https:\/\/www.hedesign.com\/product\/dino\/\",\"url\":\"https:\/\/www.hedesign.com\/product\/dino\/\",\"name\":\"DINO - HEDES\u0130GN-HEDESIGN\",\"isPartOf\":{\"@id\":\"https:\/\/www.hedesign.com\/#website\"},\"primaryImageOfPage\":{\"@id\":\"https:\/\/www.hedesign.com\/product\/dino\/#primaryimage\"},\"image\":{\"@id\":\"https:\/\/www.hedesign.com\/product\/dino\/#primaryimage\"},\"thumbnailUrl\":\"https:\/\/www.hedesign.com\/wp-content\/uploads\/2025\/03\/DINO-11.jpg\",\"datePublished\":\"2025-03-08T01:50:40+00:00\",\"breadcrumb\":{\"@id\":\"https:\/\/www.hedesign.com\/product\/dino\/#breadcrumb\"},\"inLanguage\":\"de\",\"potentialAction\":[{\"@type\":\"ReadAction\",\"target\":[\"https:\/\/www.hedesign.com\/product\/dino\/\"]}]},{\"@type\":\"ImageObject\",\"inLanguage\":\"de\",\"@id\":\"https:\/\/www.hedesign.com\/product\/dino\/#primaryimage\",\"url\":\"https:\/\/www.hedesign.com\/wp-content\/uploads\/2025\/03\/DINO-11.jpg\",\"contentUrl\":\"https:\/\/www.hedesign.com\/wp-content\/uploads\/2025\/03\/DINO-11.jpg\",\"width\":704,\"height\":1057},{\"@type\":\"BreadcrumbList\",\"@id\":\"https:\/\/www.hedesign.com\/product\/dino\/#breadcrumb\",\"itemListElement\":[{\"@type\":\"ListItem\",\"position\":1,\"name\":\"Startseite\",\"item\":\"https:\/\/www.hedesign.com\/en\/\"},{\"@type\":\"ListItem\",\"position\":2,\"name\":\"Products\",\"item\":\"https:\/\/www.hedesign.com\/shop\/\"},{\"@type\":\"ListItem\",\"position\":3,\"name\":\"DINO\"}]},{\"@type\":\"WebSite\",\"@id\":\"https:\/\/www.hedesign.com\/#website\",\"url\":\"https:\/\/www.hedesign.com\/\",\"name\":\"HEDES\u0130GN-HEDESIGN\",\"description\":\"\",\"publisher\":{\"@id\":\"https:\/\/www.hedesign.com\/#organization\"},\"potentialAction\":[{\"@type\":\"SearchAction\",\"target\":{\"@type\":\"EntryPoint\",\"urlTemplate\":\"https:\/\/www.hedesign.com\/?s={search_term_string}\"},\"query-input\":{\"@type\":\"PropertyValueSpecification\",\"valueRequired\":true,\"valueName\":\"search_term_string\"}}],\"inLanguage\":\"de\"},{\"@type\":\"Organization\",\"@id\":\"https:\/\/www.hedesign.com\/#organization\",\"name\":\"HEDES\u0130GN-HEDESIGN\",\"url\":\"https:\/\/www.hedesign.com\/\",\"logo\":{\"@type\":\"ImageObject\",\"inLanguage\":\"de\",\"@id\":\"https:\/\/www.hedesign.com\/#\/schema\/logo\/image\/\",\"url\":\"https:\/\/www.hedesign.com\/wp-content\/uploads\/2025\/03\/site-logo.png\",\"contentUrl\":\"https:\/\/www.hedesign.com\/wp-content\/uploads\/2025\/03\/site-logo.png\",\"width\":491,\"height\":508,\"caption\":\"HEDES\u0130GN-HEDESIGN\"},\"image\":{\"@id\":\"https:\/\/www.hedesign.com\/#\/schema\/logo\/image\/\"}}]}<\/script>\n<!-- \/ Yoast SEO plugin. -->","yoast_head_json":{"title":"DINO - HEDES\u0130GN-HEDESIGN","robots":{"index":"index","follow":"follow","max-snippet":"max-snippet:-1","max-image-preview":"max-image-preview:large","max-video-preview":"max-video-preview:-1"},"canonical":"https:\/\/www.hedesign.com\/product\/dino\/","og_locale":"de_DE","og_type":"article","og_title":"DINO - HEDES\u0130GN-HEDESIGN","og_description":"Ein stilvoller und bequemer Stuhl mit Pl\u00fcschbezug, ergonomischen Armlehnen und robusten Holzbeinen. Perfekt f\u00fcr Wohnzimmer, B\u00fcro oder Leseecke.","og_url":"https:\/\/www.hedesign.com\/product\/dino\/","og_site_name":"HEDES\u0130GN-HEDESIGN","og_image":[{"width":704,"height":1057,"url":"https:\/\/www.hedesign.com\/wp-content\/uploads\/2025\/03\/DINO-11.jpg","type":"image\/jpeg"}],"twitter_card":"summary_large_image","twitter_misc":{"Gesch\u00e4tzte Lesezeit":"1\u00a0Minute"},"schema":{"@context":"https:\/\/schema.org","@graph":[{"@type":"WebPage","@id":"https:\/\/www.hedesign.com\/product\/dino\/","url":"https:\/\/www.hedesign.com\/product\/dino\/","name":"DINO - HEDES\u0130GN-HEDESIGN","isPartOf":{"@id":"https:\/\/www.hedesign.com\/#website"},"primaryImageOfPage":{"@id":"https:\/\/www.hedesign.com\/product\/dino\/#primaryimage"},"image":{"@id":"https:\/\/www.hedesign.com\/product\/dino\/#primaryimage"},"thumbnailUrl":"https:\/\/www.hedesign.com\/wp-content\/uploads\/2025\/03\/DINO-11.jpg","datePublished":"2025-03-08T01:50:40+00:00","breadcrumb":{"@id":"https:\/\/www.hedesign.com\/product\/dino\/#breadcrumb"},"inLanguage":"de","potentialAction":[{"@type":"ReadAction","target":["https:\/\/www.hedesign.com\/product\/dino\/"]}]},{"@type":"ImageObject","inLanguage":"de","@id":"https:\/\/www.hedesign.com\/product\/dino\/#primaryimage","url":"https:\/\/www.hedesign.com\/wp-content\/uploads\/2025\/03\/DINO-11.jpg","contentUrl":"https:\/\/www.hedesign.com\/wp-content\/uploads\/2025\/03\/DINO-11.jpg","width":704,"height":1057},{"@type":"BreadcrumbList","@id":"https:\/\/www.hedesign.com\/product\/dino\/#breadcrumb","itemListElement":[{"@type":"ListItem","position":1,"name":"Startseite","item":"https:\/\/www.hedesign.com\/en\/"},{"@type":"ListItem","position":2,"name":"Products","item":"https:\/\/www.hedesign.com\/shop\/"},{"@type":"ListItem","position":3,"name":"DINO"}]},{"@type":"WebSite","@id":"https:\/\/www.hedesign.com\/#website","url":"https:\/\/www.hedesign.com\/","name":"HEDES\u0130GN-HEDESIGN","description":"","publisher":{"@id":"https:\/\/www.hedesign.com\/#organization"},"potentialAction":[{"@type":"SearchAction","target":{"@type":"EntryPoint","urlTemplate":"https:\/\/www.hedesign.com\/?s={search_term_string}"},"query-input":{"@type":"PropertyValueSpecification","valueRequired":true,"valueName":"search_term_string"}}],"inLanguage":"de"},{"@type":"Organization","@id":"https:\/\/www.hedesign.com\/#organization","name":"HEDES\u0130GN-HEDESIGN","url":"https:\/\/www.hedesign.com\/","logo":{"@type":"ImageObject","inLanguage":"de","@id":"https:\/\/www.hedesign.com\/#\/schema\/logo\/image\/","url":"https:\/\/www.hedesign.com\/wp-content\/uploads\/2025\/03\/site-logo.png","contentUrl":"https:\/\/www.hedesign.com\/wp-content\/uploads\/2025\/03\/site-logo.png","width":491,"height":508,"caption":"HEDES\u0130GN-HEDESIGN"},"image":{"@id":"https:\/\/www.hedesign.com\/#\/schema\/logo\/image\/"}}]}},"_links":{"self":[{"href":"https:\/\/www.hedesign.com\/de\/wp-json\/wp\/v2\/product\/5267","targetHints":{"allow":["GET"]}}],"collection":[{"href":"https:\/\/www.hedesign.com\/de\/wp-json\/wp\/v2\/product"}],"about":[{"href":"https:\/\/www.hedesign.com\/de\/wp-json\/wp\/v2\/types\/product"}],"replies":[{"embeddable":true,"href":"https:\/\/www.hedesign.com\/de\/wp-json\/wp\/v2\/comments?post=5267"}],"version-history":[{"count":0,"href":"https:\/\/www.hedesign.com\/de\/wp-json\/wp\/v2\/product\/5267\/revisions"}],"wp:featuredmedia":[{"embeddable":true,"href":"https:\/\/www.hedesign.com\/de\/wp-json\/wp\/v2\/media\/5287"}],"wp:attachment":[{"href":"https:\/\/www.hedesign.com\/de\/wp-json\/wp\/v2\/media?parent=5267"}],"wp:term":[{"taxonomy":"product_brand","embeddable":true,"href":"https:\/\/www.hedesign.com\/de\/wp-json\/wp\/v2\/product_brand?post=5267"},{"taxonomy":"product_cat","embeddable":true,"href":"https:\/\/www.hedesign.com\/de\/wp-json\/wp\/v2\/product_cat?post=5267"},{"taxonomy":"product_tag","embeddable":true,"href":"https:\/\/www.hedesign.com\/de\/wp-json\/wp\/v2\/product_tag?post=5267"}],"curies":[{"name":"wp","href":"https:\/\/api.w.org\/{rel}","templated":true}]}}