{"id":4570,"date":"2025-03-08T01:59:59","date_gmt":"2025-03-08T01:59:59","guid":{"rendered":"https:\/\/www.hedesign.com\/product\/imana\/"},"modified":"2025-03-08T01:59:59","modified_gmt":"2025-03-08T01:59:59","slug":"imana","status":"publish","type":"product","link":"https:\/\/www.hedesign.com\/en\/product\/imana\/","title":{"rendered":"IMANA"},"content":{"rendered":"<p>Die stilvolle und funktionale Stoffhocker hat ein einzigartiges Design mit einem gebogenen rugleuning und Baumwolle armleuningen f\u00fcr \u00fcberlegenen Komfort. Der Bezug aus strukturiertem Stoff hat eine sehr elegante Spitze, die ideal f\u00fcr moderne Innenr\u00e4ume ist. Der robuste Metallrahmen, in einem starken, dicken Ton gemacht, bietet lang anhaltende Haltbarkeit, mit Zwei-Wege-Sicherheit f\u00fcr einfache Mobilit\u00e4t. Ideal f\u00fcr den Einsatz als Esszimmerstuhl, Freischwinger oder als Akzent in einer Lounge, kombiniert dieser Stuhl Funktionalit\u00e4t mit einer gro\u00dfen \u00c4sthetik.<\/p>\n","protected":false},"excerpt":{"rendered":"<p><span style=\"vertical-align: inherit;\"><span style=\"vertical-align: inherit;\">Ein moderner, irdener Boden mit einem starken Metallrahmen und zwei Fl\u00fcgeln, entworfen f\u00fcr Komfort als Mobilit\u00e4t in jedem Raum des Raumes.<\/span><\/span><\/p>\n","protected":false},"featured_media":4277,"comment_status":"open","ping_status":"closed","template":"","meta":[],"product_brand":[],"product_cat":[93],"product_tag":[],"class_list":{"0":"post-4570","1":"product","2":"type-product","3":"status-publish","4":"has-post-thumbnail","6":"product_cat-stoelen-en","8":"first","9":"instock","10":"shipping-taxable","11":"product-type-simple"},"yoast_head":"<!-- This site is optimized with the Yoast SEO plugin v27.0 - https:\/\/yoast.com\/product\/yoast-seo-wordpress\/ -->\n<title>IMANA - HEDES\u0130GN-HEDESIGN<\/title>\n<meta name=\"robots\" content=\"index, follow, max-snippet:-1, max-image-preview:large, max-video-preview:-1\" \/>\n<link rel=\"canonical\" href=\"https:\/\/www.hedesign.com\/product\/imana\/\" \/>\n<meta property=\"og:locale\" content=\"en_US\" \/>\n<meta property=\"og:type\" content=\"article\" \/>\n<meta property=\"og:title\" content=\"IMANA - HEDES\u0130GN-HEDESIGN\" \/>\n<meta property=\"og:description\" content=\"Ein moderner, irdener Boden mit einem starken Metallrahmen und zwei Fl\u00fcgeln, entworfen f\u00fcr Komfort als Mobilit\u00e4t in jedem Raum des Raumes.\" \/>\n<meta property=\"og:url\" content=\"https:\/\/www.hedesign.com\/product\/imana\/\" \/>\n<meta property=\"og:site_name\" content=\"HEDES\u0130GN-HEDESIGN\" \/>\n<meta property=\"og:image\" content=\"https:\/\/www.hedesign.com\/wp-content\/uploads\/2025\/03\/IMANA-3-1.jpg\" \/>\n\t<meta property=\"og:image:width\" content=\"720\" \/>\n\t<meta property=\"og:image:height\" content=\"1080\" \/>\n\t<meta property=\"og:image:type\" content=\"image\/jpeg\" \/>\n<meta name=\"twitter:card\" content=\"summary_large_image\" \/>\n<script type=\"application\/ld+json\" class=\"yoast-schema-graph\">{\"@context\":\"https:\/\/schema.org\",\"@graph\":[{\"@type\":\"WebPage\",\"@id\":\"https:\/\/www.hedesign.com\/product\/imana\/\",\"url\":\"https:\/\/www.hedesign.com\/product\/imana\/\",\"name\":\"IMANA - HEDES\u0130GN-HEDESIGN\",\"isPartOf\":{\"@id\":\"https:\/\/www.hedesign.com\/#website\"},\"primaryImageOfPage\":{\"@id\":\"https:\/\/www.hedesign.com\/product\/imana\/#primaryimage\"},\"image\":{\"@id\":\"https:\/\/www.hedesign.com\/product\/imana\/#primaryimage\"},\"thumbnailUrl\":\"https:\/\/www.hedesign.com\/wp-content\/uploads\/2025\/03\/IMANA-3-1.avif\",\"datePublished\":\"2025-03-08T01:59:59+00:00\",\"breadcrumb\":{\"@id\":\"https:\/\/www.hedesign.com\/product\/imana\/#breadcrumb\"},\"inLanguage\":\"en-US\",\"potentialAction\":[{\"@type\":\"ReadAction\",\"target\":[\"https:\/\/www.hedesign.com\/product\/imana\/\"]}]},{\"@type\":\"ImageObject\",\"inLanguage\":\"en-US\",\"@id\":\"https:\/\/www.hedesign.com\/product\/imana\/#primaryimage\",\"url\":\"https:\/\/www.hedesign.com\/wp-content\/uploads\/2025\/03\/IMANA-3-1.avif\",\"contentUrl\":\"https:\/\/www.hedesign.com\/wp-content\/uploads\/2025\/03\/IMANA-3-1.avif\",\"width\":720,\"height\":1080},{\"@type\":\"BreadcrumbList\",\"@id\":\"https:\/\/www.hedesign.com\/product\/imana\/#breadcrumb\",\"itemListElement\":[{\"@type\":\"ListItem\",\"position\":1,\"name\":\"Startseite\",\"item\":\"https:\/\/www.hedesign.com\/\"},{\"@type\":\"ListItem\",\"position\":2,\"name\":\"Products\",\"item\":\"https:\/\/www.hedesign.com\/shop\/\"},{\"@type\":\"ListItem\",\"position\":3,\"name\":\"IMANA\"}]},{\"@type\":\"WebSite\",\"@id\":\"https:\/\/www.hedesign.com\/#website\",\"url\":\"https:\/\/www.hedesign.com\/\",\"name\":\"HEDES\u0130GN-HEDESIGN\",\"description\":\"\",\"publisher\":{\"@id\":\"https:\/\/www.hedesign.com\/#organization\"},\"potentialAction\":[{\"@type\":\"SearchAction\",\"target\":{\"@type\":\"EntryPoint\",\"urlTemplate\":\"https:\/\/www.hedesign.com\/?s={search_term_string}\"},\"query-input\":{\"@type\":\"PropertyValueSpecification\",\"valueRequired\":true,\"valueName\":\"search_term_string\"}}],\"inLanguage\":\"en-US\"},{\"@type\":\"Organization\",\"@id\":\"https:\/\/www.hedesign.com\/#organization\",\"name\":\"HEDES\u0130GN-HEDESIGN\",\"url\":\"https:\/\/www.hedesign.com\/\",\"logo\":{\"@type\":\"ImageObject\",\"inLanguage\":\"en-US\",\"@id\":\"https:\/\/www.hedesign.com\/#\/schema\/logo\/image\/\",\"url\":\"https:\/\/www.hedesign.com\/wp-content\/uploads\/2025\/03\/site-logo.png\",\"contentUrl\":\"https:\/\/www.hedesign.com\/wp-content\/uploads\/2025\/03\/site-logo.png\",\"width\":491,\"height\":508,\"caption\":\"HEDES\u0130GN-HEDESIGN\"},\"image\":{\"@id\":\"https:\/\/www.hedesign.com\/#\/schema\/logo\/image\/\"}}]}<\/script>\n<!-- \/ Yoast SEO plugin. -->","yoast_head_json":{"title":"IMANA - HEDES\u0130GN-HEDESIGN","robots":{"index":"index","follow":"follow","max-snippet":"max-snippet:-1","max-image-preview":"max-image-preview:large","max-video-preview":"max-video-preview:-1"},"canonical":"https:\/\/www.hedesign.com\/product\/imana\/","og_locale":"en_US","og_type":"article","og_title":"IMANA - HEDES\u0130GN-HEDESIGN","og_description":"Ein moderner, irdener Boden mit einem starken Metallrahmen und zwei Fl\u00fcgeln, entworfen f\u00fcr Komfort als Mobilit\u00e4t in jedem Raum des Raumes.","og_url":"https:\/\/www.hedesign.com\/product\/imana\/","og_site_name":"HEDES\u0130GN-HEDESIGN","og_image":[{"width":720,"height":1080,"url":"https:\/\/www.hedesign.com\/wp-content\/uploads\/2025\/03\/IMANA-3-1.jpg","type":"image\/jpeg"}],"twitter_card":"summary_large_image","schema":{"@context":"https:\/\/schema.org","@graph":[{"@type":"WebPage","@id":"https:\/\/www.hedesign.com\/product\/imana\/","url":"https:\/\/www.hedesign.com\/product\/imana\/","name":"IMANA - HEDES\u0130GN-HEDESIGN","isPartOf":{"@id":"https:\/\/www.hedesign.com\/#website"},"primaryImageOfPage":{"@id":"https:\/\/www.hedesign.com\/product\/imana\/#primaryimage"},"image":{"@id":"https:\/\/www.hedesign.com\/product\/imana\/#primaryimage"},"thumbnailUrl":"https:\/\/www.hedesign.com\/wp-content\/uploads\/2025\/03\/IMANA-3-1.avif","datePublished":"2025-03-08T01:59:59+00:00","breadcrumb":{"@id":"https:\/\/www.hedesign.com\/product\/imana\/#breadcrumb"},"inLanguage":"en-US","potentialAction":[{"@type":"ReadAction","target":["https:\/\/www.hedesign.com\/product\/imana\/"]}]},{"@type":"ImageObject","inLanguage":"en-US","@id":"https:\/\/www.hedesign.com\/product\/imana\/#primaryimage","url":"https:\/\/www.hedesign.com\/wp-content\/uploads\/2025\/03\/IMANA-3-1.avif","contentUrl":"https:\/\/www.hedesign.com\/wp-content\/uploads\/2025\/03\/IMANA-3-1.avif","width":720,"height":1080},{"@type":"BreadcrumbList","@id":"https:\/\/www.hedesign.com\/product\/imana\/#breadcrumb","itemListElement":[{"@type":"ListItem","position":1,"name":"Startseite","item":"https:\/\/www.hedesign.com\/"},{"@type":"ListItem","position":2,"name":"Products","item":"https:\/\/www.hedesign.com\/shop\/"},{"@type":"ListItem","position":3,"name":"IMANA"}]},{"@type":"WebSite","@id":"https:\/\/www.hedesign.com\/#website","url":"https:\/\/www.hedesign.com\/","name":"HEDES\u0130GN-HEDESIGN","description":"","publisher":{"@id":"https:\/\/www.hedesign.com\/#organization"},"potentialAction":[{"@type":"SearchAction","target":{"@type":"EntryPoint","urlTemplate":"https:\/\/www.hedesign.com\/?s={search_term_string}"},"query-input":{"@type":"PropertyValueSpecification","valueRequired":true,"valueName":"search_term_string"}}],"inLanguage":"en-US"},{"@type":"Organization","@id":"https:\/\/www.hedesign.com\/#organization","name":"HEDES\u0130GN-HEDESIGN","url":"https:\/\/www.hedesign.com\/","logo":{"@type":"ImageObject","inLanguage":"en-US","@id":"https:\/\/www.hedesign.com\/#\/schema\/logo\/image\/","url":"https:\/\/www.hedesign.com\/wp-content\/uploads\/2025\/03\/site-logo.png","contentUrl":"https:\/\/www.hedesign.com\/wp-content\/uploads\/2025\/03\/site-logo.png","width":491,"height":508,"caption":"HEDES\u0130GN-HEDESIGN"},"image":{"@id":"https:\/\/www.hedesign.com\/#\/schema\/logo\/image\/"}}]}},"_links":{"self":[{"href":"https:\/\/www.hedesign.com\/en\/wp-json\/wp\/v2\/product\/4570","targetHints":{"allow":["GET"]}}],"collection":[{"href":"https:\/\/www.hedesign.com\/en\/wp-json\/wp\/v2\/product"}],"about":[{"href":"https:\/\/www.hedesign.com\/en\/wp-json\/wp\/v2\/types\/product"}],"replies":[{"embeddable":true,"href":"https:\/\/www.hedesign.com\/en\/wp-json\/wp\/v2\/comments?post=4570"}],"version-history":[{"count":0,"href":"https:\/\/www.hedesign.com\/en\/wp-json\/wp\/v2\/product\/4570\/revisions"}],"wp:featuredmedia":[{"embeddable":true,"href":"https:\/\/www.hedesign.com\/en\/wp-json\/wp\/v2\/media\/4277"}],"wp:attachment":[{"href":"https:\/\/www.hedesign.com\/en\/wp-json\/wp\/v2\/media?parent=4570"}],"wp:term":[{"taxonomy":"product_brand","embeddable":true,"href":"https:\/\/www.hedesign.com\/en\/wp-json\/wp\/v2\/product_brand?post=4570"},{"taxonomy":"product_cat","embeddable":true,"href":"https:\/\/www.hedesign.com\/en\/wp-json\/wp\/v2\/product_cat?post=4570"},{"taxonomy":"product_tag","embeddable":true,"href":"https:\/\/www.hedesign.com\/en\/wp-json\/wp\/v2\/product_tag?post=4570"}],"curies":[{"name":"wp","href":"https:\/\/api.w.org\/{rel}","templated":true}]}}