{"id":4574,"date":"2025-03-08T01:46:07","date_gmt":"2025-03-08T01:46:07","guid":{"rendered":"https:\/\/www.hedesign.com\/product\/arianna\/"},"modified":"2025-03-08T01:46:07","modified_gmt":"2025-03-08T01:46:07","slug":"arianna","status":"publish","type":"product","link":"https:\/\/www.hedesign.com\/en\/product\/arianna\/","title":{"rendered":"ARIANNA"},"content":{"rendered":"<p>Werten Sie Ihren Raum mit dem modernen Drehstuhl Arianna auf, einer perfekten Mischung aus Komfort und modernem Design. Mit einer luxuri\u00f6sen Kombination aus hochwertigem Kunstleder und weichem Webstoff bietet dieser Stuhl ein elegantes und zugleich gem\u00fctliches Sitzerlebnis.<\/p>\n<p>\u2714 Ergonomisches Design: hohe R\u00fcckenlehne und weicher Sitz f\u00fcr ultimativen Komfort<br \/>\n\u2714 360\u00b0-Drehfu\u00df: sanfte Rotation f\u00fcr flexible Bewegung<br \/>\n\u2714 Hochwertige Materialien: strapazierf\u00e4higes Kunstleder au\u00dfen und strukturierter Stoff innen<br \/>\n\u2714 Robuste Metallbeine: eleganter schwarzer Metallsockel sorgt f\u00fcr Stabilit\u00e4t und Stil<br \/>\n\u2714 Vielseitige Verwendung: ideal f\u00fcr Heimb\u00fcros, Esszimmer und Loungebereiche<\/p>\n<p>Bringen Sie Raffinesse in Ihr Zuhause oder Ihren Arbeitsbereich mit dieser stilvollen und funktionalen Sitzl\u00f6sung!<\/p>\n","protected":false},"excerpt":{"rendered":"<p>Eine perfekte Mischung aus Stil und Komfort, mit einem um 360\u00b0 drehbaren Fu\u00df, hochwertigen Kunstleder- und Stoffbez\u00fcgen und einem robusten Metallrahmen. Ideal f\u00fcr B\u00fcros, Esszimmer oder Loungebereiche.<\/p>\n","protected":false},"featured_media":4220,"comment_status":"open","ping_status":"closed","template":"","meta":[],"product_brand":[],"product_cat":[93],"product_tag":[],"class_list":{"0":"post-4574","1":"product","2":"type-product","3":"status-publish","4":"has-post-thumbnail","6":"product_cat-stoelen-en","8":"first","9":"instock","10":"shipping-taxable","11":"product-type-simple"},"yoast_head":"<!-- This site is optimized with the Yoast SEO plugin v27.0 - https:\/\/yoast.com\/product\/yoast-seo-wordpress\/ -->\n<title>ARIANNA - HEDES\u0130GN-HEDESIGN<\/title>\n<meta name=\"robots\" content=\"index, follow, max-snippet:-1, max-image-preview:large, max-video-preview:-1\" \/>\n<link rel=\"canonical\" href=\"https:\/\/www.hedesign.com\/product\/arianna\/\" \/>\n<meta property=\"og:locale\" content=\"en_US\" \/>\n<meta property=\"og:type\" content=\"article\" \/>\n<meta property=\"og:title\" content=\"ARIANNA - HEDES\u0130GN-HEDESIGN\" \/>\n<meta property=\"og:description\" content=\"Eine perfekte Mischung aus Stil und Komfort, mit einem um 360\u00b0 drehbaren Fu\u00df, hochwertigen Kunstleder- und Stoffbez\u00fcgen und einem robusten Metallrahmen. Ideal f\u00fcr B\u00fcros, Esszimmer oder Loungebereiche.\" \/>\n<meta property=\"og:url\" content=\"https:\/\/www.hedesign.com\/product\/arianna\/\" \/>\n<meta property=\"og:site_name\" content=\"HEDES\u0130GN-HEDESIGN\" \/>\n<meta property=\"og:image\" content=\"https:\/\/www.hedesign.com\/wp-content\/uploads\/2025\/03\/ARIANNA-.jpg\" \/>\n\t<meta property=\"og:image:width\" content=\"720\" \/>\n\t<meta property=\"og:image:height\" content=\"1080\" \/>\n\t<meta property=\"og:image:type\" content=\"image\/jpeg\" \/>\n<meta name=\"twitter:card\" content=\"summary_large_image\" \/>\n<meta name=\"twitter:label1\" content=\"Est. reading time\" \/>\n\t<meta name=\"twitter:data1\" content=\"1 minute\" \/>\n<script type=\"application\/ld+json\" class=\"yoast-schema-graph\">{\"@context\":\"https:\/\/schema.org\",\"@graph\":[{\"@type\":\"WebPage\",\"@id\":\"https:\/\/www.hedesign.com\/product\/arianna\/\",\"url\":\"https:\/\/www.hedesign.com\/product\/arianna\/\",\"name\":\"ARIANNA - HEDES\u0130GN-HEDESIGN\",\"isPartOf\":{\"@id\":\"https:\/\/www.hedesign.com\/#website\"},\"primaryImageOfPage\":{\"@id\":\"https:\/\/www.hedesign.com\/product\/arianna\/#primaryimage\"},\"image\":{\"@id\":\"https:\/\/www.hedesign.com\/product\/arianna\/#primaryimage\"},\"thumbnailUrl\":\"https:\/\/www.hedesign.com\/wp-content\/uploads\/2025\/03\/ARIANNA-.jpg\",\"datePublished\":\"2025-03-08T01:46:07+00:00\",\"breadcrumb\":{\"@id\":\"https:\/\/www.hedesign.com\/product\/arianna\/#breadcrumb\"},\"inLanguage\":\"en-US\",\"potentialAction\":[{\"@type\":\"ReadAction\",\"target\":[\"https:\/\/www.hedesign.com\/product\/arianna\/\"]}]},{\"@type\":\"ImageObject\",\"inLanguage\":\"en-US\",\"@id\":\"https:\/\/www.hedesign.com\/product\/arianna\/#primaryimage\",\"url\":\"https:\/\/www.hedesign.com\/wp-content\/uploads\/2025\/03\/ARIANNA-.jpg\",\"contentUrl\":\"https:\/\/www.hedesign.com\/wp-content\/uploads\/2025\/03\/ARIANNA-.jpg\",\"width\":720,\"height\":1080},{\"@type\":\"BreadcrumbList\",\"@id\":\"https:\/\/www.hedesign.com\/product\/arianna\/#breadcrumb\",\"itemListElement\":[{\"@type\":\"ListItem\",\"position\":1,\"name\":\"Startseite\",\"item\":\"https:\/\/www.hedesign.com\/\"},{\"@type\":\"ListItem\",\"position\":2,\"name\":\"Products\",\"item\":\"https:\/\/www.hedesign.com\/shop\/\"},{\"@type\":\"ListItem\",\"position\":3,\"name\":\"ARIANNA\"}]},{\"@type\":\"WebSite\",\"@id\":\"https:\/\/www.hedesign.com\/#website\",\"url\":\"https:\/\/www.hedesign.com\/\",\"name\":\"HEDES\u0130GN-HEDESIGN\",\"description\":\"\",\"publisher\":{\"@id\":\"https:\/\/www.hedesign.com\/#organization\"},\"potentialAction\":[{\"@type\":\"SearchAction\",\"target\":{\"@type\":\"EntryPoint\",\"urlTemplate\":\"https:\/\/www.hedesign.com\/?s={search_term_string}\"},\"query-input\":{\"@type\":\"PropertyValueSpecification\",\"valueRequired\":true,\"valueName\":\"search_term_string\"}}],\"inLanguage\":\"en-US\"},{\"@type\":\"Organization\",\"@id\":\"https:\/\/www.hedesign.com\/#organization\",\"name\":\"HEDES\u0130GN-HEDESIGN\",\"url\":\"https:\/\/www.hedesign.com\/\",\"logo\":{\"@type\":\"ImageObject\",\"inLanguage\":\"en-US\",\"@id\":\"https:\/\/www.hedesign.com\/#\/schema\/logo\/image\/\",\"url\":\"https:\/\/www.hedesign.com\/wp-content\/uploads\/2025\/03\/site-logo.png\",\"contentUrl\":\"https:\/\/www.hedesign.com\/wp-content\/uploads\/2025\/03\/site-logo.png\",\"width\":491,\"height\":508,\"caption\":\"HEDES\u0130GN-HEDESIGN\"},\"image\":{\"@id\":\"https:\/\/www.hedesign.com\/#\/schema\/logo\/image\/\"}}]}<\/script>\n<!-- \/ Yoast SEO plugin. -->","yoast_head_json":{"title":"ARIANNA - HEDES\u0130GN-HEDESIGN","robots":{"index":"index","follow":"follow","max-snippet":"max-snippet:-1","max-image-preview":"max-image-preview:large","max-video-preview":"max-video-preview:-1"},"canonical":"https:\/\/www.hedesign.com\/product\/arianna\/","og_locale":"en_US","og_type":"article","og_title":"ARIANNA - HEDES\u0130GN-HEDESIGN","og_description":"Eine perfekte Mischung aus Stil und Komfort, mit einem um 360\u00b0 drehbaren Fu\u00df, hochwertigen Kunstleder- und Stoffbez\u00fcgen und einem robusten Metallrahmen. Ideal f\u00fcr B\u00fcros, Esszimmer oder Loungebereiche.","og_url":"https:\/\/www.hedesign.com\/product\/arianna\/","og_site_name":"HEDES\u0130GN-HEDESIGN","og_image":[{"width":720,"height":1080,"url":"https:\/\/www.hedesign.com\/wp-content\/uploads\/2025\/03\/ARIANNA-.jpg","type":"image\/jpeg"}],"twitter_card":"summary_large_image","twitter_misc":{"Est. reading time":"1 minute"},"schema":{"@context":"https:\/\/schema.org","@graph":[{"@type":"WebPage","@id":"https:\/\/www.hedesign.com\/product\/arianna\/","url":"https:\/\/www.hedesign.com\/product\/arianna\/","name":"ARIANNA - HEDES\u0130GN-HEDESIGN","isPartOf":{"@id":"https:\/\/www.hedesign.com\/#website"},"primaryImageOfPage":{"@id":"https:\/\/www.hedesign.com\/product\/arianna\/#primaryimage"},"image":{"@id":"https:\/\/www.hedesign.com\/product\/arianna\/#primaryimage"},"thumbnailUrl":"https:\/\/www.hedesign.com\/wp-content\/uploads\/2025\/03\/ARIANNA-.jpg","datePublished":"2025-03-08T01:46:07+00:00","breadcrumb":{"@id":"https:\/\/www.hedesign.com\/product\/arianna\/#breadcrumb"},"inLanguage":"en-US","potentialAction":[{"@type":"ReadAction","target":["https:\/\/www.hedesign.com\/product\/arianna\/"]}]},{"@type":"ImageObject","inLanguage":"en-US","@id":"https:\/\/www.hedesign.com\/product\/arianna\/#primaryimage","url":"https:\/\/www.hedesign.com\/wp-content\/uploads\/2025\/03\/ARIANNA-.jpg","contentUrl":"https:\/\/www.hedesign.com\/wp-content\/uploads\/2025\/03\/ARIANNA-.jpg","width":720,"height":1080},{"@type":"BreadcrumbList","@id":"https:\/\/www.hedesign.com\/product\/arianna\/#breadcrumb","itemListElement":[{"@type":"ListItem","position":1,"name":"Startseite","item":"https:\/\/www.hedesign.com\/"},{"@type":"ListItem","position":2,"name":"Products","item":"https:\/\/www.hedesign.com\/shop\/"},{"@type":"ListItem","position":3,"name":"ARIANNA"}]},{"@type":"WebSite","@id":"https:\/\/www.hedesign.com\/#website","url":"https:\/\/www.hedesign.com\/","name":"HEDES\u0130GN-HEDESIGN","description":"","publisher":{"@id":"https:\/\/www.hedesign.com\/#organization"},"potentialAction":[{"@type":"SearchAction","target":{"@type":"EntryPoint","urlTemplate":"https:\/\/www.hedesign.com\/?s={search_term_string}"},"query-input":{"@type":"PropertyValueSpecification","valueRequired":true,"valueName":"search_term_string"}}],"inLanguage":"en-US"},{"@type":"Organization","@id":"https:\/\/www.hedesign.com\/#organization","name":"HEDES\u0130GN-HEDESIGN","url":"https:\/\/www.hedesign.com\/","logo":{"@type":"ImageObject","inLanguage":"en-US","@id":"https:\/\/www.hedesign.com\/#\/schema\/logo\/image\/","url":"https:\/\/www.hedesign.com\/wp-content\/uploads\/2025\/03\/site-logo.png","contentUrl":"https:\/\/www.hedesign.com\/wp-content\/uploads\/2025\/03\/site-logo.png","width":491,"height":508,"caption":"HEDES\u0130GN-HEDESIGN"},"image":{"@id":"https:\/\/www.hedesign.com\/#\/schema\/logo\/image\/"}}]}},"_links":{"self":[{"href":"https:\/\/www.hedesign.com\/en\/wp-json\/wp\/v2\/product\/4574","targetHints":{"allow":["GET"]}}],"collection":[{"href":"https:\/\/www.hedesign.com\/en\/wp-json\/wp\/v2\/product"}],"about":[{"href":"https:\/\/www.hedesign.com\/en\/wp-json\/wp\/v2\/types\/product"}],"replies":[{"embeddable":true,"href":"https:\/\/www.hedesign.com\/en\/wp-json\/wp\/v2\/comments?post=4574"}],"version-history":[{"count":0,"href":"https:\/\/www.hedesign.com\/en\/wp-json\/wp\/v2\/product\/4574\/revisions"}],"wp:featuredmedia":[{"embeddable":true,"href":"https:\/\/www.hedesign.com\/en\/wp-json\/wp\/v2\/media\/4220"}],"wp:attachment":[{"href":"https:\/\/www.hedesign.com\/en\/wp-json\/wp\/v2\/media?parent=4574"}],"wp:term":[{"taxonomy":"product_brand","embeddable":true,"href":"https:\/\/www.hedesign.com\/en\/wp-json\/wp\/v2\/product_brand?post=4574"},{"taxonomy":"product_cat","embeddable":true,"href":"https:\/\/www.hedesign.com\/en\/wp-json\/wp\/v2\/product_cat?post=4574"},{"taxonomy":"product_tag","embeddable":true,"href":"https:\/\/www.hedesign.com\/en\/wp-json\/wp\/v2\/product_tag?post=4574"}],"curies":[{"name":"wp","href":"https:\/\/api.w.org\/{rel}","templated":true}]}}